{"id":977,"date":"2017-07-02T16:38:42","date_gmt":"2017-07-02T14:38:42","guid":{"rendered":"https:\/\/www.sacatec.fr\/sacatec-caoutchouc-technologique\/"},"modified":"2025-08-19T14:32:47","modified_gmt":"2025-08-19T12:32:47","slug":"sacatec-caoutchouc-technologique","status":"publish","type":"page","link":"https:\/\/sacatec.fr\/it\/","title":{"rendered":"LA GOMMA TECNOLOGICA"},"content":{"rendered":"<p>&nbsp;<\/p>\n<div id=\"slideraccueil\"><div id=\"layerslider_7_1kkk7m9nvz32r\" class=\"ls-wp-container fitvidsignore\" style=\"width:1440px;height:840px;max-width:1440px;margin:0 auto;margin-bottom: 0px;\"><div class=\"ls-slide\" data-ls=\"bgsize:auto;bgposition:50% 50%;duration:4000;transition2d:5;transitionduration:800;\"><img loading=\"lazy\" decoding=\"async\" width=\"1440\" height=\"834\" src=\"https:\/\/sacatec.fr\/wp-content\/uploads\/2018\/04\/sacatec-ferroviaire-caoutchouc.jpg\" class=\"ls-l ls-img-layer\" alt=\"Sacatec ferroviaire\" srcset=\"https:\/\/sacatec.fr\/wp-content\/uploads\/2018\/04\/sacatec-ferroviaire-caoutchouc.jpg 1440w, https:\/\/sacatec.fr\/wp-content\/uploads\/2018\/04\/sacatec-ferroviaire-caoutchouc-300x174.jpg 300w, https:\/\/sacatec.fr\/wp-content\/uploads\/2018\/04\/sacatec-ferroviaire-caoutchouc-768x445.jpg 768w, https:\/\/sacatec.fr\/wp-content\/uploads\/2018\/04\/sacatec-ferroviaire-caoutchouc-1030x597.jpg 1030w, https:\/\/sacatec.fr\/wp-content\/uploads\/2018\/04\/sacatec-ferroviaire-caoutchouc-705x408.jpg 705w, https:\/\/sacatec.fr\/wp-content\/uploads\/2018\/04\/sacatec-ferroviaire-caoutchouc-450x261.jpg 450w\" sizes=\"auto, (max-width: 1440px) 100vw, 1440px\" style=\"top:0x;left:0px;width:1440px;height:840px;\" data-ls=\"position:relative;\"><img loading=\"lazy\" decoding=\"async\" width=\"530\" height=\"239\" src=\"https:\/\/sacatec.fr\/wp-content\/uploads\/2017\/12\/rectangle-blanc-1.jpg\" class=\"ls-l ls-img-layer\" alt=\"\" srcset=\"https:\/\/sacatec.fr\/wp-content\/uploads\/2017\/12\/rectangle-blanc-1.jpg 530w, https:\/\/sacatec.fr\/wp-content\/uploads\/2017\/12\/rectangle-blanc-1-300x135.jpg 300w, https:\/\/sacatec.fr\/wp-content\/uploads\/2017\/12\/rectangle-blanc-1-450x203.jpg 450w\" sizes=\"auto, (max-width: 530px) 100vw, 530px\" style=\"opacity: 0.5;top:50px;left:151px;\" data-ls=\"hover:true;position:relative;\"><h2 style=\"top:625px;left:150px;font-weight:600;font-size:40px;color:#ffffff;font-family:Helvetica;\" class=\"ls-l ls-text-layer\" data-ls=\"position:relative;\">FERROVIE<\/h2><h2 style=\"top:148px;left:200px;font-weight:500;font-size:48px;color:#64696e;font-family:Helvetica;\" class=\"ls-l ls-text-layer\" data-ls=\"position:relative;\">TECNOLOGICA<\/h2><h2 style=\"top:88px;left:200px;font-weight:500;font-size:48px;color:#64696e;font-family:Helvetica;\" class=\"ls-l ls-text-layer\" data-ls=\"position:relative;\">LA GOMMA<\/h2><h2 style=\"top:209px;left:200px;font-weight:500;font-size:48px;color:#ed1248;font-family:Helvetica;\" class=\"ls-l ls-text-layer\" data-ls=\"position:relative;\">CONTROLLATA<\/h2><\/div><div class=\"ls-slide\" data-ls=\"duration:4000;transition2d:5;transitionduration:800;\"><img loading=\"lazy\" decoding=\"async\" width=\"1440\" height=\"834\" src=\"https:\/\/sacatec.fr\/wp-content\/uploads\/2018\/04\/sacatec-hydrolique-caoutchouc.jpg\" class=\"ls-l ls-img-layer\" alt=\"Sacatec hydrolique\" srcset=\"https:\/\/sacatec.fr\/wp-content\/uploads\/2018\/04\/sacatec-hydrolique-caoutchouc.jpg 1440w, https:\/\/sacatec.fr\/wp-content\/uploads\/2018\/04\/sacatec-hydrolique-caoutchouc-300x174.jpg 300w, https:\/\/sacatec.fr\/wp-content\/uploads\/2018\/04\/sacatec-hydrolique-caoutchouc-768x445.jpg 768w, https:\/\/sacatec.fr\/wp-content\/uploads\/2018\/04\/sacatec-hydrolique-caoutchouc-1030x597.jpg 1030w, https:\/\/sacatec.fr\/wp-content\/uploads\/2018\/04\/sacatec-hydrolique-caoutchouc-705x408.jpg 705w, https:\/\/sacatec.fr\/wp-content\/uploads\/2018\/04\/sacatec-hydrolique-caoutchouc-450x261.jpg 450w\" sizes=\"auto, (max-width: 1440px) 100vw, 1440px\" style=\"top:0px;left:0px;width:1440px;height:840px;\" data-ls=\"position:relative;\"><img loading=\"lazy\" decoding=\"async\" width=\"530\" height=\"239\" src=\"https:\/\/sacatec.fr\/wp-content\/uploads\/2017\/12\/rectangle-blanc-1.jpg\" class=\"ls-l ls-img-layer\" alt=\"\" srcset=\"https:\/\/sacatec.fr\/wp-content\/uploads\/2017\/12\/rectangle-blanc-1.jpg 530w, https:\/\/sacatec.fr\/wp-content\/uploads\/2017\/12\/rectangle-blanc-1-300x135.jpg 300w, https:\/\/sacatec.fr\/wp-content\/uploads\/2017\/12\/rectangle-blanc-1-450x203.jpg 450w\" sizes=\"auto, (max-width: 530px) 100vw, 530px\" style=\"opacity: 0.7;top:50px;left:150px;\" data-ls=\"position:relative;\"><h3 style=\"top:625px;left:150px;font-weight:600;font-size:40px;color:#ffffff;font-family:Helvetica;\" class=\"ls-l homeslide2h1 ls-text-layer\" data-ls=\"position:relative;\">IDRAULICA<\/h3><h2 style=\"top:88px;left:200px;font-weight:500;font-size:48px;color:#64696e;font-family:Helvetica;\" class=\"ls-l ls-text-layer\" data-ls=\"position:relative;\">LA GOMMA<\/h2><h2 style=\"top:148px;left:200px;font-weight:500;font-size:48px;color:#64696e;font-family:Helvetica;\" class=\"ls-l ls-text-layer\" data-ls=\"position:relative;\">TECNOLOGICA<\/h2><h2 style=\"top:209px;left:200px;font-weight:500;font-size:48px;color:#ED1248;font-family:Helvetica;\" class=\"ls-l ls-text-layer\" data-ls=\"position:relative;\">CREATIVA<\/h2><\/div><div class=\"ls-slide\" data-ls=\"duration:4000;transition2d:5;transitionduration:800;\"><img loading=\"lazy\" decoding=\"async\" width=\"1440\" height=\"834\" src=\"https:\/\/sacatec.fr\/wp-content\/uploads\/2018\/04\/sacatec-travaux-caoutchouc.jpg\" class=\"ls-l ls-img-layer\" alt=\"Sacatec, travaux publics\" srcset=\"https:\/\/sacatec.fr\/wp-content\/uploads\/2018\/04\/sacatec-travaux-caoutchouc.jpg 1440w, https:\/\/sacatec.fr\/wp-content\/uploads\/2018\/04\/sacatec-travaux-caoutchouc-300x174.jpg 300w, https:\/\/sacatec.fr\/wp-content\/uploads\/2018\/04\/sacatec-travaux-caoutchouc-768x445.jpg 768w, https:\/\/sacatec.fr\/wp-content\/uploads\/2018\/04\/sacatec-travaux-caoutchouc-1030x597.jpg 1030w, https:\/\/sacatec.fr\/wp-content\/uploads\/2018\/04\/sacatec-travaux-caoutchouc-705x408.jpg 705w, https:\/\/sacatec.fr\/wp-content\/uploads\/2018\/04\/sacatec-travaux-caoutchouc-450x261.jpg 450w\" sizes=\"auto, (max-width: 1440px) 100vw, 1440px\" style=\"top:0px;left:0px;width:1440px;height:840px;\" data-ls=\"position:relative;\"><img loading=\"lazy\" decoding=\"async\" width=\"530\" height=\"239\" src=\"https:\/\/sacatec.fr\/wp-content\/uploads\/2017\/12\/rectangle-blanc-1.jpg\" class=\"ls-l ls-img-layer\" alt=\"\" srcset=\"https:\/\/sacatec.fr\/wp-content\/uploads\/2017\/12\/rectangle-blanc-1.jpg 530w, https:\/\/sacatec.fr\/wp-content\/uploads\/2017\/12\/rectangle-blanc-1-300x135.jpg 300w, https:\/\/sacatec.fr\/wp-content\/uploads\/2017\/12\/rectangle-blanc-1-450x203.jpg 450w\" sizes=\"auto, (max-width: 530px) 100vw, 530px\" style=\"opacity: 0.5;top:50px;left:150px;\" data-ls=\"position:relative;\"><h3 style=\"top:625px;left:150px;font-weight:600;font-style:normal;font-size:40px;color:#ffffff;font-family:Helvetica;\" class=\"ls-l ls-text-layer\" data-ls=\"position:relative;\">MACCHINE OPERATRICI<\/h3><h2 style=\"top:88px;left:200px;font-weight:500;font-size:48px;color:#64696e;font-family:Helvetica;\" class=\"ls-l ls-text-layer\" data-ls=\"position:relative;\">LA GOMMA<\/h2><h2 style=\"top:148px;left:200px;font-weight:500;font-size:48px;color:#64696e;font-family:Helvetica;\" class=\"ls-l ls-text-layer\" data-ls=\"position:relative;\">TECNOLOGICA<\/h2><h3 style=\"top:209px;left:200px;font-weight:500;font-size:48px;color:#ED1248;font-family:Helvetica;\" class=\"ls-l ls-text-layer\" data-ls=\"position:relative;\">DURATURA<\/h3><\/div><div class=\"ls-slide\" data-ls=\"duration:4000;transition2d:5;transitionduration:800;\"><img loading=\"lazy\" decoding=\"async\" width=\"1440\" height=\"834\" src=\"https:\/\/sacatec.fr\/wp-content\/uploads\/2018\/04\/sacatec-defense-caoutchouc.jpg\" class=\"ls-l ls-img-layer\" alt=\"Sacatec d\u00e9fense\" srcset=\"https:\/\/sacatec.fr\/wp-content\/uploads\/2018\/04\/sacatec-defense-caoutchouc.jpg 1440w, https:\/\/sacatec.fr\/wp-content\/uploads\/2018\/04\/sacatec-defense-caoutchouc-300x174.jpg 300w, https:\/\/sacatec.fr\/wp-content\/uploads\/2018\/04\/sacatec-defense-caoutchouc-768x445.jpg 768w, https:\/\/sacatec.fr\/wp-content\/uploads\/2018\/04\/sacatec-defense-caoutchouc-1030x597.jpg 1030w, https:\/\/sacatec.fr\/wp-content\/uploads\/2018\/04\/sacatec-defense-caoutchouc-705x408.jpg 705w, https:\/\/sacatec.fr\/wp-content\/uploads\/2018\/04\/sacatec-defense-caoutchouc-450x261.jpg 450w\" sizes=\"auto, (max-width: 1440px) 100vw, 1440px\" style=\"top:0px;left:0px;width:1440px;height:840px;\" data-ls=\"position:relative;\"><img loading=\"lazy\" decoding=\"async\" width=\"530\" height=\"239\" src=\"https:\/\/sacatec.fr\/wp-content\/uploads\/2017\/12\/rectangle-blanc-1.jpg\" class=\"ls-l ls-img-layer\" alt=\"\" srcset=\"https:\/\/sacatec.fr\/wp-content\/uploads\/2017\/12\/rectangle-blanc-1.jpg 530w, https:\/\/sacatec.fr\/wp-content\/uploads\/2017\/12\/rectangle-blanc-1-300x135.jpg 300w, https:\/\/sacatec.fr\/wp-content\/uploads\/2017\/12\/rectangle-blanc-1-450x203.jpg 450w\" sizes=\"auto, (max-width: 530px) 100vw, 530px\" style=\"opacity: 0.7;top:50px;left:150px;\" data-ls=\"position:relative;\"><h3 style=\"top:625px;left:150px;font-size:40px;color:#ffffff;font-family:Helvetica;\" class=\"ls-l ls-text-layer\" data-ls=\"position:relative;\">DIFESA<\/h3><h2 style=\"top:88px;left:200px;font-weight:500;font-size:48px;color:#64696e;font-family:Helvetica;\" class=\"ls-l ls-text-layer\" data-ls=\"position:relative;\">LA GOMMA<\/h2><h2 style=\"top:148px;left:200px;font-weight:500;font-size:48px;color:#64696e;font-family:Helvetica;\" class=\"ls-l ls-text-layer\" data-ls=\"position:relative;\">TECNOLOGICA<\/h2><h3 style=\"top:209px;left:200px;font-weight:500;font-size:48px;color:#ed1248;font-family:Helvetica;\" class=\"ls-l ls-text-layer\" data-ls=\"position:relative;\">OTTIMIZZATA<\/h3><\/div><\/div><\/div>\n<div class=\"stopfloat\"><\/div>\n<div id=\"intro\">\n<div id=\"lepositionnement\">\n<h2>SACATEC: L&#8217;ECCELLENZA NEL CAMPO DEI PEZZI DI RICAMBIO IN GOMMA TECNOLOGICA<\/h2>\n<p>Da oltre 60 anni, il Gruppo SACATEC rappresenta uno dei principali attori della gomma tecnologica in Francia. Ideatore di mescole con un forte valore aggiunto e al tempo stesso creatore di componenti stampati in gomma. Il gruppo offre una produzione di alta qualit\u00e0 a industrie particolarmente esigenti, come quella aerospaziale, dell&#8217;armamento o ferroviaria<\/p>\n<\/div>\n<div id=\"actu-accueil\">\n<h3>\n<a href=\"https:\/\/sacatec.fr\/en\/news\/\">Clicca qui per<br \/>\ntutte le ultime novit\u00e0<br \/>\ndel Gruppo SACATEC<\/a><\/h3>\n<\/div>\n<\/div>\n<div class=\"stopfloat\"><\/div>\n<div id=\"video\">\n<h2>INNOVAZIONE, DURABILIT\u00c0 &#038; ECCELLENZA: scoprite come perfezioniamo la gomma di alta qualit\u00e0 dal 1960<\/h2>\n<div class=\"yt-container\" data-id=\"5aYq82klwTs\">\n<img decoding=\"async\" class=\"yt-thumb img-responsive\" src=\"\/wp-content\/uploads\/2025\/07\/yt-thumb-sacatec.png\"><br \/>\n<span class=\"play-btn\">\u25b6<\/span>\n<\/div>\n<p><a href=\"https:\/\/sacatec.fr\/it\/moyens-techniques\/\">\u2039 Per saperne di pi\u00f9 sulla nostra esperienza \u203a<\/a><\/p>\n<\/div>\n<div id=\"groupe\">\n<div class=\"h2groupe\">\n<h2>Il gruppo SACATEC<br \/>\nPOLI TECNOLOGICI IN SINERGIA<\/h2>\n<\/div>\n<div class=\"stopfloat\"><\/div>\n<div class=\"h3groupe\">\n<div class=\"h3sacatec\">\n<h3>SACATEC<\/h3>\n<h4>PROGETTAZIONE<\/h4>\n<p>Polo di creazione di componenti stampati in gomma (Studio di ricerca)<\/p>\n<\/div>\n<div class=\"h3saf\">\n<h3>SAF<br \/>\nSACATEC<\/h3>\n<h4>CHIMICA<br \/>\nPRODUZIONI TECNICHE<\/h4>\n<p>Polo di progettazione di mescole di gomma e soluzioni su misura. Il nostro stabilimento di produzione di componenti stampati in gomma, piccole e medie serie.<\/p>\n<\/div>\n<div class=\"h3equipement\">\n<h3>SACATEC<br \/>\n\u00c9QUIPEMENT<\/h3>\n<h4>AMBIENTE<\/h4>\n<p>Il nostro centro studi di progettazione e fabbricazione per l&#8217;installazione di sistemi di depurazione di garage e officine (estrazione dei fumi).<\/p>\n<p><a href=\"http:\/\/www.sacatecequipement.com\" target=\"_blank\" rel=\"noopener\"> \u2039 Saperne di pi\u00f9 \u203a<\/a><\/p>\n<\/div>\n<div class=\"h3spencer\">\n<h3>SPENCER<br \/>\nMOULTON<\/h3>\n<h4>FERROVIE<\/h4>\n<p>Costituita nel 1848, Spencer Moulton \u00e8 specializzata nella stampa di articoli di gomma di alta tecnologia per il Ferroviario e l&#8217;Industria Militare.<\/p>\n<p><a href=\"https:\/\/spencermoulton.com\/\" target=\"_blank\" rel=\"noopener\"> \u2039 Saperne di pi\u00f9 \u203a<\/a><\/p>\n<\/div>\n<\/div>\n<\/div>\n<div class=\"stopfloat\"><\/div>\n<div id=\"chiffres\">\n<div class=\"h2chiffres\">\n<h2 class=\"leschiffres\">Le cifre<\/h2>\n<\/div>\n<div class=\"stopfloat\"><\/div>\n<div class=\"tsleschiffres\">\n<div class=\"chiffres1\">\n<p>19,6 M\u20ac<br \/>\ndi fatturato annuale<\/p>\n<p>158<br \/>\ndipendenti<\/p>\n<p>800.000<br \/>\npezzi prodotti<br \/>\nogni anno<\/p>\n<\/div>\n<div class=\"chiffres2\">\n<p>Esportazione in<br \/>\n45 paesi<\/p>\n<p>Oltre<br \/>\n3.700 codici<\/p>\n<\/div>\n<div class=\"chiffres3\">\n<p>36 presse<br \/>\na compressione<\/p>\n<\/div>\n<div class=\"chiffres4\">\n<p>11 presse<br \/>\na iniezione<\/p>\n<\/div>\n<div class=\"chiffres5\">\n<p>400 tonnellate<br \/>\nprodotte ogni anno<br \/>\ne 300 tipi di mescole:<br \/>\n<span class=\"chiffrenorme\">HNBR, EPDM, NR, SBR, NBR, CR, IIR, ECO, PUR, FKM &#038; AEM<\/span><br \/>\n<span class=\"chiffrenorme2\">alcune compatibili PMUC.<\/span><\/p>\n<\/div>\n<\/div>\n<\/div>\n<div class=\"stopfloat\"><\/div>\n<div id=\"dates\">\n<div class=\"h2dates\">\n<h2>Le date fondamentali<\/h2>\n<p>1960 Fondazione di SACATEC<\/p>\n<p class=\"h2datesp2\">1970 Apertura della sede a Claye-Souilly<\/p>\n<p>1977 Prima certificazione di Qualit\u00e0 (Difesa, SIAR\/RAQ3)<\/p>\n<p class=\"h2datesp2\">1984 Acquisizione di Jadet \u2013 Fondazione di Sacatec Equipement<\/p>\n<p>2003 Certificazione ISO 9001<\/p>\n<p class=\"h2datesp2\">2010 Certificazione EN9100<\/p>\n<p>2015 Calandra a 3 cilindri e nuova pressa a iniezione dall&#8217;alto, Maplan \u2013 320T<\/p>\n<p class=\"h2datesp2\">2017 Acquisizione dell&#8217;attivit\u00e0 sacche di Rotadyne (USA)<\/p>\n<p>2018 Acquisizione di Spencer Moulton<\/p>\n<\/div>\n<\/div>\n<div class=\"stopfloat\"><\/div>\n<div id=\"filetpartenaires\"><\/div>\n<div id=\"partenaires\">\n<div class=\"h2partenaires\">\n<h2 class=\"lespartenaires\">I nostri partner<\/h2>\n<p class=\"logospartenaires1\">F\u00e9d\u00e9ration des Industries Ferroviaires<\/p>\n<p class=\"logospartenaires2\">Eden<\/p>\n<p class=\"logospartenaires3\">Elastopole<\/p>\n<\/div>\n<\/div>\n","protected":false},"excerpt":{"rendered":"<p>&nbsp; SACATEC: L&#8217;ECCELLENZA NEL CAMPO DEI PEZZI DI RICAMBIO IN GOMMA TECNOLOGICA Da oltre 60 anni, il Gruppo SACATEC rappresenta uno dei principali attori della gomma tecnologica in Francia. Ideatore di mescole con un forte valore aggiunto e al tempo stesso creatore di componenti stampati in gomma. Il gruppo offre una produzione di alta qualit\u00e0 [&hellip;]<\/p>\n","protected":false},"author":1,"featured_media":0,"parent":0,"menu_order":0,"comment_status":"closed","ping_status":"closed","template":"","meta":{"footnotes":""},"class_list":["post-977","page","type-page","status-publish","hentry"],"yoast_head":"<!-- This site is optimized with the Yoast SEO plugin v25.9 - https:\/\/yoast.com\/wordpress\/plugins\/seo\/ -->\n<title>SACATEC - Le caoutchouc technologique haute performances<\/title>\n<meta name=\"description\" content=\"SACATEC se positionne comme l\u2019un des acteurs majeurs du caoutchouc technologique en France. \u00c0 la fois concepteur de m\u00e9langes et cr\u00e9ateur de pi\u00e8ces moul\u00e9es en caoutchouc, le groupe d\u00e9livre une production de haute tenue \u00e0 des industries aussi exigeantes que l\u2019a\u00e9rospatial, l\u2019armement ou le ferroviaire.\" \/>\n<meta name=\"robots\" content=\"index, follow, max-snippet:-1, max-image-preview:large, max-video-preview:-1\" \/>\n<link rel=\"canonical\" href=\"https:\/\/sacatec.fr\/it\/\" \/>\n<meta property=\"og:locale\" content=\"it_IT\" \/>\n<meta property=\"og:type\" content=\"article\" \/>\n<meta property=\"og:title\" content=\"SACATEC - Le caoutchouc technologique haute performances\" \/>\n<meta property=\"og:description\" content=\"SACATEC se positionne comme l\u2019un des acteurs majeurs du caoutchouc technologique en France. \u00c0 la fois concepteur de m\u00e9langes et cr\u00e9ateur de pi\u00e8ces moul\u00e9es en caoutchouc, le groupe d\u00e9livre une production de haute tenue \u00e0 des industries aussi exigeantes que l\u2019a\u00e9rospatial, l\u2019armement ou le ferroviaire.\" \/>\n<meta property=\"og:url\" content=\"https:\/\/sacatec.fr\/it\/\" \/>\n<meta property=\"og:site_name\" content=\"sacatec.fr\" \/>\n<meta property=\"article:modified_time\" content=\"2025-08-19T12:32:47+00:00\" \/>\n<meta name=\"twitter:card\" content=\"summary_large_image\" \/>\n<meta name=\"twitter:label1\" content=\"Tempo di lettura stimato\" \/>\n\t<meta name=\"twitter:data1\" content=\"2 minuti\" \/>\n<script type=\"application\/ld+json\" class=\"yoast-schema-graph\">{\"@context\":\"https:\/\/schema.org\",\"@graph\":[{\"@type\":\"WebPage\",\"@id\":\"https:\/\/sacatec.fr\/it\/\",\"url\":\"https:\/\/sacatec.fr\/it\/\",\"name\":\"SACATEC - Le caoutchouc technologique haute performances\",\"isPartOf\":{\"@id\":\"https:\/\/sacatec.fr\/#website\"},\"datePublished\":\"2017-07-02T14:38:42+00:00\",\"dateModified\":\"2025-08-19T12:32:47+00:00\",\"description\":\"SACATEC se positionne comme l\u2019un des acteurs majeurs du caoutchouc technologique en France. \u00c0 la fois concepteur de m\u00e9langes et cr\u00e9ateur de pi\u00e8ces moul\u00e9es en caoutchouc, le groupe d\u00e9livre une production de haute tenue \u00e0 des industries aussi exigeantes que l\u2019a\u00e9rospatial, l\u2019armement ou le ferroviaire.\",\"breadcrumb\":{\"@id\":\"https:\/\/sacatec.fr\/it\/#breadcrumb\"},\"inLanguage\":\"it-IT\",\"potentialAction\":[{\"@type\":\"ReadAction\",\"target\":[\"https:\/\/sacatec.fr\/it\/\"]}]},{\"@type\":\"BreadcrumbList\",\"@id\":\"https:\/\/sacatec.fr\/it\/#breadcrumb\",\"itemListElement\":[{\"@type\":\"ListItem\",\"position\":1,\"name\":\"Accueil\",\"item\":\"https:\/\/sacatec.fr\/it\/\"},{\"@type\":\"ListItem\",\"position\":2,\"name\":\"LA GOMMA TECNOLOGICA\"}]},{\"@type\":\"WebSite\",\"@id\":\"https:\/\/sacatec.fr\/#website\",\"url\":\"https:\/\/sacatec.fr\/\",\"name\":\"sacatec.fr\",\"description\":\"LE CAOUTCHOUC TECHNOLOGIQUE\",\"publisher\":{\"@id\":\"https:\/\/sacatec.fr\/#organization\"},\"potentialAction\":[{\"@type\":\"SearchAction\",\"target\":{\"@type\":\"EntryPoint\",\"urlTemplate\":\"https:\/\/sacatec.fr\/?s={search_term_string}\"},\"query-input\":{\"@type\":\"PropertyValueSpecification\",\"valueRequired\":true,\"valueName\":\"search_term_string\"}}],\"inLanguage\":\"it-IT\"},{\"@type\":\"Organization\",\"@id\":\"https:\/\/sacatec.fr\/#organization\",\"name\":\"Sacatec\",\"url\":\"https:\/\/sacatec.fr\/\",\"logo\":{\"@type\":\"ImageObject\",\"inLanguage\":\"it-IT\",\"@id\":\"https:\/\/sacatec.fr\/#\/schema\/logo\/image\/\",\"url\":\"https:\/\/www.sacatec.fr\/wp-content\/uploads\/2017\/07\/logo-sacatec.jpg\",\"contentUrl\":\"https:\/\/www.sacatec.fr\/wp-content\/uploads\/2017\/07\/logo-sacatec.jpg\",\"width\":506,\"height\":162,\"caption\":\"Sacatec\"},\"image\":{\"@id\":\"https:\/\/sacatec.fr\/#\/schema\/logo\/image\/\"}}]}<\/script>\n<!-- \/ Yoast SEO plugin. -->","yoast_head_json":{"title":"SACATEC - Le caoutchouc technologique haute performances","description":"SACATEC se positionne comme l\u2019un des acteurs majeurs du caoutchouc technologique en France. \u00c0 la fois concepteur de m\u00e9langes et cr\u00e9ateur de pi\u00e8ces moul\u00e9es en caoutchouc, le groupe d\u00e9livre une production de haute tenue \u00e0 des industries aussi exigeantes que l\u2019a\u00e9rospatial, l\u2019armement ou le ferroviaire.","robots":{"index":"index","follow":"follow","max-snippet":"max-snippet:-1","max-image-preview":"max-image-preview:large","max-video-preview":"max-video-preview:-1"},"canonical":"https:\/\/sacatec.fr\/it\/","og_locale":"it_IT","og_type":"article","og_title":"SACATEC - Le caoutchouc technologique haute performances","og_description":"SACATEC se positionne comme l\u2019un des acteurs majeurs du caoutchouc technologique en France. \u00c0 la fois concepteur de m\u00e9langes et cr\u00e9ateur de pi\u00e8ces moul\u00e9es en caoutchouc, le groupe d\u00e9livre une production de haute tenue \u00e0 des industries aussi exigeantes que l\u2019a\u00e9rospatial, l\u2019armement ou le ferroviaire.","og_url":"https:\/\/sacatec.fr\/it\/","og_site_name":"sacatec.fr","article_modified_time":"2025-08-19T12:32:47+00:00","twitter_card":"summary_large_image","twitter_misc":{"Tempo di lettura stimato":"2 minuti"},"schema":{"@context":"https:\/\/schema.org","@graph":[{"@type":"WebPage","@id":"https:\/\/sacatec.fr\/it\/","url":"https:\/\/sacatec.fr\/it\/","name":"SACATEC - Le caoutchouc technologique haute performances","isPartOf":{"@id":"https:\/\/sacatec.fr\/#website"},"datePublished":"2017-07-02T14:38:42+00:00","dateModified":"2025-08-19T12:32:47+00:00","description":"SACATEC se positionne comme l\u2019un des acteurs majeurs du caoutchouc technologique en France. \u00c0 la fois concepteur de m\u00e9langes et cr\u00e9ateur de pi\u00e8ces moul\u00e9es en caoutchouc, le groupe d\u00e9livre une production de haute tenue \u00e0 des industries aussi exigeantes que l\u2019a\u00e9rospatial, l\u2019armement ou le ferroviaire.","breadcrumb":{"@id":"https:\/\/sacatec.fr\/it\/#breadcrumb"},"inLanguage":"it-IT","potentialAction":[{"@type":"ReadAction","target":["https:\/\/sacatec.fr\/it\/"]}]},{"@type":"BreadcrumbList","@id":"https:\/\/sacatec.fr\/it\/#breadcrumb","itemListElement":[{"@type":"ListItem","position":1,"name":"Accueil","item":"https:\/\/sacatec.fr\/it\/"},{"@type":"ListItem","position":2,"name":"LA GOMMA TECNOLOGICA"}]},{"@type":"WebSite","@id":"https:\/\/sacatec.fr\/#website","url":"https:\/\/sacatec.fr\/","name":"sacatec.fr","description":"LE CAOUTCHOUC TECHNOLOGIQUE","publisher":{"@id":"https:\/\/sacatec.fr\/#organization"},"potentialAction":[{"@type":"SearchAction","target":{"@type":"EntryPoint","urlTemplate":"https:\/\/sacatec.fr\/?s={search_term_string}"},"query-input":{"@type":"PropertyValueSpecification","valueRequired":true,"valueName":"search_term_string"}}],"inLanguage":"it-IT"},{"@type":"Organization","@id":"https:\/\/sacatec.fr\/#organization","name":"Sacatec","url":"https:\/\/sacatec.fr\/","logo":{"@type":"ImageObject","inLanguage":"it-IT","@id":"https:\/\/sacatec.fr\/#\/schema\/logo\/image\/","url":"https:\/\/www.sacatec.fr\/wp-content\/uploads\/2017\/07\/logo-sacatec.jpg","contentUrl":"https:\/\/www.sacatec.fr\/wp-content\/uploads\/2017\/07\/logo-sacatec.jpg","width":506,"height":162,"caption":"Sacatec"},"image":{"@id":"https:\/\/sacatec.fr\/#\/schema\/logo\/image\/"}}]}},"_links":{"self":[{"href":"https:\/\/sacatec.fr\/it\/wp-json\/wp\/v2\/pages\/977","targetHints":{"allow":["GET"]}}],"collection":[{"href":"https:\/\/sacatec.fr\/it\/wp-json\/wp\/v2\/pages"}],"about":[{"href":"https:\/\/sacatec.fr\/it\/wp-json\/wp\/v2\/types\/page"}],"author":[{"embeddable":true,"href":"https:\/\/sacatec.fr\/it\/wp-json\/wp\/v2\/users\/1"}],"replies":[{"embeddable":true,"href":"https:\/\/sacatec.fr\/it\/wp-json\/wp\/v2\/comments?post=977"}],"version-history":[{"count":13,"href":"https:\/\/sacatec.fr\/it\/wp-json\/wp\/v2\/pages\/977\/revisions"}],"predecessor-version":[{"id":2183,"href":"https:\/\/sacatec.fr\/it\/wp-json\/wp\/v2\/pages\/977\/revisions\/2183"}],"wp:attachment":[{"href":"https:\/\/sacatec.fr\/it\/wp-json\/wp\/v2\/media?parent=977"}],"curies":[{"name":"wp","href":"https:\/\/api.w.org\/{rel}","templated":true}]}}