{"id":944,"date":"2017-07-03T09:16:45","date_gmt":"2017-07-03T07:16:45","guid":{"rendered":"https:\/\/www.sacatec.fr\/vessies-caoutchouc-membranes-plots-soufflets\/"},"modified":"2018-09-04T16:36:03","modified_gmt":"2018-09-04T14:36:03","slug":"vessies-caoutchouc-membranes-plots-soufflets","status":"publish","type":"page","link":"https:\/\/sacatec.fr\/it\/vessies-caoutchouc-membranes-plots-soufflets\/","title":{"rendered":"Prodotti"},"content":{"rendered":"<div id=\"vessies\">\n<div class=\"vessies1\">\n<div class=\"vessiestextes\">\n<h2>Sacche idrauliche<\/h2>\n<\/div>\n<div class=\"vessiestextes2\">\n<p><strong>Sacatec \u00e8 il leader mondiale nel campo delle sacche idrauliche.<\/strong><\/p>\n<p>La sua produzione di alta qualit\u00e0, in commercio da oltre 20 anni, \u00e8 riconosciuta dai principali fabbricanti di accumulatori.<br \/>\nL&#8217;ampia gamma di sacche \u00e8 suddivisa per taglie (capacit\u00e0 da 0,1 litri a 575 litri) e per la qualit\u00e0 dei loro elastomeri, determinati in funzione dei fluidi e delle temperature.<br \/>\nTra le loro caratteristiche: <strong>impermeabilit\u00e0 ai gas, perfetta tenuta negli intervalli di temperatura importanti&#8230;<\/strong><\/p>\n<p>Queste sacche idrauliche in gomma vengono utilizzate e omologate per diversi settori d&#8217;attivit\u00e0: aeronautica, petrolifero, militare, eolico&#8230;<\/strong><\/p>\n<\/div>\n<div class=\"vessiesvisu\"><\/div>\n<\/p><\/div>\n<\/div>\n<div class=\"stopfloat\"><\/div>\n<div id=\"membranes\">\n<div class=\"membranes1\">\n<div class=\"membranestextes\">\n<h2>Membrane in gomma<\/h2>\n<\/div>\n<div class=\"membranestextes2\">\n<p>Sacatec ha sviluppato una competenza speciale nei componenti in gomma a parete sottile unendo un&#8217;elevata resistenza meccanica alle flessioni ripetute con la resistenza alla permeazione, caratteristiche entrambe richieste nel settore idraulico.<br \/>\nPer gli altri settori sono state invece progettate delle membrane in gomma con caratteristiche differenti.<br \/>\nL&#8217;azienda produce <strong>membrane idrauliche in gomma per martelli.<\/strong> Soggette a vibrazioni molto elevate, offrono un&#8217;eccellente durata di vita e un ottimo livello di tenuta. Per questo \u00e8 stata messa a punto una mescola adatta ai lavori faticosi e resistente agli urti.<\/p>\n<\/div>\n<div class=\"membranesvisu\"><\/div>\n<\/div>\n<\/div>\n<div class=\"stopfloat\"><\/div>\n<div id=\"metal\">\n<div class=\"metal1\">\n<div class=\"metaltextes\">\n<h2>SUPPORTI ANTIVIBRANTI IN GOMMA E METALLO<\/h2>\n<\/div>\n<div class=\"metaltextes2\">\n<p>Sacatec \u00e8 <strong>specializzata nella creazione e nella produzione di componenti in gomma e metallo,<\/strong> per questo realizza degli antivibranti per i carrelli ferroviari. L&#8217;azienda ha sviluppato delle mescole specifiche al fine di soddisfare le esigenze del settore: durata di vita, resistenza alle sollecitazioni meccaniche e sicurezza. <\/p>\n<p>Sacatec ha una lunga esperienza nella progettazione e nella produzione <strong>di supporti antivibranti per veicoli particolari e macchine operatrici<\/strong>\u00a0come i tappi antivibranti per compattatori, i quali possono essere montati su diversi veicoli.<\/p>\n<p>Per quanto riguarda <strong>i supporti antivibranti in gomma e metallo per i materiali agricoli,<\/strong> Sacatec ha ottimizzato la loro geometria e messo a punto un&#8217;aderenza su inserti in poliammide al fine di aumentarne la durata di vita.<\/p>\n<\/div>\n<div class=\"metalvisu\"><\/div>\n<\/div>\n<\/div>\n<div class=\"stopfloat\"><\/div>\n<div id=\"soufflets\">\n<div class=\"soufflets1\">\n<div class=\"souffletstextes\">\n<h2>SOFFIETTI<\/h2>\n<\/div>\n<div class=\"souffletstextes2\">\n<p>Grazie alle sue competenze nello sviluppo di mescole di gomma e la stampa di componenti sottili assieme alla sua esperienza nel campo delle sacche, SACATEC domina la progettazione e la produzione di soffietti di forme complesse soggette ai severi requisiti dell&#8217;industria ferroviaria, degli armamenti, ecc.<br \/>\nL&#8217;azienda ha sviluppato mescole specifiche e una cosiddetta geometria cosiddetta adattabile, che consente di montare un soffietto in diverse configurazioni.<br \/>\nInfine, la mescola di gomma possiede eccellenti qualit\u00e0 di adattabilit\u00e0 a basse temperature, resistenza agli urti e all&#8217;abrasione, nonch\u00e9 un comportamento eccellente nei confronti di fattori esterni come ozono, raggi UV, pioggia &#8230;<\/p>\n<\/div>\n<div class=\"souffletsvisu\"><\/div>\n<\/div>\n<\/div>\n<div class=\"stopfloat\"><\/div>\n<div id=\"articulations\">\n<div class=\"articulations1\">\n<div class=\"articulationstextes\">\n<h2>ARTICOLAZIONI ELASTICHE IN GOMMA<\/h2>\n<\/div>\n<div class=\"articulationstextes2\">\n<p>Sacatec possiede eccezionali competenze nella progettazione di articolazioni elastiche.<br \/>\nSviluppate e prodotte per settori di attivit\u00e0 tanto vari quanto impegnativi come:<br \/>\n&#8211; Macchine agricole;<br \/>\n&#8211; Industria dell&#8217;automobile;<br \/>\n&#8211; Ferroviario;<br \/>\n&#8211; Apparecchiature industriali;<br \/>\nper un isolamento dalle oscillazione efficace e affidabile.<\/p>\n<\/div>\n<div class=\"articulationsvisu\"><\/div>\n<\/div>\n<\/div>\n<div class=\"stopfloat\"><\/div>\n<div id=\"amortisseurs\">\n<div class=\"amortisseurs1\">\n<div class=\"amortisseurstextes\">\n<h2>AMMORTIZZATORI IN GOMMA E METALLO<\/h2>\n<div class=\"amortisseurstextes2\">\n<p>Sacatec produce <strong>ammortizzatori<\/strong> in gomma e metallo per macchinari e semirimorchi.<br \/>\nQuesti componenti offrono una spiccata resistenza alla deformazione provocata dalle sollecitazioni.<\/p>\n<p>L&#8217;azienda produce inoltre <strong>respingenti e smorzatori progressivi.<\/strong><\/p>\n<\/div>\n<div class=\"amortisseursvisu\"><\/div>\n<\/div>\n<\/div>\n<\/div>\n<div class=\"stopfloat\"><\/div>\n<div id=\"patins\">\n<div class=\"patins1\">\n<div class=\"patinstextes\">\n<h2>PATTINI IN GOMMA PER MACCHINE OPERATRICI<\/h2>\n<\/div>\n<div class=\"patinstextes2\">\n<p>Sacatec produce pattini in gomma per macchine operatrici a cingoli su strada. Le mescole di gomma ideate per fabbricare questi pattini permettono una maggiore resistenza all&#8217;abrasione, alla lacerazione, al carico, alle temperature (asfalto caldo) e ai detergenti. Anche la sua geometria \u00e8 studiata per offrire la migliore stabilit\u00e0 possibile e la massima durata.<br \/>\nQuesti pattini in gomma permettono non solo di proteggere la strada, ma anche di limitare l&#8217;inquinamento acustico.<\/p>\n<\/div>\n<div class=\"patinsvisu\"><\/div>\n<\/div>\n<\/div>\n<div class=\"stopfloat\"><\/div>\n<div id=\"joints\">\n<div class=\"joints1\">\n<div class=\"jointstextes\">\n<h2>GUARNIZIONI SAGOMATE IN GOMMA<\/h2>\n<\/div>\n<div class=\"jointstextes2\">\n<p><strong>Le guarnizioni in gomma per macchine blindate<\/strong> prodotte da Sacatec offrono una tenuta ottimale, una grande durata in qualsiasi condizione lavorativa e una perfetta resistenza alle temperature. Per la loro creazione \u00e8 stato necessario ottimizzare il loro profilo e sviluppare una specifica mescola elastomerica.<br \/>\nSacatec produce delle guarnizioni di gomma lineari in grado di raggiungere una lunghezza di 4 metri.<br \/>\nParticolarit\u00e0: la precisione della geometria, qualit\u00e0 della tenuta e grande durata.<\/p>\n<\/div>\n<div class=\"jointsvisu\"><\/div>\n<\/div>\n<\/div>\n<div class=\"stopfloat\"><\/div>\n<div id=\"bouchons\">\n<div class=\"bouchons1\">\n<div class=\"bouchonstextes\">\n<h2>TAPPI DI CEMENTAZIONE IN GOMMA<\/h2>\n<\/div>\n<div class=\"bouchonstextes2\">\n<p>I tappi di cementazione dei pozzi petroliferi prodotti da Sacatec offrono una tenuta costante e resistente a sforzi molto importanti, liquami aggressivi, forti pressioni e temperature elevate.<br \/>\nLo studio di questo tappo in gomma ha richiesto circa un anno e un consistente investimento finanziario per progettare un componente complesso con una geometria ottimizzata.<\/p>\n<\/div>\n<div class=\"bouchonsvisu\"><\/div>\n<\/div>\n<\/div>\n<\/div>\n<div class=\"stopfloat\"><\/div>\n<div id=\"tuyaux\">\n<div class=\"tuyaux1\">\n<div class=\"tuyauxtextes\">\n<h2>TUBI TUBANO IN GOMMA<\/h2>\n<\/div>\n<div class=\"tuyauxtextes2\">\n<p>I tubi in gomma Tubano servono per l&#8217;estrazione dei gas di scarico nei garage e dei materiali per la bonifica industriale. Questi tubi in gomma sono prodotti grazie ad una tecnica originale che permette di presentare una struttura performante e caratteristiche eccezionali in flessione e in ripresa dopo lo schiacciamento.<br \/>\nSono integrati e distribuiti da <a class=\"sacatecequipement\" href=\"http:\/\/www.sacatecequipement.com\/\" target=\"_blank\">SACATEC EQUIPEMENT<\/a>.<\/p>\n<\/div>\n<div class=\"tuyauxvisu\"><\/div>\n<\/div>\n<\/div>\n<div class=\"stopfloat\"><\/div>\n<div id=\"melanges\">\n<div class=\"melanges1\">\n<div class=\"melangestextes\">\n<h2>MESCOLE SU RICHIESTA<\/h2>\n<\/div>\n<div class=\"melangestextes2\">\n<p>Forti delle proprie competenze e della sua esperienza nella formulazione di mescole di gomma specifiche da oltre 50 anni, SACATEC progetta e realizza mescole di gomma cruda in grado di rispondere alle particolari esigenze dei suoi clienti.<br \/>\nIl nostro laboratorio e i nostri chimici hanno, a titolo esemplificativo, sviluppato delle mescole per applicazioni in diversi settori.<br \/>\n\u2022 Eccellente resistenza alle temperature estreme<br \/>\n\u2022 Eccellente resistenza alle aggressioni chimiche<br \/>\n\u2022 Elevata durezza per suole di scarpe<br \/>\n\u2022 Elevata resistenza all&#8217;abrasione per reti filtranti<br \/>\n\u2022 Mescola isolante per sovrastampaggio presa elettrica<br \/>\n\u2022 Mescola caricata per la protezione dalle radiazioni<br \/>\n\u2022 Mescola colorata e ad alta densit\u00e0 caricata con particelle metalliche per vano portaoggetti.<br \/>\nQueste miscele sono consegnate nei formati che offrono la migliore integrazione possibile nella produzione del prodotto finale dei nostri clienti.<\/p>\n<\/div>\n<div class=\"melangesvisu\"><\/div>\n<\/div>\n<\/div>\n","protected":false},"excerpt":{"rendered":"<p>Sacche idrauliche Sacatec \u00e8 il leader mondiale nel campo delle sacche idrauliche. La sua produzione di alta qualit\u00e0, in commercio da oltre 20 anni, \u00e8 riconosciuta dai principali fabbricanti di accumulatori. L&#8217;ampia gamma di sacche \u00e8 suddivisa per taglie (capacit\u00e0 da 0,1 litri a 575 litri) e per la qualit\u00e0 dei loro elastomeri, determinati in [&hellip;]<\/p>\n","protected":false},"author":1,"featured_media":0,"parent":0,"menu_order":0,"comment_status":"closed","ping_status":"closed","template":"","meta":{"footnotes":""},"class_list":["post-944","page","type-page","status-publish","hentry"],"yoast_head":"<!-- This site is optimized with the Yoast SEO plugin v25.9 - https:\/\/yoast.com\/wordpress\/plugins\/seo\/ -->\n<title>SACATEC - Pi\u00e8ces en caoutchouc moul\u00e9 de haute technologie<\/title>\n<meta name=\"description\" content=\"Sacatec con\u00e7oit et fabrique des pi\u00e8ces en caoutchouc moul\u00e9 telles que : soufflets, membranes, vessies, plots antivibratoires, jpoints, et autres demandes sur \u00e9tude. Sacatec r\u00e9alise ses m\u00e9langes caoutchouc sur ses propres formulations.\" \/>\n<meta name=\"robots\" content=\"index, follow, max-snippet:-1, max-image-preview:large, max-video-preview:-1\" \/>\n<link rel=\"canonical\" href=\"https:\/\/sacatec.fr\/it\/vessies-caoutchouc-membranes-plots-soufflets\/\" \/>\n<meta property=\"og:locale\" content=\"it_IT\" \/>\n<meta property=\"og:type\" content=\"article\" \/>\n<meta property=\"og:title\" content=\"SACATEC - Pi\u00e8ces en caoutchouc moul\u00e9 de haute technologie\" \/>\n<meta property=\"og:description\" content=\"Sacatec con\u00e7oit et fabrique des pi\u00e8ces en caoutchouc moul\u00e9 telles que : soufflets, membranes, vessies, plots antivibratoires, jpoints, et autres demandes sur \u00e9tude. Sacatec r\u00e9alise ses m\u00e9langes caoutchouc sur ses propres formulations.\" \/>\n<meta property=\"og:url\" content=\"https:\/\/sacatec.fr\/it\/vessies-caoutchouc-membranes-plots-soufflets\/\" \/>\n<meta property=\"og:site_name\" content=\"sacatec.fr\" \/>\n<meta property=\"article:modified_time\" content=\"2018-09-04T14:36:03+00:00\" \/>\n<meta name=\"twitter:card\" content=\"summary_large_image\" \/>\n<meta name=\"twitter:label1\" content=\"Tempo di lettura stimato\" \/>\n\t<meta name=\"twitter:data1\" content=\"4 minuti\" \/>\n<script type=\"application\/ld+json\" class=\"yoast-schema-graph\">{\"@context\":\"https:\/\/schema.org\",\"@graph\":[{\"@type\":\"WebPage\",\"@id\":\"https:\/\/sacatec.fr\/it\/vessies-caoutchouc-membranes-plots-soufflets\/\",\"url\":\"https:\/\/sacatec.fr\/it\/vessies-caoutchouc-membranes-plots-soufflets\/\",\"name\":\"SACATEC - Pi\u00e8ces en caoutchouc moul\u00e9 de haute technologie\",\"isPartOf\":{\"@id\":\"https:\/\/sacatec.fr\/#website\"},\"datePublished\":\"2017-07-03T07:16:45+00:00\",\"dateModified\":\"2018-09-04T14:36:03+00:00\",\"description\":\"Sacatec con\u00e7oit et fabrique des pi\u00e8ces en caoutchouc moul\u00e9 telles que : soufflets, membranes, vessies, plots antivibratoires, jpoints, et autres demandes sur \u00e9tude. Sacatec r\u00e9alise ses m\u00e9langes caoutchouc sur ses propres formulations.\",\"breadcrumb\":{\"@id\":\"https:\/\/sacatec.fr\/it\/vessies-caoutchouc-membranes-plots-soufflets\/#breadcrumb\"},\"inLanguage\":\"it-IT\",\"potentialAction\":[{\"@type\":\"ReadAction\",\"target\":[\"https:\/\/sacatec.fr\/it\/vessies-caoutchouc-membranes-plots-soufflets\/\"]}]},{\"@type\":\"BreadcrumbList\",\"@id\":\"https:\/\/sacatec.fr\/it\/vessies-caoutchouc-membranes-plots-soufflets\/#breadcrumb\",\"itemListElement\":[{\"@type\":\"ListItem\",\"position\":1,\"name\":\"Accueil\",\"item\":\"https:\/\/sacatec.fr\/it\/\"},{\"@type\":\"ListItem\",\"position\":2,\"name\":\"Prodotti\"}]},{\"@type\":\"WebSite\",\"@id\":\"https:\/\/sacatec.fr\/#website\",\"url\":\"https:\/\/sacatec.fr\/\",\"name\":\"sacatec.fr\",\"description\":\"LE CAOUTCHOUC TECHNOLOGIQUE\",\"publisher\":{\"@id\":\"https:\/\/sacatec.fr\/#organization\"},\"potentialAction\":[{\"@type\":\"SearchAction\",\"target\":{\"@type\":\"EntryPoint\",\"urlTemplate\":\"https:\/\/sacatec.fr\/?s={search_term_string}\"},\"query-input\":{\"@type\":\"PropertyValueSpecification\",\"valueRequired\":true,\"valueName\":\"search_term_string\"}}],\"inLanguage\":\"it-IT\"},{\"@type\":\"Organization\",\"@id\":\"https:\/\/sacatec.fr\/#organization\",\"name\":\"Sacatec\",\"url\":\"https:\/\/sacatec.fr\/\",\"logo\":{\"@type\":\"ImageObject\",\"inLanguage\":\"it-IT\",\"@id\":\"https:\/\/sacatec.fr\/#\/schema\/logo\/image\/\",\"url\":\"https:\/\/www.sacatec.fr\/wp-content\/uploads\/2017\/07\/logo-sacatec.jpg\",\"contentUrl\":\"https:\/\/www.sacatec.fr\/wp-content\/uploads\/2017\/07\/logo-sacatec.jpg\",\"width\":506,\"height\":162,\"caption\":\"Sacatec\"},\"image\":{\"@id\":\"https:\/\/sacatec.fr\/#\/schema\/logo\/image\/\"}}]}<\/script>\n<!-- \/ Yoast SEO plugin. -->","yoast_head_json":{"title":"SACATEC - Pi\u00e8ces en caoutchouc moul\u00e9 de haute technologie","description":"Sacatec con\u00e7oit et fabrique des pi\u00e8ces en caoutchouc moul\u00e9 telles que : soufflets, membranes, vessies, plots antivibratoires, jpoints, et autres demandes sur \u00e9tude. Sacatec r\u00e9alise ses m\u00e9langes caoutchouc sur ses propres formulations.","robots":{"index":"index","follow":"follow","max-snippet":"max-snippet:-1","max-image-preview":"max-image-preview:large","max-video-preview":"max-video-preview:-1"},"canonical":"https:\/\/sacatec.fr\/it\/vessies-caoutchouc-membranes-plots-soufflets\/","og_locale":"it_IT","og_type":"article","og_title":"SACATEC - Pi\u00e8ces en caoutchouc moul\u00e9 de haute technologie","og_description":"Sacatec con\u00e7oit et fabrique des pi\u00e8ces en caoutchouc moul\u00e9 telles que : soufflets, membranes, vessies, plots antivibratoires, jpoints, et autres demandes sur \u00e9tude. Sacatec r\u00e9alise ses m\u00e9langes caoutchouc sur ses propres formulations.","og_url":"https:\/\/sacatec.fr\/it\/vessies-caoutchouc-membranes-plots-soufflets\/","og_site_name":"sacatec.fr","article_modified_time":"2018-09-04T14:36:03+00:00","twitter_card":"summary_large_image","twitter_misc":{"Tempo di lettura stimato":"4 minuti"},"schema":{"@context":"https:\/\/schema.org","@graph":[{"@type":"WebPage","@id":"https:\/\/sacatec.fr\/it\/vessies-caoutchouc-membranes-plots-soufflets\/","url":"https:\/\/sacatec.fr\/it\/vessies-caoutchouc-membranes-plots-soufflets\/","name":"SACATEC - Pi\u00e8ces en caoutchouc moul\u00e9 de haute technologie","isPartOf":{"@id":"https:\/\/sacatec.fr\/#website"},"datePublished":"2017-07-03T07:16:45+00:00","dateModified":"2018-09-04T14:36:03+00:00","description":"Sacatec con\u00e7oit et fabrique des pi\u00e8ces en caoutchouc moul\u00e9 telles que : soufflets, membranes, vessies, plots antivibratoires, jpoints, et autres demandes sur \u00e9tude. Sacatec r\u00e9alise ses m\u00e9langes caoutchouc sur ses propres formulations.","breadcrumb":{"@id":"https:\/\/sacatec.fr\/it\/vessies-caoutchouc-membranes-plots-soufflets\/#breadcrumb"},"inLanguage":"it-IT","potentialAction":[{"@type":"ReadAction","target":["https:\/\/sacatec.fr\/it\/vessies-caoutchouc-membranes-plots-soufflets\/"]}]},{"@type":"BreadcrumbList","@id":"https:\/\/sacatec.fr\/it\/vessies-caoutchouc-membranes-plots-soufflets\/#breadcrumb","itemListElement":[{"@type":"ListItem","position":1,"name":"Accueil","item":"https:\/\/sacatec.fr\/it\/"},{"@type":"ListItem","position":2,"name":"Prodotti"}]},{"@type":"WebSite","@id":"https:\/\/sacatec.fr\/#website","url":"https:\/\/sacatec.fr\/","name":"sacatec.fr","description":"LE CAOUTCHOUC TECHNOLOGIQUE","publisher":{"@id":"https:\/\/sacatec.fr\/#organization"},"potentialAction":[{"@type":"SearchAction","target":{"@type":"EntryPoint","urlTemplate":"https:\/\/sacatec.fr\/?s={search_term_string}"},"query-input":{"@type":"PropertyValueSpecification","valueRequired":true,"valueName":"search_term_string"}}],"inLanguage":"it-IT"},{"@type":"Organization","@id":"https:\/\/sacatec.fr\/#organization","name":"Sacatec","url":"https:\/\/sacatec.fr\/","logo":{"@type":"ImageObject","inLanguage":"it-IT","@id":"https:\/\/sacatec.fr\/#\/schema\/logo\/image\/","url":"https:\/\/www.sacatec.fr\/wp-content\/uploads\/2017\/07\/logo-sacatec.jpg","contentUrl":"https:\/\/www.sacatec.fr\/wp-content\/uploads\/2017\/07\/logo-sacatec.jpg","width":506,"height":162,"caption":"Sacatec"},"image":{"@id":"https:\/\/sacatec.fr\/#\/schema\/logo\/image\/"}}]}},"_links":{"self":[{"href":"https:\/\/sacatec.fr\/it\/wp-json\/wp\/v2\/pages\/944","targetHints":{"allow":["GET"]}}],"collection":[{"href":"https:\/\/sacatec.fr\/it\/wp-json\/wp\/v2\/pages"}],"about":[{"href":"https:\/\/sacatec.fr\/it\/wp-json\/wp\/v2\/types\/page"}],"author":[{"embeddable":true,"href":"https:\/\/sacatec.fr\/it\/wp-json\/wp\/v2\/users\/1"}],"replies":[{"embeddable":true,"href":"https:\/\/sacatec.fr\/it\/wp-json\/wp\/v2\/comments?post=944"}],"version-history":[{"count":1,"href":"https:\/\/sacatec.fr\/it\/wp-json\/wp\/v2\/pages\/944\/revisions"}],"predecessor-version":[{"id":1328,"href":"https:\/\/sacatec.fr\/it\/wp-json\/wp\/v2\/pages\/944\/revisions\/1328"}],"wp:attachment":[{"href":"https:\/\/sacatec.fr\/it\/wp-json\/wp\/v2\/media?parent=944"}],"curies":[{"name":"wp","href":"https:\/\/api.w.org\/{rel}","templated":true}]}}