{"id":914,"date":"2017-07-03T09:09:00","date_gmt":"2017-07-03T07:09:00","guid":{"rendered":"https:\/\/www.sacatec.fr\/caoutchouc-defense-ferroviaire-hydraulique-industrie\/"},"modified":"2025-03-14T09:21:45","modified_gmt":"2025-03-14T08:21:45","slug":"caoutchouc-defense-ferroviaire-hydraulique-industrie","status":"publish","type":"page","link":"https:\/\/sacatec.fr\/it\/caoutchouc-defense-ferroviaire-hydraulique-industrie\/","title":{"rendered":"Campi di applicazione"},"content":{"rendered":"<div id=\"ferroviaire\">\n<div class=\"visuferroviaire\"><\/div>\n<div class=\"texteferroviaire\">\n<h2 class=\"h2ferroviaire\">FERROVIE<\/h2>\n<p class=\"pferroviaire\"><span>&gt;<\/span> I componenti stampati in gomma fabbricati da Sacatec per il settore ferroviario sono numerosi e riconosciuti da anni: parti e sistemi antivibranti, elementi di tenuta, membrane incollate, &#8230;<br \/>\n\t     &nbsp;<br \/>\n             <span>&gt;<\/span> Fornitore da oltre 40 anni Membro della FIF (F\u00e9d\u00e9ration des Industries Ferroviaires). I prodotti SACATEC soddisfano i bisogni dei clienti in termini di: durata di vita, impermeabilit\u00e0, resistenza all&#8217;abrasione, ai prodotti chimici, alle vibrazioni, ad alte e basse temperature, autoestinguibilit\u00e0 e abilitazione fiamme\/fumi.<\/p>\n<\/p><\/div>\n<\/div>\n<div class=\"stopfloat\"><\/div>\n<div id=\"hydrolique\">\n<div class=\"visuhydrolique\"><\/div>\n<div class=\"textehydrolique\">\n<h2 class=\"h2hydrolique\">IDRAULICA<\/h2>\n<p class=\"phydrolique\"><span>&gt;<\/span> Per soddisfare le specificit\u00e0 delle aziende del settore idraulico, Sacatec realizza sacche e membrane molto sottili in grado di resistere agli agenti chimici e di rispondere perfettamente alle problematiche legate alla separazione degli ambienti fluido\/gas, nonch\u00e9 anelli antiestrusione.<br \/>\n             &nbsp;<br \/>\n             <span>&gt;<\/span> Sacatec \u00e8 il leader mondiale del settore.<\/p>\n<\/p><\/div>\n<\/div>\n<div class=\"stopfloat\"><\/div>\n<div id=\"travaux\">\n<div class=\"visutravaux\"><\/div>\n<div class=\"textetravaux\">\n<h2 class=\"h2travaux\">MACCHINE OPERATRICI<\/h2>\n<p class=\"ptravaux\"><span>&gt;<\/span> La progettazione e la produzione <strong>di componenti stampati in gomma<\/strong> (spesso di grandi dimensioni) affidabili e altamente resistenti all&#8217;usura, allo sforzo, all&#8217;abrasione o agli idrocarburi sono le caratteristiche principali delle soluzioni che Sacatec implementa per i propri clienti impegnati nel settore delle macchine operatrici.<br \/>\n             &nbsp;<br \/>\n             <span>&gt;<\/span> Tutti i componenti in gomma prodotti per il settore delle macchine operatrici rispondono alle norme di tutela dell&#8217;ambiente: <strong>pattini per vibrofinitrici, pattini per cingoli, membrane idrauliche, supporti motore, ammortizzatori, antivibranti per rulli\u2026<\/strong><\/p>\n<\/p><\/div>\n<\/div>\n<div class=\"stopfloat\"><\/div>\n<div id=\"defense\">\n<div class=\"visudefense\"><\/div>\n<div class=\"textedefense\">\n<h2 class=\"h2defense\">DIFESA<\/h2>\n<p class=\"pdefense\"><span>&gt;<\/span> Per quanto riguarda il settore Difesa, nel settore Aeronautico, Terrestre e Navale, Sacatec progetta e fabbrica <strong>componenti in gomma su misura<\/strong> altamente affidabili, capaci soprattutto di resistere alle alte temperature, all&#8217;abrasione, alle forti vibrazioni, ecc&#8230;<br \/>\n<br \/>\n\u2022 Sacche per salvagenti lanciati da elicotteri<br \/>\n\u2022 Ancoraggi per sistemi missilistici<br \/>\n<strong>\u2022 Guarnizioni per episcopio<br \/>\n\u2022 Rulli di sostegno per carri<br \/>\n\u2022 Guarnizioni per mirini infrarossi<br \/>\n\u2022 Protezioni termiche per missili<br \/>\n\u2022 Membrane di sospensione per carri<br \/>\n\u2022 Soffietti di tenuta per portaerei<br \/>\n\u2022 Supporti antivibranti per VBL.<\/strong><\/p>\n<\/p><\/div>\n<\/div>\n<div class=\"stopfloat\"><\/div>\n<div id=\"industriels\">\n<div class=\"visuindustriels\"><\/div>\n<div class=\"texteindustriels\">\n<h2 class=\"h2industriels\">APPARECCHIATURE INDUSTRIALI<\/h2>\n<p class=\"pindustriels\"><span>&gt;<\/span> Sacatec \u00e8 presente in diversi settori di attrezzature industriali, navali, elettriche &#8230;<br \/>\n&nbsp;<br \/>\n             <span>&gt;<\/span> L&#8217;azienda conosce le specificit\u00e0 dei componenti in gomma destinati alle apparecchiature portuali: <strong>cuccette, valvole di scarico, soffietti con iniettori, &#8230; con resistenza agli sforzi elevati, controllo dell&#8217;invecchiamento e raccordi in gomma-metallo capaci di offrire la maggiore sicurezza in termini di durata nell&#8217;ambiente marino.<\/strong><br \/>\nSacatec \u00e8 inoltre consapevole delle particolarit\u00e0 dell&#8217;industria elettrica per la quale progetta componenti in gomma caratterizzati da mescole isolanti o conduttive: respingenti, soffietti, tasche, giunti elastici, silent-block, &#8230;<\/strong><\/p>\n<\/p><\/div>\n<\/div>\n<div class=\"stopfloat\"><\/div>\n<div id=\"agricoles\">\n<div class=\"visuagricoles\"><\/div>\n<div class=\"texteagricoles\">\n<h2 class=\"h2agricoles\">APPARECCHIATURE AGRICOLE<\/h2>\n<p class=\"pagricoles\"><span>&gt;<\/span> Sacatec possiede una lunga esperienza nel settore agricolo e agroalimentare.<br \/>\n&nbsp;<br \/>\n             <span>&gt;<\/span> Tutti i numerosi componenti in gomma progettati da Sacatec, spesso simili a quelli indirizzati alle macchine operatrici e messi a punto dietro richiesta dei suoi clienti, rispondono agli <strong>elevati criteri di robustezza e affidabilit\u00e0: supporti antivibranti, articolazioni, &#8230;<\/strong><\/p>\n<\/p><\/div>\n<\/div>\n<div class=\"stopfloat\"><\/div>\n<div id=\"petrolier\">\n<div class=\"visupetrolier\"><\/div>\n<div class=\"textepetrolier\">\n<h2 class=\"h2petrolier\">PETROLIFERO<\/h2>\n<p class=\"ppetrolier\">Le aziende che operano nel settore della perforazione petrolifera sanno di poter contare su Sacatec <strong>per creare componenti in gomma personalizzati<\/strong> in grado di soddisfare le loro necessit\u00e0 in merito a: <strong>problemi di tenuta, ambiente chimico severo e aggressivo , resistenza alle alte temperature, sollecitazioni estreme, &#8230;<\/strong><br \/>\n&nbsp;<br \/>\nLa qualit\u00e0 delle soluzioni messe a punto dall&#8217;azienda \u00e8 inoltre riconosciuta dai suoi clienti che acquistano le mescole direttamente da Sacatec.<br \/>\n&nbsp;<br \/>\n<strong>Il tappo di cementazione per pozzi petroliferi, componente estremamente tecnico,<\/strong> \u00e8 uno dei prodotti in gomma pi\u00f9 rappresentativi di Sacatec per quanto riguarda il settore petrolifero.<\/strong><\/p>\n<\/p><\/div>\n<\/div>\n","protected":false},"excerpt":{"rendered":"<p>FERROVIE &gt; I componenti stampati in gomma fabbricati da Sacatec per il settore ferroviario sono numerosi e riconosciuti da anni: parti e sistemi antivibranti, elementi di tenuta, membrane incollate, &#8230; &nbsp; &gt; Fornitore da oltre 40 anni Membro della FIF (F\u00e9d\u00e9ration des Industries Ferroviaires). I prodotti SACATEC soddisfano i bisogni dei clienti in termini di: [&hellip;]<\/p>\n","protected":false},"author":1,"featured_media":0,"parent":0,"menu_order":0,"comment_status":"closed","ping_status":"closed","template":"","meta":{"footnotes":""},"class_list":["post-914","page","type-page","status-publish","hentry"],"yoast_head":"<!-- This site is optimized with the Yoast SEO plugin v25.9 - https:\/\/yoast.com\/wordpress\/plugins\/seo\/ -->\n<title>SACATEC - Pi\u00e8ces moul\u00e9es en caoutchouc de haute performance.<\/title>\n<meta name=\"description\" content=\"Sacatec con\u00e7oit des pi\u00e8ces en caoutchouc moul\u00e9es de haute technologie pour des domaines exigeants comme le ferroviaire, la d\u00e9fense, l&#039;hydraulique, etc. Cr\u00e9ation, formulation, production.\" \/>\n<meta name=\"robots\" content=\"index, follow, max-snippet:-1, max-image-preview:large, max-video-preview:-1\" \/>\n<link rel=\"canonical\" href=\"https:\/\/sacatec.fr\/it\/caoutchouc-defense-ferroviaire-hydraulique-industrie\/\" \/>\n<meta property=\"og:locale\" content=\"it_IT\" \/>\n<meta property=\"og:type\" content=\"article\" \/>\n<meta property=\"og:title\" content=\"SACATEC - Pi\u00e8ces moul\u00e9es en caoutchouc de haute performance.\" \/>\n<meta property=\"og:description\" content=\"Sacatec con\u00e7oit des pi\u00e8ces en caoutchouc moul\u00e9es de haute technologie pour des domaines exigeants comme le ferroviaire, la d\u00e9fense, l&#039;hydraulique, etc. Cr\u00e9ation, formulation, production.\" \/>\n<meta property=\"og:url\" content=\"https:\/\/sacatec.fr\/it\/caoutchouc-defense-ferroviaire-hydraulique-industrie\/\" \/>\n<meta property=\"og:site_name\" content=\"sacatec.fr\" \/>\n<meta property=\"article:modified_time\" content=\"2025-03-14T08:21:45+00:00\" \/>\n<meta name=\"twitter:card\" content=\"summary_large_image\" \/>\n<meta name=\"twitter:label1\" content=\"Tempo di lettura stimato\" \/>\n\t<meta name=\"twitter:data1\" content=\"3 minuti\" \/>\n<script type=\"application\/ld+json\" class=\"yoast-schema-graph\">{\"@context\":\"https:\/\/schema.org\",\"@graph\":[{\"@type\":\"WebPage\",\"@id\":\"https:\/\/sacatec.fr\/it\/caoutchouc-defense-ferroviaire-hydraulique-industrie\/\",\"url\":\"https:\/\/sacatec.fr\/it\/caoutchouc-defense-ferroviaire-hydraulique-industrie\/\",\"name\":\"SACATEC - Pi\u00e8ces moul\u00e9es en caoutchouc de haute performance.\",\"isPartOf\":{\"@id\":\"https:\/\/sacatec.fr\/#website\"},\"datePublished\":\"2017-07-03T07:09:00+00:00\",\"dateModified\":\"2025-03-14T08:21:45+00:00\",\"description\":\"Sacatec con\u00e7oit des pi\u00e8ces en caoutchouc moul\u00e9es de haute technologie pour des domaines exigeants comme le ferroviaire, la d\u00e9fense, l'hydraulique, etc. Cr\u00e9ation, formulation, production.\",\"breadcrumb\":{\"@id\":\"https:\/\/sacatec.fr\/it\/caoutchouc-defense-ferroviaire-hydraulique-industrie\/#breadcrumb\"},\"inLanguage\":\"it-IT\",\"potentialAction\":[{\"@type\":\"ReadAction\",\"target\":[\"https:\/\/sacatec.fr\/it\/caoutchouc-defense-ferroviaire-hydraulique-industrie\/\"]}]},{\"@type\":\"BreadcrumbList\",\"@id\":\"https:\/\/sacatec.fr\/it\/caoutchouc-defense-ferroviaire-hydraulique-industrie\/#breadcrumb\",\"itemListElement\":[{\"@type\":\"ListItem\",\"position\":1,\"name\":\"Accueil\",\"item\":\"https:\/\/sacatec.fr\/it\/\"},{\"@type\":\"ListItem\",\"position\":2,\"name\":\"Campi di applicazione\"}]},{\"@type\":\"WebSite\",\"@id\":\"https:\/\/sacatec.fr\/#website\",\"url\":\"https:\/\/sacatec.fr\/\",\"name\":\"sacatec.fr\",\"description\":\"LE CAOUTCHOUC TECHNOLOGIQUE\",\"publisher\":{\"@id\":\"https:\/\/sacatec.fr\/#organization\"},\"potentialAction\":[{\"@type\":\"SearchAction\",\"target\":{\"@type\":\"EntryPoint\",\"urlTemplate\":\"https:\/\/sacatec.fr\/?s={search_term_string}\"},\"query-input\":{\"@type\":\"PropertyValueSpecification\",\"valueRequired\":true,\"valueName\":\"search_term_string\"}}],\"inLanguage\":\"it-IT\"},{\"@type\":\"Organization\",\"@id\":\"https:\/\/sacatec.fr\/#organization\",\"name\":\"Sacatec\",\"url\":\"https:\/\/sacatec.fr\/\",\"logo\":{\"@type\":\"ImageObject\",\"inLanguage\":\"it-IT\",\"@id\":\"https:\/\/sacatec.fr\/#\/schema\/logo\/image\/\",\"url\":\"https:\/\/www.sacatec.fr\/wp-content\/uploads\/2017\/07\/logo-sacatec.jpg\",\"contentUrl\":\"https:\/\/www.sacatec.fr\/wp-content\/uploads\/2017\/07\/logo-sacatec.jpg\",\"width\":506,\"height\":162,\"caption\":\"Sacatec\"},\"image\":{\"@id\":\"https:\/\/sacatec.fr\/#\/schema\/logo\/image\/\"}}]}<\/script>\n<!-- \/ Yoast SEO plugin. -->","yoast_head_json":{"title":"SACATEC - Pi\u00e8ces moul\u00e9es en caoutchouc de haute performance.","description":"Sacatec con\u00e7oit des pi\u00e8ces en caoutchouc moul\u00e9es de haute technologie pour des domaines exigeants comme le ferroviaire, la d\u00e9fense, l'hydraulique, etc. Cr\u00e9ation, formulation, production.","robots":{"index":"index","follow":"follow","max-snippet":"max-snippet:-1","max-image-preview":"max-image-preview:large","max-video-preview":"max-video-preview:-1"},"canonical":"https:\/\/sacatec.fr\/it\/caoutchouc-defense-ferroviaire-hydraulique-industrie\/","og_locale":"it_IT","og_type":"article","og_title":"SACATEC - Pi\u00e8ces moul\u00e9es en caoutchouc de haute performance.","og_description":"Sacatec con\u00e7oit des pi\u00e8ces en caoutchouc moul\u00e9es de haute technologie pour des domaines exigeants comme le ferroviaire, la d\u00e9fense, l'hydraulique, etc. Cr\u00e9ation, formulation, production.","og_url":"https:\/\/sacatec.fr\/it\/caoutchouc-defense-ferroviaire-hydraulique-industrie\/","og_site_name":"sacatec.fr","article_modified_time":"2025-03-14T08:21:45+00:00","twitter_card":"summary_large_image","twitter_misc":{"Tempo di lettura stimato":"3 minuti"},"schema":{"@context":"https:\/\/schema.org","@graph":[{"@type":"WebPage","@id":"https:\/\/sacatec.fr\/it\/caoutchouc-defense-ferroviaire-hydraulique-industrie\/","url":"https:\/\/sacatec.fr\/it\/caoutchouc-defense-ferroviaire-hydraulique-industrie\/","name":"SACATEC - Pi\u00e8ces moul\u00e9es en caoutchouc de haute performance.","isPartOf":{"@id":"https:\/\/sacatec.fr\/#website"},"datePublished":"2017-07-03T07:09:00+00:00","dateModified":"2025-03-14T08:21:45+00:00","description":"Sacatec con\u00e7oit des pi\u00e8ces en caoutchouc moul\u00e9es de haute technologie pour des domaines exigeants comme le ferroviaire, la d\u00e9fense, l'hydraulique, etc. Cr\u00e9ation, formulation, production.","breadcrumb":{"@id":"https:\/\/sacatec.fr\/it\/caoutchouc-defense-ferroviaire-hydraulique-industrie\/#breadcrumb"},"inLanguage":"it-IT","potentialAction":[{"@type":"ReadAction","target":["https:\/\/sacatec.fr\/it\/caoutchouc-defense-ferroviaire-hydraulique-industrie\/"]}]},{"@type":"BreadcrumbList","@id":"https:\/\/sacatec.fr\/it\/caoutchouc-defense-ferroviaire-hydraulique-industrie\/#breadcrumb","itemListElement":[{"@type":"ListItem","position":1,"name":"Accueil","item":"https:\/\/sacatec.fr\/it\/"},{"@type":"ListItem","position":2,"name":"Campi di applicazione"}]},{"@type":"WebSite","@id":"https:\/\/sacatec.fr\/#website","url":"https:\/\/sacatec.fr\/","name":"sacatec.fr","description":"LE CAOUTCHOUC TECHNOLOGIQUE","publisher":{"@id":"https:\/\/sacatec.fr\/#organization"},"potentialAction":[{"@type":"SearchAction","target":{"@type":"EntryPoint","urlTemplate":"https:\/\/sacatec.fr\/?s={search_term_string}"},"query-input":{"@type":"PropertyValueSpecification","valueRequired":true,"valueName":"search_term_string"}}],"inLanguage":"it-IT"},{"@type":"Organization","@id":"https:\/\/sacatec.fr\/#organization","name":"Sacatec","url":"https:\/\/sacatec.fr\/","logo":{"@type":"ImageObject","inLanguage":"it-IT","@id":"https:\/\/sacatec.fr\/#\/schema\/logo\/image\/","url":"https:\/\/www.sacatec.fr\/wp-content\/uploads\/2017\/07\/logo-sacatec.jpg","contentUrl":"https:\/\/www.sacatec.fr\/wp-content\/uploads\/2017\/07\/logo-sacatec.jpg","width":506,"height":162,"caption":"Sacatec"},"image":{"@id":"https:\/\/sacatec.fr\/#\/schema\/logo\/image\/"}}]}},"_links":{"self":[{"href":"https:\/\/sacatec.fr\/it\/wp-json\/wp\/v2\/pages\/914","targetHints":{"allow":["GET"]}}],"collection":[{"href":"https:\/\/sacatec.fr\/it\/wp-json\/wp\/v2\/pages"}],"about":[{"href":"https:\/\/sacatec.fr\/it\/wp-json\/wp\/v2\/types\/page"}],"author":[{"embeddable":true,"href":"https:\/\/sacatec.fr\/it\/wp-json\/wp\/v2\/users\/1"}],"replies":[{"embeddable":true,"href":"https:\/\/sacatec.fr\/it\/wp-json\/wp\/v2\/comments?post=914"}],"version-history":[{"count":3,"href":"https:\/\/sacatec.fr\/it\/wp-json\/wp\/v2\/pages\/914\/revisions"}],"predecessor-version":[{"id":1973,"href":"https:\/\/sacatec.fr\/it\/wp-json\/wp\/v2\/pages\/914\/revisions\/1973"}],"wp:attachment":[{"href":"https:\/\/sacatec.fr\/it\/wp-json\/wp\/v2\/media?parent=914"}],"curies":[{"name":"wp","href":"https:\/\/api.w.org\/{rel}","templated":true}]}}