{"id":892,"date":"2017-07-03T09:03:58","date_gmt":"2017-07-03T07:03:58","guid":{"rendered":"https:\/\/www.sacatec.fr\/bureau-d-etude-presses-caoutchouc\/"},"modified":"2025-03-14T09:11:13","modified_gmt":"2025-03-14T08:11:13","slug":"moyens-techniques","status":"publish","type":"page","link":"https:\/\/sacatec.fr\/it\/moyens-techniques\/","title":{"rendered":"Mezzi tecnici"},"content":{"rendered":"<p><meta name=\"format-detection\" content=\"telephone=no\" \/><\/p>\n<div id=\"bureauetudes\">\n<div id=\"bureauetudes1\">\n<h2>Studio di ricerca<\/h2>\n<div class=\"textesmoyen\">\n<p><span>&gt; <\/span>Il nostro studio di ricerca \u00e8 in grado di progettare e sviluppare componenti in gomma con elevati requisiti tecnici,<strong> soprattutto componenti in gomma e metallo oppure ogni altro componente in gomma su misura.<\/strong><\/p>\n<p><span>&gt; <\/span>Lo studio di ricerca pu\u00f2 lavorare partendo da progetti esistenti o realizzare dalla A alla Z l&#8217;intero componente secondo le necessit\u00e0 del cliente.<\/p>\n<p><span>&gt; <\/span>\u00c8 costantemente presente in tutte le fasi della progettazione<br \/>\n\u2022 Progettazione CAD degli stampi e degli utensili<br \/>\n\u2022 Progettazione CAD dei componenti in gomma o in gomma e metallo<br \/>\n\u2022 Prototipazione<br \/>\n\u2022 Progettazione e scelta delle mescole<br \/>\n\u2022 Fabbricazione.<\/p>\n<\/div>\n<div class=\"visuelmoyen\">\n<p class=\"visuelmoyen1\">\n<\/div><\/div>\n<\/div>\n<div class=\"stopfloat\"> <\/div>\n<div id=\"laboratoire\">\n<div class=\"fondgrishaut\"><\/div>\n<div id=\"laboratoire1\">\n<h2>Laboratorio<\/h2>\n<div class=\"textesmoyen\">\n<p><span>&gt; <\/span>Sacatec dispone di un laboratorio completo che gli consente di controllare tutte le fasi della produzione, dai test sulle materie prime, alle prove di R&#038;S (tra cui messa a punto, test approfonditi), fino alle prove meccaniche di controllo effettuate a produzione ultimata (trazione, lacerazione, durata, resistenza all&#8217;invecchiamento, abrasione).<\/p>\n<p class=\"laborouge\">Alcune attrezzature del nostro laboratorio:<\/p>\n<p>\u2022 Reometro: misura la curva di vulcanizzazione<br \/>\n\u2022 Dinamometro: misura la resistenza e l&#8217;allungamento a rottura<br \/>\n\u2022 Labthink VAC-V2 &#038; Rilevatore di fuga Adixen \u2013 ASM 142: misura la permeazione dell&#8217;azoto e di altri gas<br \/>\n\u2022 Spettrometro IRTF: Spettrometria a Infrarossi<br \/>\n\u2022 Flessometro: Misurazione della resistenza a fatica<br \/>\n\u2022 Durometro: Misurazione della durezza secondo la norma Shore A<br \/>\n\u2022 Densimetro Kern: Misurazione della densit\u00e0<br \/>\n\u2022 Abrasimetro: Misurazione della resistenza all&#8217;abrasione<br \/>\n\u2022 Apparecchiatura per i test di resistenza a freddo MIE: Misurazione della temperatura limite (freddo) di flessibilit\u00e0<br \/>\n\u2022 Resiliometro Zwick : Misurazione della resilienza<br \/>\n\u2022 Camera termica: misurazione della tenuta calore\/fluido<br \/>\n\u2022 ecc.<\/p>\n<\/p><\/div>\n<div class=\"visuelmoyen\">\n<p class=\"visuelmoyen1\">\n<p class=\"visuelmoyen2\">\n<\/div><\/div>\n<div class=\"fondgrisbas\"><\/div>\n<\/div>\n<div class=\"stopfloat\"><\/div>\n<div id=\"production\">\n<div id=\"production1\">\n<h2>Macchinari di produzione<\/h2>\n<div class=\"textesmoyen\">\n<p>\n\u2022 Mescolatori interni<br \/>\n\u2022 Stazione di controllo<br \/>\n\u2022 Mescolatori esterni<br \/>\n\u2022 Calandra a 3 cilindri larghezza 900<br \/>\n\u2022 4 estrusori<br \/>\n\u2022 Postazione aderizzazione<br \/>\n\u2022 Banco di decompressione<br \/>\n\u2022 Banco di ciclaggio<br \/>\n\u2022 11 presse a iniezione da 160 a 500T<br \/>\n\u2022 36 presse a compressione da 60 a 700T<br \/>\n\u2022 Laboratorio per l&#8217;assemblaggio delle sacche<\/p>\n<\/p><\/div>\n<div class=\"visuelmoyen\">\n<p class=\"visuelmoyen1\">\n<\/p><\/div>\n<\/div>\n<div class=\"stopfloat\"> <\/div>\n<div id=\"qualite\">\n<div class=\"fondgrishaut\"><\/div>\n<div id=\"qualite1\">\n<h2>Qualit\u00e0<\/h2>\n<div class=\"textesmoyen\">\n<p><span>&gt; <\/span>La qualit\u00e0 \u00e8 al centro della strategia adottata da Sacatec, costituendo una delle sue priorit\u00e0 fin dalla sua creazione. L&#8217;azienda si \u00e8 sempre impegnata al fine di migliorare le diverse fasi di fabbricazione e controllo dei propri prodotti:  <strong>mescole su richiesta dei clienti, aderizzazione,<\/strong> impermeabilit\u00e0 ai gas, flessibilit\u00e0 sotto carico&#8230;<br \/>\n\u00c8 cos\u00ec che dal 1980 ha iniziato ad ottenere i certificati di qualit\u00e0 militare, ferroviaria, poi aeronautica, la certificazione ISO 9001 dal 2003 poi EN9100.<\/p>\n<p><span>&gt; <\/span>Oltre alla garanzia di qualit\u00e0 dei prodotti offerti ai propri clienti, la qualit\u00e0 per Sacatec significa anche tracciabilit\u00e0 unitaria praticata in alcuni mercati, come quello dell&#8217;aeronautica, ma anche qualit\u00e0 del servizio. La soddisfazione dei suoi clienti viene misurata anche attraverso il numero dei massimi livelli di qualit\u00e0 ricevuti da Sacatec.<\/p>\n<p><span>&gt; <\/span>Per finire, la qualit\u00e0 pu\u00f2 essere inoltre considerata come sinonimo di miglioramento continuo, praticata all&#8217;interno dell&#8217;azienda in tutte le fasi di produzione, oltre che di progettazione e dei servizi di supporto.<\/p>\n<\/div>\n<div class=\"visuelmoyen\">\n<p class=\"visuelmoyen1\">\n<\/p><\/div>\n<div class=\"iso\">\n<p class=\"iso9001\">\n<\/div><\/div>\n<\/div>\n","protected":false},"excerpt":{"rendered":"<p>Studio di ricerca &gt; Il nostro studio di ricerca \u00e8 in grado di progettare e sviluppare componenti in gomma con elevati requisiti tecnici, soprattutto componenti in gomma e metallo oppure ogni altro componente in gomma su misura. &gt; Lo studio di ricerca pu\u00f2 lavorare partendo da progetti esistenti o realizzare dalla A alla Z l&#8217;intero [&hellip;]<\/p>\n","protected":false},"author":1,"featured_media":0,"parent":0,"menu_order":0,"comment_status":"closed","ping_status":"closed","template":"","meta":{"footnotes":""},"class_list":["post-892","page","type-page","status-publish","hentry"],"yoast_head":"<!-- This site is optimized with the Yoast SEO plugin v25.9 - https:\/\/yoast.com\/wordpress\/plugins\/seo\/ -->\n<title>SACATEC - Conception fabrication de pi\u00e8ces en caoutchouc technologique<\/title>\n<meta name=\"description\" content=\"Sacatec poss\u00e8de un bureau d&#039;\u00e9tudes, un parc machines diversifi\u00e9 et une capacit\u00e9 de fabrication de m\u00e9langes de caoutchouc qui lui permet de r\u00e9pondre aux demandes industrielles les plus pointues.\" \/>\n<meta name=\"robots\" content=\"index, follow, max-snippet:-1, max-image-preview:large, max-video-preview:-1\" \/>\n<link rel=\"canonical\" href=\"https:\/\/sacatec.fr\/it\/moyens-techniques\/\" \/>\n<meta property=\"og:locale\" content=\"it_IT\" \/>\n<meta property=\"og:type\" content=\"article\" \/>\n<meta property=\"og:title\" content=\"SACATEC - Conception fabrication de pi\u00e8ces en caoutchouc technologique\" \/>\n<meta property=\"og:description\" content=\"Sacatec poss\u00e8de un bureau d&#039;\u00e9tudes, un parc machines diversifi\u00e9 et une capacit\u00e9 de fabrication de m\u00e9langes de caoutchouc qui lui permet de r\u00e9pondre aux demandes industrielles les plus pointues.\" \/>\n<meta property=\"og:url\" content=\"https:\/\/sacatec.fr\/it\/moyens-techniques\/\" \/>\n<meta property=\"og:site_name\" content=\"sacatec.fr\" \/>\n<meta property=\"article:modified_time\" content=\"2025-03-14T08:11:13+00:00\" \/>\n<meta name=\"twitter:card\" content=\"summary_large_image\" \/>\n<meta name=\"twitter:label1\" content=\"Tempo di lettura stimato\" \/>\n\t<meta name=\"twitter:data1\" content=\"2 minuti\" \/>\n<script type=\"application\/ld+json\" class=\"yoast-schema-graph\">{\"@context\":\"https:\/\/schema.org\",\"@graph\":[{\"@type\":\"WebPage\",\"@id\":\"https:\/\/sacatec.fr\/it\/moyens-techniques\/\",\"url\":\"https:\/\/sacatec.fr\/it\/moyens-techniques\/\",\"name\":\"SACATEC - Conception fabrication de pi\u00e8ces en caoutchouc technologique\",\"isPartOf\":{\"@id\":\"https:\/\/sacatec.fr\/#website\"},\"datePublished\":\"2017-07-03T07:03:58+00:00\",\"dateModified\":\"2025-03-14T08:11:13+00:00\",\"description\":\"Sacatec poss\u00e8de un bureau d'\u00e9tudes, un parc machines diversifi\u00e9 et une capacit\u00e9 de fabrication de m\u00e9langes de caoutchouc qui lui permet de r\u00e9pondre aux demandes industrielles les plus pointues.\",\"breadcrumb\":{\"@id\":\"https:\/\/sacatec.fr\/it\/moyens-techniques\/#breadcrumb\"},\"inLanguage\":\"it-IT\",\"potentialAction\":[{\"@type\":\"ReadAction\",\"target\":[\"https:\/\/sacatec.fr\/it\/moyens-techniques\/\"]}]},{\"@type\":\"BreadcrumbList\",\"@id\":\"https:\/\/sacatec.fr\/it\/moyens-techniques\/#breadcrumb\",\"itemListElement\":[{\"@type\":\"ListItem\",\"position\":1,\"name\":\"Accueil\",\"item\":\"https:\/\/sacatec.fr\/it\/\"},{\"@type\":\"ListItem\",\"position\":2,\"name\":\"Mezzi tecnici\"}]},{\"@type\":\"WebSite\",\"@id\":\"https:\/\/sacatec.fr\/#website\",\"url\":\"https:\/\/sacatec.fr\/\",\"name\":\"sacatec.fr\",\"description\":\"LE CAOUTCHOUC TECHNOLOGIQUE\",\"publisher\":{\"@id\":\"https:\/\/sacatec.fr\/#organization\"},\"potentialAction\":[{\"@type\":\"SearchAction\",\"target\":{\"@type\":\"EntryPoint\",\"urlTemplate\":\"https:\/\/sacatec.fr\/?s={search_term_string}\"},\"query-input\":{\"@type\":\"PropertyValueSpecification\",\"valueRequired\":true,\"valueName\":\"search_term_string\"}}],\"inLanguage\":\"it-IT\"},{\"@type\":\"Organization\",\"@id\":\"https:\/\/sacatec.fr\/#organization\",\"name\":\"Sacatec\",\"url\":\"https:\/\/sacatec.fr\/\",\"logo\":{\"@type\":\"ImageObject\",\"inLanguage\":\"it-IT\",\"@id\":\"https:\/\/sacatec.fr\/#\/schema\/logo\/image\/\",\"url\":\"https:\/\/www.sacatec.fr\/wp-content\/uploads\/2017\/07\/logo-sacatec.jpg\",\"contentUrl\":\"https:\/\/www.sacatec.fr\/wp-content\/uploads\/2017\/07\/logo-sacatec.jpg\",\"width\":506,\"height\":162,\"caption\":\"Sacatec\"},\"image\":{\"@id\":\"https:\/\/sacatec.fr\/#\/schema\/logo\/image\/\"}}]}<\/script>\n<!-- \/ Yoast SEO plugin. -->","yoast_head_json":{"title":"SACATEC - Conception fabrication de pi\u00e8ces en caoutchouc technologique","description":"Sacatec poss\u00e8de un bureau d'\u00e9tudes, un parc machines diversifi\u00e9 et une capacit\u00e9 de fabrication de m\u00e9langes de caoutchouc qui lui permet de r\u00e9pondre aux demandes industrielles les plus pointues.","robots":{"index":"index","follow":"follow","max-snippet":"max-snippet:-1","max-image-preview":"max-image-preview:large","max-video-preview":"max-video-preview:-1"},"canonical":"https:\/\/sacatec.fr\/it\/moyens-techniques\/","og_locale":"it_IT","og_type":"article","og_title":"SACATEC - Conception fabrication de pi\u00e8ces en caoutchouc technologique","og_description":"Sacatec poss\u00e8de un bureau d'\u00e9tudes, un parc machines diversifi\u00e9 et une capacit\u00e9 de fabrication de m\u00e9langes de caoutchouc qui lui permet de r\u00e9pondre aux demandes industrielles les plus pointues.","og_url":"https:\/\/sacatec.fr\/it\/moyens-techniques\/","og_site_name":"sacatec.fr","article_modified_time":"2025-03-14T08:11:13+00:00","twitter_card":"summary_large_image","twitter_misc":{"Tempo di lettura stimato":"2 minuti"},"schema":{"@context":"https:\/\/schema.org","@graph":[{"@type":"WebPage","@id":"https:\/\/sacatec.fr\/it\/moyens-techniques\/","url":"https:\/\/sacatec.fr\/it\/moyens-techniques\/","name":"SACATEC - Conception fabrication de pi\u00e8ces en caoutchouc technologique","isPartOf":{"@id":"https:\/\/sacatec.fr\/#website"},"datePublished":"2017-07-03T07:03:58+00:00","dateModified":"2025-03-14T08:11:13+00:00","description":"Sacatec poss\u00e8de un bureau d'\u00e9tudes, un parc machines diversifi\u00e9 et une capacit\u00e9 de fabrication de m\u00e9langes de caoutchouc qui lui permet de r\u00e9pondre aux demandes industrielles les plus pointues.","breadcrumb":{"@id":"https:\/\/sacatec.fr\/it\/moyens-techniques\/#breadcrumb"},"inLanguage":"it-IT","potentialAction":[{"@type":"ReadAction","target":["https:\/\/sacatec.fr\/it\/moyens-techniques\/"]}]},{"@type":"BreadcrumbList","@id":"https:\/\/sacatec.fr\/it\/moyens-techniques\/#breadcrumb","itemListElement":[{"@type":"ListItem","position":1,"name":"Accueil","item":"https:\/\/sacatec.fr\/it\/"},{"@type":"ListItem","position":2,"name":"Mezzi tecnici"}]},{"@type":"WebSite","@id":"https:\/\/sacatec.fr\/#website","url":"https:\/\/sacatec.fr\/","name":"sacatec.fr","description":"LE CAOUTCHOUC TECHNOLOGIQUE","publisher":{"@id":"https:\/\/sacatec.fr\/#organization"},"potentialAction":[{"@type":"SearchAction","target":{"@type":"EntryPoint","urlTemplate":"https:\/\/sacatec.fr\/?s={search_term_string}"},"query-input":{"@type":"PropertyValueSpecification","valueRequired":true,"valueName":"search_term_string"}}],"inLanguage":"it-IT"},{"@type":"Organization","@id":"https:\/\/sacatec.fr\/#organization","name":"Sacatec","url":"https:\/\/sacatec.fr\/","logo":{"@type":"ImageObject","inLanguage":"it-IT","@id":"https:\/\/sacatec.fr\/#\/schema\/logo\/image\/","url":"https:\/\/www.sacatec.fr\/wp-content\/uploads\/2017\/07\/logo-sacatec.jpg","contentUrl":"https:\/\/www.sacatec.fr\/wp-content\/uploads\/2017\/07\/logo-sacatec.jpg","width":506,"height":162,"caption":"Sacatec"},"image":{"@id":"https:\/\/sacatec.fr\/#\/schema\/logo\/image\/"}}]}},"_links":{"self":[{"href":"https:\/\/sacatec.fr\/it\/wp-json\/wp\/v2\/pages\/892","targetHints":{"allow":["GET"]}}],"collection":[{"href":"https:\/\/sacatec.fr\/it\/wp-json\/wp\/v2\/pages"}],"about":[{"href":"https:\/\/sacatec.fr\/it\/wp-json\/wp\/v2\/types\/page"}],"author":[{"embeddable":true,"href":"https:\/\/sacatec.fr\/it\/wp-json\/wp\/v2\/users\/1"}],"replies":[{"embeddable":true,"href":"https:\/\/sacatec.fr\/it\/wp-json\/wp\/v2\/comments?post=892"}],"version-history":[{"count":2,"href":"https:\/\/sacatec.fr\/it\/wp-json\/wp\/v2\/pages\/892\/revisions"}],"predecessor-version":[{"id":1965,"href":"https:\/\/sacatec.fr\/it\/wp-json\/wp\/v2\/pages\/892\/revisions\/1965"}],"wp:attachment":[{"href":"https:\/\/sacatec.fr\/it\/wp-json\/wp\/v2\/media?parent=892"}],"curies":[{"name":"wp","href":"https:\/\/api.w.org\/{rel}","templated":true}]}}