{"id":877,"date":"2017-07-03T09:20:30","date_gmt":"2017-07-03T07:20:30","guid":{"rendered":"https:\/\/www.sacatec.fr\/actualites-carrieres\/"},"modified":"2025-09-10T14:37:35","modified_gmt":"2025-09-10T12:37:35","slug":"actualites-carrieres","status":"publish","type":"page","link":"https:\/\/sacatec.fr\/it\/actualites-carrieres\/","title":{"rendered":"Notizie"},"content":{"rendered":"<section  class='av_textblock_section av-qgh99-72ef1481eaf8f56b7fd338e7ea1b90c0'  itemscope=\"itemscope\" itemtype=\"https:\/\/schema.org\/CreativeWork\" ><div class='avia_textblock'  itemprop=\"text\" ><div class=\"actusacatec\">\n<h2>Sacatec Mag<\/h2>\n<p>Segui tutte le novit\u00e0 e gli eventi futuri di Sacatec qui.<\/p>\n<\/div>\n<\/div><\/section>\n<div class=\"actusacatec-post\">\n<div  class='av-alb-blogposts template-blog  av-blog-meta-author-disabled av-blog-meta-comments-disabled av-blog-meta-category-disabled av-blog-meta-date-disabled av-blog-meta-html-info-disabled av-blog-meta-tag-disabled '  itemscope=\"itemscope\" itemtype=\"https:\/\/schema.org\/Blog\" ><article class=\"post-entry post-entry-type-standard post-entry-2254 post-loop-1 post-parity-odd post-entry-last single-big  post-2254 post type-post status-publish format-standard hentry\"  itemscope=\"itemscope\" itemtype=\"https:\/\/schema.org\/BlogPosting\" ><div class=\"blog-meta\"><\/div><div class='entry-content-wrapper clearfix standard-content'><header class=\"entry-content-header\"><div class=\"av-heading-wrapper\"><h2 class='post-title entry-title '  itemprop=\"headline\" ><a href=\"https:\/\/sacatec.fr\/it\/2025\/09\/10\/ora-siamo-anche-su-linkedin-e-youtube\/\" rel=\"bookmark\" title=\"Link Permanente: Ora siamo anche su LinkedIn e YouTube!\">Ora siamo anche su LinkedIn e YouTube!<span class=\"post-format-icon minor-meta\"><\/span><\/a><\/h2><span class=\"blog-categories minor-meta\"><\/span><\/div><\/header><span class=\"av-vertical-delimiter\"><\/span><div class=\"entry-content\"  itemprop=\"text\" ><p>Seguici per rimanere aggiornato sulle ultime novit\u00e0:<\/p>\n<div id=\"actu-social-link\">\n<div><a href=\"https:\/\/fr.linkedin.com\/company\/sacatec\"><img decoding=\"async\" src=\"\/wp-content\/uploads\/2025\/09\/logo-linkedin.png\" alt=\"logo LinkedIn\" width=\"250\"\/><\/a><\/div>\n<div><a href=\"https:\/\/www.youtube.com\/@Sacatec\"><img decoding=\"async\" src=\"\/wp-content\/uploads\/2025\/09\/logo-youtube.png\" alt=\"logo YouTube\" width=\"250\"\/><\/a><\/div>\n<\/div>\n<\/div><span class=\"post-meta-infos\"><\/span><footer class=\"entry-footer\"><\/footer><div class='post_delimiter'><\/div><\/div><div class=\"post_author_timeline\"><\/div><span class='hidden'>\n\t\t\t\t<span class='av-structured-data'  itemprop=\"image\" itemscope=\"itemscope\" itemtype=\"https:\/\/schema.org\/ImageObject\" >\n\t\t\t\t\t\t<span itemprop='url'>https:\/\/www.sacatec.fr\/wp-content\/uploads\/2025\/05\/LOGO-SACATEC-SAS.png<\/span>\n\t\t\t\t\t\t<span itemprop='height'>0<\/span>\n\t\t\t\t\t\t<span itemprop='width'>0<\/span>\n\t\t\t\t<\/span>\n\t\t\t\t<span class='av-structured-data'  itemprop=\"publisher\" itemtype=\"https:\/\/schema.org\/Organization\" itemscope=\"itemscope\" >\n\t\t\t\t\t\t<span itemprop='name'>admin<\/span>\n\t\t\t\t\t\t<span itemprop='logo' itemscope itemtype='https:\/\/schema.org\/ImageObject'>\n\t\t\t\t\t\t\t<span itemprop='url'>https:\/\/www.sacatec.fr\/wp-content\/uploads\/2025\/05\/LOGO-SACATEC-SAS.png<\/span>\n\t\t\t\t\t\t <\/span>\n\t\t\t\t<\/span><span class='av-structured-data'  itemprop=\"author\" itemscope=\"itemscope\" itemtype=\"https:\/\/schema.org\/Person\" ><span itemprop='name'>admin<\/span><\/span><span class='av-structured-data'  itemprop=\"datePublished\" datetime=\"2025-09-10T14:19:02+02:00\" >2025-09-10 14:19:02<\/span><span class='av-structured-data'  itemprop=\"dateModified\" itemtype=\"https:\/\/schema.org\/dateModified\" >2025-09-11 12:20:31<\/span><span class='av-structured-data'  itemprop=\"mainEntityOfPage\" itemtype=\"https:\/\/schema.org\/mainEntityOfPage\" ><span itemprop='name'>Ora siamo anche su LinkedIn e YouTube!<\/span><\/span><\/span><\/article><div class='single-big'><\/div><\/div>\n<\/div>\n","protected":false},"excerpt":{"rendered":"","protected":false},"author":1,"featured_media":0,"parent":0,"menu_order":0,"comment_status":"closed","ping_status":"closed","template":"","meta":{"footnotes":""},"class_list":["post-877","page","type-page","status-publish","hentry"],"yoast_head":"<!-- This site is optimized with the Yoast SEO plugin v25.9 - https:\/\/yoast.com\/wordpress\/plugins\/seo\/ -->\n<title>Sacatec - Caoutchouc technologique - Actualit\u00e9s et salons<\/title>\n<meta name=\"description\" content=\"L&#039;actualit\u00e9 Sacatec, concepteur fabricant de pi\u00e8ces moul\u00e9es en caoutchouc de haute technologie. Salons et rencontres. Bureau d&#039;\u00e9tudes, conception, m\u00e9langes caoutchouc.\" \/>\n<meta name=\"robots\" content=\"index, follow, max-snippet:-1, max-image-preview:large, max-video-preview:-1\" \/>\n<link rel=\"canonical\" href=\"https:\/\/sacatec.fr\/it\/actualites-carrieres\/\" \/>\n<meta property=\"og:locale\" content=\"it_IT\" \/>\n<meta property=\"og:type\" content=\"article\" \/>\n<meta property=\"og:title\" content=\"Sacatec - Caoutchouc technologique - Actualit\u00e9s et salons\" \/>\n<meta property=\"og:description\" content=\"L&#039;actualit\u00e9 Sacatec, concepteur fabricant de pi\u00e8ces moul\u00e9es en caoutchouc de haute technologie. Salons et rencontres. Bureau d&#039;\u00e9tudes, conception, m\u00e9langes caoutchouc.\" \/>\n<meta property=\"og:url\" content=\"https:\/\/sacatec.fr\/it\/actualites-carrieres\/\" \/>\n<meta property=\"og:site_name\" content=\"sacatec.fr\" \/>\n<meta property=\"article:modified_time\" content=\"2025-09-10T12:37:35+00:00\" \/>\n<meta name=\"twitter:card\" content=\"summary_large_image\" \/>\n<script type=\"application\/ld+json\" class=\"yoast-schema-graph\">{\"@context\":\"https:\/\/schema.org\",\"@graph\":[{\"@type\":\"WebPage\",\"@id\":\"https:\/\/sacatec.fr\/it\/actualites-carrieres\/\",\"url\":\"https:\/\/sacatec.fr\/it\/actualites-carrieres\/\",\"name\":\"Sacatec - Caoutchouc technologique - Actualit\u00e9s et salons\",\"isPartOf\":{\"@id\":\"https:\/\/sacatec.fr\/#website\"},\"datePublished\":\"2017-07-03T07:20:30+00:00\",\"dateModified\":\"2025-09-10T12:37:35+00:00\",\"description\":\"L'actualit\u00e9 Sacatec, concepteur fabricant de pi\u00e8ces moul\u00e9es en caoutchouc de haute technologie. Salons et rencontres. Bureau d'\u00e9tudes, conception, m\u00e9langes caoutchouc.\",\"breadcrumb\":{\"@id\":\"https:\/\/sacatec.fr\/it\/actualites-carrieres\/#breadcrumb\"},\"inLanguage\":\"it-IT\",\"potentialAction\":[{\"@type\":\"ReadAction\",\"target\":[\"https:\/\/sacatec.fr\/it\/actualites-carrieres\/\"]}]},{\"@type\":\"BreadcrumbList\",\"@id\":\"https:\/\/sacatec.fr\/it\/actualites-carrieres\/#breadcrumb\",\"itemListElement\":[{\"@type\":\"ListItem\",\"position\":1,\"name\":\"Accueil\",\"item\":\"https:\/\/sacatec.fr\/it\/\"},{\"@type\":\"ListItem\",\"position\":2,\"name\":\"Notizie\"}]},{\"@type\":\"WebSite\",\"@id\":\"https:\/\/sacatec.fr\/#website\",\"url\":\"https:\/\/sacatec.fr\/\",\"name\":\"sacatec.fr\",\"description\":\"LE CAOUTCHOUC TECHNOLOGIQUE\",\"publisher\":{\"@id\":\"https:\/\/sacatec.fr\/#organization\"},\"potentialAction\":[{\"@type\":\"SearchAction\",\"target\":{\"@type\":\"EntryPoint\",\"urlTemplate\":\"https:\/\/sacatec.fr\/?s={search_term_string}\"},\"query-input\":{\"@type\":\"PropertyValueSpecification\",\"valueRequired\":true,\"valueName\":\"search_term_string\"}}],\"inLanguage\":\"it-IT\"},{\"@type\":\"Organization\",\"@id\":\"https:\/\/sacatec.fr\/#organization\",\"name\":\"Sacatec\",\"url\":\"https:\/\/sacatec.fr\/\",\"logo\":{\"@type\":\"ImageObject\",\"inLanguage\":\"it-IT\",\"@id\":\"https:\/\/sacatec.fr\/#\/schema\/logo\/image\/\",\"url\":\"https:\/\/www.sacatec.fr\/wp-content\/uploads\/2017\/07\/logo-sacatec.jpg\",\"contentUrl\":\"https:\/\/www.sacatec.fr\/wp-content\/uploads\/2017\/07\/logo-sacatec.jpg\",\"width\":506,\"height\":162,\"caption\":\"Sacatec\"},\"image\":{\"@id\":\"https:\/\/sacatec.fr\/#\/schema\/logo\/image\/\"}}]}<\/script>\n<!-- \/ Yoast SEO plugin. -->","yoast_head_json":{"title":"Sacatec - Caoutchouc technologique - Actualit\u00e9s et salons","description":"L'actualit\u00e9 Sacatec, concepteur fabricant de pi\u00e8ces moul\u00e9es en caoutchouc de haute technologie. Salons et rencontres. Bureau d'\u00e9tudes, conception, m\u00e9langes caoutchouc.","robots":{"index":"index","follow":"follow","max-snippet":"max-snippet:-1","max-image-preview":"max-image-preview:large","max-video-preview":"max-video-preview:-1"},"canonical":"https:\/\/sacatec.fr\/it\/actualites-carrieres\/","og_locale":"it_IT","og_type":"article","og_title":"Sacatec - Caoutchouc technologique - Actualit\u00e9s et salons","og_description":"L'actualit\u00e9 Sacatec, concepteur fabricant de pi\u00e8ces moul\u00e9es en caoutchouc de haute technologie. Salons et rencontres. Bureau d'\u00e9tudes, conception, m\u00e9langes caoutchouc.","og_url":"https:\/\/sacatec.fr\/it\/actualites-carrieres\/","og_site_name":"sacatec.fr","article_modified_time":"2025-09-10T12:37:35+00:00","twitter_card":"summary_large_image","schema":{"@context":"https:\/\/schema.org","@graph":[{"@type":"WebPage","@id":"https:\/\/sacatec.fr\/it\/actualites-carrieres\/","url":"https:\/\/sacatec.fr\/it\/actualites-carrieres\/","name":"Sacatec - Caoutchouc technologique - Actualit\u00e9s et salons","isPartOf":{"@id":"https:\/\/sacatec.fr\/#website"},"datePublished":"2017-07-03T07:20:30+00:00","dateModified":"2025-09-10T12:37:35+00:00","description":"L'actualit\u00e9 Sacatec, concepteur fabricant de pi\u00e8ces moul\u00e9es en caoutchouc de haute technologie. Salons et rencontres. Bureau d'\u00e9tudes, conception, m\u00e9langes caoutchouc.","breadcrumb":{"@id":"https:\/\/sacatec.fr\/it\/actualites-carrieres\/#breadcrumb"},"inLanguage":"it-IT","potentialAction":[{"@type":"ReadAction","target":["https:\/\/sacatec.fr\/it\/actualites-carrieres\/"]}]},{"@type":"BreadcrumbList","@id":"https:\/\/sacatec.fr\/it\/actualites-carrieres\/#breadcrumb","itemListElement":[{"@type":"ListItem","position":1,"name":"Accueil","item":"https:\/\/sacatec.fr\/it\/"},{"@type":"ListItem","position":2,"name":"Notizie"}]},{"@type":"WebSite","@id":"https:\/\/sacatec.fr\/#website","url":"https:\/\/sacatec.fr\/","name":"sacatec.fr","description":"LE CAOUTCHOUC TECHNOLOGIQUE","publisher":{"@id":"https:\/\/sacatec.fr\/#organization"},"potentialAction":[{"@type":"SearchAction","target":{"@type":"EntryPoint","urlTemplate":"https:\/\/sacatec.fr\/?s={search_term_string}"},"query-input":{"@type":"PropertyValueSpecification","valueRequired":true,"valueName":"search_term_string"}}],"inLanguage":"it-IT"},{"@type":"Organization","@id":"https:\/\/sacatec.fr\/#organization","name":"Sacatec","url":"https:\/\/sacatec.fr\/","logo":{"@type":"ImageObject","inLanguage":"it-IT","@id":"https:\/\/sacatec.fr\/#\/schema\/logo\/image\/","url":"https:\/\/www.sacatec.fr\/wp-content\/uploads\/2017\/07\/logo-sacatec.jpg","contentUrl":"https:\/\/www.sacatec.fr\/wp-content\/uploads\/2017\/07\/logo-sacatec.jpg","width":506,"height":162,"caption":"Sacatec"},"image":{"@id":"https:\/\/sacatec.fr\/#\/schema\/logo\/image\/"}}]}},"_links":{"self":[{"href":"https:\/\/sacatec.fr\/it\/wp-json\/wp\/v2\/pages\/877","targetHints":{"allow":["GET"]}}],"collection":[{"href":"https:\/\/sacatec.fr\/it\/wp-json\/wp\/v2\/pages"}],"about":[{"href":"https:\/\/sacatec.fr\/it\/wp-json\/wp\/v2\/types\/page"}],"author":[{"embeddable":true,"href":"https:\/\/sacatec.fr\/it\/wp-json\/wp\/v2\/users\/1"}],"replies":[{"embeddable":true,"href":"https:\/\/sacatec.fr\/it\/wp-json\/wp\/v2\/comments?post=877"}],"version-history":[{"count":3,"href":"https:\/\/sacatec.fr\/it\/wp-json\/wp\/v2\/pages\/877\/revisions"}],"predecessor-version":[{"id":2271,"href":"https:\/\/sacatec.fr\/it\/wp-json\/wp\/v2\/pages\/877\/revisions\/2271"}],"wp:attachment":[{"href":"https:\/\/sacatec.fr\/it\/wp-json\/wp\/v2\/media?parent=877"}],"curies":[{"name":"wp","href":"https:\/\/api.w.org\/{rel}","templated":true}]}}