{"id":1053,"date":"2017-07-03T09:24:05","date_gmt":"2017-07-03T07:24:05","guid":{"rendered":"https:\/\/www.sacatec.fr\/contact-sacatec\/"},"modified":"2018-04-09T09:09:07","modified_gmt":"2018-04-09T07:09:07","slug":"contact-sacatec","status":"publish","type":"page","link":"https:\/\/sacatec.fr\/it\/contact-sacatec\/","title":{"rendered":"Accesso &#8211; Contatti"},"content":{"rendered":"<p><meta name=\"format-detection\" content=\"telephone=no\" \/><\/p>\n<div id=\"accescontacts\">\n<div class=\"accescontent\">\n<div class=\"acces\">\n<h3 class=\"h3acces\">Accesso<\/h3>\n<h4 class=\"h4acces\">&gt; SACATEC<\/h4>\n<p class=\"pacces\">71 rue de Voisins<br \/>\nBP 9 &#8211; 77411 Claye-Souilly Cedex<br \/>\nFrance<\/p>\n<h4 class=\"h4safacces\"> &gt; SAF SACATEC<\/h4>\n<p class=\"psafacces\">43 rue Jean-Jaures<br \/>\n15210 Ydes-Centre<br \/>\nFrance<\/p>\n<h3 class=\"h3contacts\">CONTATTI<\/h3>\n<p class=\"pcontacts\">T\u00e9l.: 33 (0)1 60 26 25 63<br \/>\ncontact@sacatec.fr<\/p>\n<\/p><\/div>\n<\/p><\/div>\n<div class=\"formulaire\">\n<p class=\"pformulaire\">Desiderate ottenere informazioni aggiuntive.<br \/>\nVi preghiamo di riempire il formulario seguente.<\/p>\n\n<div class=\"wpcf7 no-js\" id=\"wpcf7-f1059-o1\" lang=\"fr-FR\" dir=\"ltr\" data-wpcf7-id=\"1059\">\n<div class=\"screen-reader-response\"><p role=\"status\" aria-live=\"polite\" aria-atomic=\"true\"><\/p> <ul><\/ul><\/div>\n<form action=\"\/it\/wp-json\/wp\/v2\/pages\/1053#wpcf7-f1059-o1\" method=\"post\" class=\"wpcf7-form init\" aria-label=\"Formulaire de contact\" enctype=\"multipart\/form-data\" novalidate=\"novalidate\" data-status=\"init\">\n<fieldset class=\"hidden-fields-container\"><input type=\"hidden\" name=\"_wpcf7\" value=\"1059\" \/><input type=\"hidden\" name=\"_wpcf7_version\" value=\"6.1.1\" \/><input type=\"hidden\" name=\"_wpcf7_locale\" value=\"fr_FR\" \/><input type=\"hidden\" name=\"_wpcf7_unit_tag\" value=\"wpcf7-f1059-o1\" \/><input type=\"hidden\" name=\"_wpcf7_container_post\" value=\"0\" \/><input type=\"hidden\" name=\"_wpcf7_posted_data_hash\" value=\"\" \/>\n<\/fieldset>\n<p><label> Societ\u00e0<br \/>\n<span class=\"wpcf7-form-control-wrap\" data-name=\"text-275\"><input size=\"40\" maxlength=\"400\" class=\"wpcf7-form-control wpcf7-text wpcf7-validates-as-required\" id=\"societe\" aria-required=\"true\" aria-invalid=\"false\" value=\"\" type=\"text\" name=\"text-275\" \/><\/span> <\/label>\n<\/p>\n<p><label> Cognome - Nome<br \/>\n<span class=\"wpcf7-form-control-wrap\" data-name=\"text-275\"><input size=\"40\" maxlength=\"400\" class=\"wpcf7-form-control wpcf7-text wpcf7-validates-as-required\" id=\"nomprenom\" aria-required=\"true\" aria-invalid=\"false\" value=\"\" type=\"text\" name=\"text-275\" \/><\/span> <\/label>\n<\/p>\n<p><label> Email<br \/>\n<span class=\"wpcf7-form-control-wrap\" data-name=\"your-email\"><input size=\"40\" maxlength=\"400\" class=\"wpcf7-form-control wpcf7-email wpcf7-validates-as-required wpcf7-text wpcf7-validates-as-email\" aria-required=\"true\" aria-invalid=\"false\" value=\"\" type=\"email\" name=\"your-email\" \/><\/span> <\/label>\n<\/p>\n<p><label> Telefono<br \/>\n<span class=\"wpcf7-form-control-wrap\" data-name=\"Tlphone\"><input size=\"40\" maxlength=\"400\" class=\"wpcf7-form-control wpcf7-tel wpcf7-text wpcf7-validates-as-tel\" id=\"telcontact\" aria-invalid=\"false\" value=\"\" type=\"tel\" name=\"Tlphone\" \/><\/span> <\/label>\n<\/p>\n<p><label> Aggiungi un allegato<br \/>\n(progetti, specifiche, consulenze,...)<br \/>\n<span class=\"wpcf7-form-control-wrap\" data-name=\"file-981\"><input size=\"40\" class=\"wpcf7-form-control wpcf7-file\" id=\"telecharge\" accept=\"audio\/*,video\/*,image\/*\" aria-invalid=\"false\" type=\"file\" name=\"file-981\" \/><\/span> <\/label>\n<\/p>\n<p><label> Messaggio<br \/>\n<span class=\"wpcf7-form-control-wrap\" data-name=\"your-message\"><textarea cols=\"40\" rows=\"10\" maxlength=\"2000\" class=\"wpcf7-form-control wpcf7-textarea\" id=\"messages\" aria-invalid=\"false\" name=\"your-message\"><\/textarea><\/span> <\/label>\n<\/p>\n<p><label> Quantit\u00e0<br \/>\n<span class=\"wpcf7-form-control-wrap\" data-name=\"text-922\"><input size=\"40\" maxlength=\"400\" class=\"wpcf7-form-control wpcf7-text\" id=\"quantite\" aria-invalid=\"false\" value=\"\" type=\"text\" name=\"text-922\" \/><\/span><\/label>\n<\/p>\n<p><input class=\"wpcf7-form-control wpcf7-submit has-spinner\" type=\"submit\" value=\"mandare\" \/>\n<\/p><div class=\"wpcf7-response-output\" aria-hidden=\"true\"><\/div>\n<\/form>\n<\/div>\n<\/div>\n<\/div>\n","protected":false},"excerpt":{"rendered":"<p>Accesso &gt; SACATEC 71 rue de Voisins BP 9 &#8211; 77411 Claye-Souilly Cedex France &gt; SAF SACATEC 43 rue Jean-Jaures 15210 Ydes-Centre France CONTATTI T\u00e9l.: 33 (0)1 60 26 25 63 contact@sacatec.fr Desiderate ottenere informazioni aggiuntive. Vi preghiamo di riempire il formulario seguente.<\/p>\n","protected":false},"author":1,"featured_media":0,"parent":0,"menu_order":0,"comment_status":"closed","ping_status":"closed","template":"","meta":{"footnotes":""},"class_list":["post-1053","page","type-page","status-publish","hentry"],"yoast_head":"<!-- This site is optimized with the Yoast SEO plugin v25.9 - https:\/\/yoast.com\/wordpress\/plugins\/seo\/ -->\n<title>Sacatec : contact et acc\u00e8s<\/title>\n<meta name=\"description\" content=\"Cr\u00e9ation et conception de pi\u00e8ces en caoutchouc moul\u00e9. Sacatec, 71 rue de Voisins - BP 9 - 77411 Claye-Souilly Cedex - France\" \/>\n<meta name=\"robots\" content=\"index, follow, max-snippet:-1, max-image-preview:large, max-video-preview:-1\" \/>\n<link rel=\"canonical\" href=\"https:\/\/sacatec.fr\/it\/contact-sacatec\/\" \/>\n<meta property=\"og:locale\" content=\"it_IT\" \/>\n<meta property=\"og:type\" content=\"article\" \/>\n<meta property=\"og:title\" content=\"Sacatec : contact et acc\u00e8s\" \/>\n<meta property=\"og:description\" content=\"Cr\u00e9ation et conception de pi\u00e8ces en caoutchouc moul\u00e9. Sacatec, 71 rue de Voisins - BP 9 - 77411 Claye-Souilly Cedex - France\" \/>\n<meta property=\"og:url\" content=\"https:\/\/sacatec.fr\/it\/contact-sacatec\/\" \/>\n<meta property=\"og:site_name\" content=\"sacatec.fr\" \/>\n<meta property=\"article:modified_time\" content=\"2018-04-09T07:09:07+00:00\" \/>\n<meta name=\"twitter:card\" content=\"summary_large_image\" \/>\n<script type=\"application\/ld+json\" class=\"yoast-schema-graph\">{\"@context\":\"https:\/\/schema.org\",\"@graph\":[{\"@type\":\"WebPage\",\"@id\":\"https:\/\/sacatec.fr\/it\/contact-sacatec\/\",\"url\":\"https:\/\/sacatec.fr\/it\/contact-sacatec\/\",\"name\":\"Sacatec : contact et acc\u00e8s\",\"isPartOf\":{\"@id\":\"https:\/\/sacatec.fr\/#website\"},\"datePublished\":\"2017-07-03T07:24:05+00:00\",\"dateModified\":\"2018-04-09T07:09:07+00:00\",\"description\":\"Cr\u00e9ation et conception de pi\u00e8ces en caoutchouc moul\u00e9. Sacatec, 71 rue de Voisins - BP 9 - 77411 Claye-Souilly Cedex - France\",\"breadcrumb\":{\"@id\":\"https:\/\/sacatec.fr\/it\/contact-sacatec\/#breadcrumb\"},\"inLanguage\":\"it-IT\",\"potentialAction\":[{\"@type\":\"ReadAction\",\"target\":[\"https:\/\/sacatec.fr\/it\/contact-sacatec\/\"]}]},{\"@type\":\"BreadcrumbList\",\"@id\":\"https:\/\/sacatec.fr\/it\/contact-sacatec\/#breadcrumb\",\"itemListElement\":[{\"@type\":\"ListItem\",\"position\":1,\"name\":\"Accueil\",\"item\":\"https:\/\/sacatec.fr\/it\/\"},{\"@type\":\"ListItem\",\"position\":2,\"name\":\"Accesso &#8211; Contatti\"}]},{\"@type\":\"WebSite\",\"@id\":\"https:\/\/sacatec.fr\/#website\",\"url\":\"https:\/\/sacatec.fr\/\",\"name\":\"sacatec.fr\",\"description\":\"LE CAOUTCHOUC TECHNOLOGIQUE\",\"publisher\":{\"@id\":\"https:\/\/sacatec.fr\/#organization\"},\"potentialAction\":[{\"@type\":\"SearchAction\",\"target\":{\"@type\":\"EntryPoint\",\"urlTemplate\":\"https:\/\/sacatec.fr\/?s={search_term_string}\"},\"query-input\":{\"@type\":\"PropertyValueSpecification\",\"valueRequired\":true,\"valueName\":\"search_term_string\"}}],\"inLanguage\":\"it-IT\"},{\"@type\":\"Organization\",\"@id\":\"https:\/\/sacatec.fr\/#organization\",\"name\":\"Sacatec\",\"url\":\"https:\/\/sacatec.fr\/\",\"logo\":{\"@type\":\"ImageObject\",\"inLanguage\":\"it-IT\",\"@id\":\"https:\/\/sacatec.fr\/#\/schema\/logo\/image\/\",\"url\":\"https:\/\/www.sacatec.fr\/wp-content\/uploads\/2017\/07\/logo-sacatec.jpg\",\"contentUrl\":\"https:\/\/www.sacatec.fr\/wp-content\/uploads\/2017\/07\/logo-sacatec.jpg\",\"width\":506,\"height\":162,\"caption\":\"Sacatec\"},\"image\":{\"@id\":\"https:\/\/sacatec.fr\/#\/schema\/logo\/image\/\"}}]}<\/script>\n<!-- \/ Yoast SEO plugin. -->","yoast_head_json":{"title":"Sacatec : contact et acc\u00e8s","description":"Cr\u00e9ation et conception de pi\u00e8ces en caoutchouc moul\u00e9. Sacatec, 71 rue de Voisins - BP 9 - 77411 Claye-Souilly Cedex - France","robots":{"index":"index","follow":"follow","max-snippet":"max-snippet:-1","max-image-preview":"max-image-preview:large","max-video-preview":"max-video-preview:-1"},"canonical":"https:\/\/sacatec.fr\/it\/contact-sacatec\/","og_locale":"it_IT","og_type":"article","og_title":"Sacatec : contact et acc\u00e8s","og_description":"Cr\u00e9ation et conception de pi\u00e8ces en caoutchouc moul\u00e9. Sacatec, 71 rue de Voisins - BP 9 - 77411 Claye-Souilly Cedex - France","og_url":"https:\/\/sacatec.fr\/it\/contact-sacatec\/","og_site_name":"sacatec.fr","article_modified_time":"2018-04-09T07:09:07+00:00","twitter_card":"summary_large_image","schema":{"@context":"https:\/\/schema.org","@graph":[{"@type":"WebPage","@id":"https:\/\/sacatec.fr\/it\/contact-sacatec\/","url":"https:\/\/sacatec.fr\/it\/contact-sacatec\/","name":"Sacatec : contact et acc\u00e8s","isPartOf":{"@id":"https:\/\/sacatec.fr\/#website"},"datePublished":"2017-07-03T07:24:05+00:00","dateModified":"2018-04-09T07:09:07+00:00","description":"Cr\u00e9ation et conception de pi\u00e8ces en caoutchouc moul\u00e9. Sacatec, 71 rue de Voisins - BP 9 - 77411 Claye-Souilly Cedex - France","breadcrumb":{"@id":"https:\/\/sacatec.fr\/it\/contact-sacatec\/#breadcrumb"},"inLanguage":"it-IT","potentialAction":[{"@type":"ReadAction","target":["https:\/\/sacatec.fr\/it\/contact-sacatec\/"]}]},{"@type":"BreadcrumbList","@id":"https:\/\/sacatec.fr\/it\/contact-sacatec\/#breadcrumb","itemListElement":[{"@type":"ListItem","position":1,"name":"Accueil","item":"https:\/\/sacatec.fr\/it\/"},{"@type":"ListItem","position":2,"name":"Accesso &#8211; Contatti"}]},{"@type":"WebSite","@id":"https:\/\/sacatec.fr\/#website","url":"https:\/\/sacatec.fr\/","name":"sacatec.fr","description":"LE CAOUTCHOUC TECHNOLOGIQUE","publisher":{"@id":"https:\/\/sacatec.fr\/#organization"},"potentialAction":[{"@type":"SearchAction","target":{"@type":"EntryPoint","urlTemplate":"https:\/\/sacatec.fr\/?s={search_term_string}"},"query-input":{"@type":"PropertyValueSpecification","valueRequired":true,"valueName":"search_term_string"}}],"inLanguage":"it-IT"},{"@type":"Organization","@id":"https:\/\/sacatec.fr\/#organization","name":"Sacatec","url":"https:\/\/sacatec.fr\/","logo":{"@type":"ImageObject","inLanguage":"it-IT","@id":"https:\/\/sacatec.fr\/#\/schema\/logo\/image\/","url":"https:\/\/www.sacatec.fr\/wp-content\/uploads\/2017\/07\/logo-sacatec.jpg","contentUrl":"https:\/\/www.sacatec.fr\/wp-content\/uploads\/2017\/07\/logo-sacatec.jpg","width":506,"height":162,"caption":"Sacatec"},"image":{"@id":"https:\/\/sacatec.fr\/#\/schema\/logo\/image\/"}}]}},"_links":{"self":[{"href":"https:\/\/sacatec.fr\/it\/wp-json\/wp\/v2\/pages\/1053","targetHints":{"allow":["GET"]}}],"collection":[{"href":"https:\/\/sacatec.fr\/it\/wp-json\/wp\/v2\/pages"}],"about":[{"href":"https:\/\/sacatec.fr\/it\/wp-json\/wp\/v2\/types\/page"}],"author":[{"embeddable":true,"href":"https:\/\/sacatec.fr\/it\/wp-json\/wp\/v2\/users\/1"}],"replies":[{"embeddable":true,"href":"https:\/\/sacatec.fr\/it\/wp-json\/wp\/v2\/comments?post=1053"}],"version-history":[{"count":0,"href":"https:\/\/sacatec.fr\/it\/wp-json\/wp\/v2\/pages\/1053\/revisions"}],"wp:attachment":[{"href":"https:\/\/sacatec.fr\/it\/wp-json\/wp\/v2\/media?parent=1053"}],"curies":[{"name":"wp","href":"https:\/\/api.w.org\/{rel}","templated":true}]}}