{"id":942,"date":"2017-07-03T09:16:45","date_gmt":"2017-07-03T07:16:45","guid":{"rendered":"https:\/\/www.sacatec.fr\/vessies-caoutchouc-membranes-plots-soufflets\/"},"modified":"2018-09-04T16:23:14","modified_gmt":"2018-09-04T14:23:14","slug":"bladders-rubber-membranes-bellows","status":"publish","type":"page","link":"https:\/\/sacatec.fr\/en\/bladders-rubber-membranes-bellows\/","title":{"rendered":"Products"},"content":{"rendered":"<div id=\"vessies\">\n<div class=\"vessies1\">\n<div class=\"vessiestextes\">\n<h2>HYDRAULIC BLADDERS<\/h2>\n<\/div>\n<div class=\"vessiestextes2\">\n<p><strong>Sacatec is the world leader in hydraulic bladders.<\/strong><\/p>\n<p>Its high-quality products are recognised by major accumulator manufacturers, such that they are marketed in more than 20 countries.<br \/>\nThere is a large choice of bladders both in terms of size (0.1 litre to 575 litre capacity) and the quality of their elastomers which are determined according to fluid and temperatures.<br \/>\nIn particular, their performances include: <strong>gas impermeability, resistance to high temperature ranges, etc.<\/strong><\/p>\n<p>These rubber hydraulic bladders are used and approved by various sectors:<strong> aeronautical, oil, military, wind turbine, among others.<\/strong><\/p>\n<\/div>\n<div class=\"vessiesvisu\"><\/div>\n<\/p><\/div>\n<\/div>\n<div class=\"stopfloat\"><\/div>\n<div id=\"membranes\">\n<div class=\"membranes1\">\n<div class=\"membranestextes\">\n<h2>RUBBER MEMBRANES<\/h2>\n<\/div>\n<div class=\"membranestextes2\">\n<p>Sacatec has developed specific expertise in thin wall rubber parts combining both high mechanical resistance to repeated bending and resistance to permeation &#8211; two characteristics required in the hydraulics sector.<br \/>\nBut rubber membranes used for different purposes have also been developed for other sectors.<\/p>\n<p>The company manufactures <strong>hydraulic rubber membranes for breakers.<\/strong> They are submitted to high frequencies and have a long operating life and optimum level of water tightness. For that, a compound suitable for operation under stress and resistant to shocks has been developed.<\/p>\n<\/div>\n<div class=\"membranesvisu\"><\/div>\n<\/div>\n<\/div>\n<div class=\"stopfloat\"><\/div>\n<div id=\"metal\">\n<div class=\"metal1\">\n<div class=\"metaltextes\">\n<h2>RUBBER-METAL ANTI-VIBRATION<br \/>\nMOUNTS<\/h2>\n<\/div>\n<div class=\"metaltextes2\">\n<p>Sacatec is <strong>specialised in rubber-metal parts<\/strong> and makes anti-vibration components for train trailers. The company has developed specific compounds to meet the objectives of the specifications: operating life, resistance to mechanical and safety constraints.  <\/p>\n<p>Sacatec has extensive experience in the design and manufacture of anti-vibration mounts for specific vehicles and civil engineering machinery, such as anti-vibration pads for compactors, etc. These parts can be installed on numerous vehicles.<\/p>\n<p>As for <strong>the rubber-metal anti-vibration mounts for agricultural machinery,  <\/strong>Sacatec has optimised their geometry and perfected bonding on polyamide inserts to increase the life of the tools.<\/p>\n<\/div>\n<div class=\"metalvisu\"><\/div>\n<\/div>\n<\/div>\n<div class=\"stopfloat\"><\/div>\n<div id=\"soufflets\">\n<div class=\"soufflets1\">\n<div class=\"souffletstextes\">\n<h2>BELLOWS<\/h2>\n<\/div>\n<div class=\"souffletstextes2\">\n<p>Thanks to its expertise in developing rubber compounds and moulding thin wall parts combined with its experience in bladders, SACATEC has mastered the design and manufacture of complex-shaped bellows subjected to the stringent requirements of the rail and armament industries, among others.<\/p>\n<p>The company has developed specific compounds with customisable geometry so the bellows can be installed in various different configurations. <\/p>\n<p>Finally, the rubber compound has excellent properties in terms of resistance to cold temperatures, shocks and abrasion, as well as excellent performance in outdoor environments, such as: ozone, UV, rain, etc.\n<\/p>\n<\/div>\n<div class=\"souffletsvisu\"><\/div>\n<\/div>\n<\/div>\n<div class=\"stopfloat\"><\/div>\n<div id=\"articulations\">\n<div class=\"articulations1\">\n<div class=\"articulationstextes\">\n<h2>FLEXIBLE RUBBER BUSHES<\/h2>\n<\/div>\n<div class=\"articulationstextes2\">\n<p>Sacatec has real know-how in designing flexible bushes.<br \/>\nDeveloped and manufactured for varied and demanding industries such as:<br \/>\n&#8211; Agricultural machinery;<br \/>\n\u2013 Automotive industry;<br \/>\n\u2013 Rail;<br \/>\n\u2013 Industrial equipment;<br \/>\nfor effective and reliable vibration insulation.\n<\/p>\n<\/div>\n<div class=\"articulationsvisu\"><\/div>\n<\/div>\n<\/div>\n<div class=\"stopfloat\"><\/div>\n<div id=\"amortisseurs\">\n<div class=\"amortisseurs1\">\n<div class=\"amortisseurstextes\">\n<h2>RUBBER-METAL SHOCK ABSORBERS<\/h2>\n<div class=\"amortisseurstextes2\">\n<p>Sacatec manufactures <strong>shock-absorbing parts<\/strong> combining rubber and metal for vehicles and articulated lorries.<br \/>\nThese parts offer high resistance to distortion under load.<\/p>\n<p>The company also <strong>manufactures impact stops and progressive stops.<\/strong><\/p>\n<\/div>\n<div class=\"amortisseursvisu\"><\/div>\n<\/div>\n<\/div>\n<\/div>\n<div class=\"stopfloat\"><\/div>\n<div id=\"patins\">\n<div class=\"patins1\">\n<div class=\"patinstextes\">\n<h2>RUBBER PADS<br \/>\nFOR CIVIL ENGINEERING MACHINERY<br \/>\n<\/h2>\n<\/div>\n<div class=\"patinstextes2\">\n<p>Sacatec manufactures rubber pads for civil engineering crawler track machinery for road use. The rubber compounds developed to manufacture these pads enable them to resist abrasion, tearing, load, temperature (projection of hot bitumen) and cleaning agents. The geometry is also designed to offer the best possible stability and maximum operating life.<\/p>\n<p>These rubber pads not only protect the surface but also minimise<br \/>\nnoise pollution.<\/p>\n<\/div>\n<div class=\"patinsvisu\"><\/div>\n<\/div>\n<\/div>\n<div class=\"stopfloat\"><\/div>\n<div id=\"joints\">\n<div class=\"joints1\">\n<div class=\"jointstextes\">\n<h2>MOULDED RUBBER SEALS<\/h2>\n<\/div>\n<div class=\"jointstextes2\">\n<p><strong>The rubber episcope seals for the armour plated machinery<\/strong> manufactured by Sacatec offer optimal water resistance and a long life in all aggressive environments and over a wide temperature range. To perfect them, it was necessary to optimise their profile and develop a specific elastomer blend.<\/p>\n<p>Sacatec manufactures rubber parts in linear shape that can be up to 4 metres long.<br \/>\nTheir characteristics: their precise geometry, the quality of their water resistance and their long life.\n<\/p>\n<\/div>\n<div class=\"jointsvisu\"><\/div>\n<\/div>\n<\/div>\n<div class=\"stopfloat\"><\/div>\n<div id=\"bouchons\">\n<div class=\"bouchons1\">\n<div class=\"bouchonstextes\">\n<h2>RUBBER CEMENTING PLUGS<\/h2>\n<\/div>\n<div class=\"bouchonstextes2\">\n<p>The cementing plugs for oil wells manufactured by Sacatec offer consistent sealing performance and resistance to significant stresses, aggressive sludge, strong pressure and high temperatures.<br \/>\nDeveloping these rubber plugs took almost one year and a significant financial investment to design one part with optimised geometry.<\/p>\n<\/div>\n<div class=\"bouchonsvisu\"><\/div>\n<\/div>\n<\/div>\n<\/div>\n<div class=\"stopfloat\"><\/div>\n<div id=\"tuyaux\">\n<div class=\"tuyaux1\">\n<div class=\"tuyauxtextes\">\n<h2>TUBANO RUBBER HOSES<\/h2>\n<\/div>\n<div class=\"tuyauxtextes2\">\n<p>Tubano rubber hoses are used to extract vehicle exhaust gases in garages and industrial pollution clean-up equipment. These rubber pipes are made using an original technique which gives them a high-performance structure and exceptional characteristics in terms of bending and recovery after crushing.<br \/>\nThey are integrated and distributed by <a class=\"sacatecequipement\" href=\"http:\/\/www.sacatecequipement.com\/\" target=\"_blank\">SACATEC EQUIPEMENT.<\/a>.<\/p>\n<\/div>\n<div class=\"tuyauxvisu\"><\/div>\n<\/div>\n<\/div>\n<div class=\"stopfloat\"><\/div>\n<div id=\"melanges\">\n<div class=\"melanges1\">\n<div class=\"melangestextes\">\n<h2>CUSTOMISED COMPOUNDS<\/h2>\n<\/div>\n<div class=\"melangestextes2\">\n<p>With more than 50 years\u2019 experience and expertise in the formulation of specific rubber compounds, SACATEC designs and produces rubber compounds to meet the specific requirements of its customers.<\/p>\n<p>Our laboratory and chemists have, as an example, developed compounds for varied applications and sectors.<br \/>\n\u2022 Excellent resistance to extreme temperatures<br \/>\n\u2022 Excellent resistance to chemical attacks<br \/>\n\u2022 High hardness for shoe soles<br \/>\n\u2022 High resistance to abrasion for screens<br \/>\n\u2022 Insulating compound for overmoulding of electrical outlets<br \/>\n\u2022 Loaded compound radiation protection<br \/>\n\u2022 High-density, coloured compound loaded with metal particles for glove boxes.<\/p>\n<p>These compounds are supplied in formats that ensure the best possible integration of the final product into our customers\u2019 manufacturing processes.<\/p>\n<\/div>\n<div class=\"melangesvisu\"><\/div>\n<\/div>\n<\/div>\n","protected":false},"excerpt":{"rendered":"<p>HYDRAULIC BLADDERS Sacatec is the world leader in hydraulic bladders. Its high-quality products are recognised by major accumulator manufacturers, such that they are marketed in more than 20 countries. There is a large choice of bladders both in terms of size (0.1 litre to 575 litre capacity) and the quality of their elastomers which are [&hellip;]<\/p>\n","protected":false},"author":1,"featured_media":0,"parent":0,"menu_order":0,"comment_status":"closed","ping_status":"closed","template":"","meta":{"footnotes":""},"class_list":["post-942","page","type-page","status-publish","hentry"],"yoast_head":"<!-- This site is optimized with the Yoast SEO plugin v25.9 - https:\/\/yoast.com\/wordpress\/plugins\/seo\/ -->\n<title>SACATEC - Pi\u00e8ces en caoutchouc moul\u00e9 de haute technologie<\/title>\n<meta name=\"description\" content=\"Sacatec con\u00e7oit et fabrique des pi\u00e8ces en caoutchouc moul\u00e9 telles que : soufflets, membranes, vessies, plots antivibratoires, jpoints, et autres demandes sur \u00e9tude. Sacatec r\u00e9alise ses m\u00e9langes caoutchouc sur ses propres formulations.\" \/>\n<meta name=\"robots\" content=\"index, follow, max-snippet:-1, max-image-preview:large, max-video-preview:-1\" \/>\n<link rel=\"canonical\" href=\"https:\/\/sacatec.fr\/en\/bladders-rubber-membranes-bellows\/\" \/>\n<meta property=\"og:locale\" content=\"en_US\" \/>\n<meta property=\"og:type\" content=\"article\" \/>\n<meta property=\"og:title\" content=\"SACATEC - Pi\u00e8ces en caoutchouc moul\u00e9 de haute technologie\" \/>\n<meta property=\"og:description\" content=\"Sacatec con\u00e7oit et fabrique des pi\u00e8ces en caoutchouc moul\u00e9 telles que : soufflets, membranes, vessies, plots antivibratoires, jpoints, et autres demandes sur \u00e9tude. Sacatec r\u00e9alise ses m\u00e9langes caoutchouc sur ses propres formulations.\" \/>\n<meta property=\"og:url\" content=\"https:\/\/sacatec.fr\/en\/bladders-rubber-membranes-bellows\/\" \/>\n<meta property=\"og:site_name\" content=\"sacatec.fr\" \/>\n<meta property=\"article:modified_time\" content=\"2018-09-04T14:23:14+00:00\" \/>\n<meta name=\"twitter:card\" content=\"summary_large_image\" \/>\n<meta name=\"twitter:label1\" content=\"Est. reading time\" \/>\n\t<meta name=\"twitter:data1\" content=\"4 minutes\" \/>\n<script type=\"application\/ld+json\" class=\"yoast-schema-graph\">{\"@context\":\"https:\/\/schema.org\",\"@graph\":[{\"@type\":\"WebPage\",\"@id\":\"https:\/\/sacatec.fr\/en\/bladders-rubber-membranes-bellows\/\",\"url\":\"https:\/\/sacatec.fr\/en\/bladders-rubber-membranes-bellows\/\",\"name\":\"SACATEC - Pi\u00e8ces en caoutchouc moul\u00e9 de haute technologie\",\"isPartOf\":{\"@id\":\"https:\/\/sacatec.fr\/#website\"},\"datePublished\":\"2017-07-03T07:16:45+00:00\",\"dateModified\":\"2018-09-04T14:23:14+00:00\",\"description\":\"Sacatec con\u00e7oit et fabrique des pi\u00e8ces en caoutchouc moul\u00e9 telles que : soufflets, membranes, vessies, plots antivibratoires, jpoints, et autres demandes sur \u00e9tude. Sacatec r\u00e9alise ses m\u00e9langes caoutchouc sur ses propres formulations.\",\"breadcrumb\":{\"@id\":\"https:\/\/sacatec.fr\/en\/bladders-rubber-membranes-bellows\/#breadcrumb\"},\"inLanguage\":\"en-US\",\"potentialAction\":[{\"@type\":\"ReadAction\",\"target\":[\"https:\/\/sacatec.fr\/en\/bladders-rubber-membranes-bellows\/\"]}]},{\"@type\":\"BreadcrumbList\",\"@id\":\"https:\/\/sacatec.fr\/en\/bladders-rubber-membranes-bellows\/#breadcrumb\",\"itemListElement\":[{\"@type\":\"ListItem\",\"position\":1,\"name\":\"Accueil\",\"item\":\"https:\/\/sacatec.fr\/en\/\"},{\"@type\":\"ListItem\",\"position\":2,\"name\":\"Products\"}]},{\"@type\":\"WebSite\",\"@id\":\"https:\/\/sacatec.fr\/#website\",\"url\":\"https:\/\/sacatec.fr\/\",\"name\":\"sacatec.fr\",\"description\":\"LE CAOUTCHOUC TECHNOLOGIQUE\",\"publisher\":{\"@id\":\"https:\/\/sacatec.fr\/#organization\"},\"potentialAction\":[{\"@type\":\"SearchAction\",\"target\":{\"@type\":\"EntryPoint\",\"urlTemplate\":\"https:\/\/sacatec.fr\/?s={search_term_string}\"},\"query-input\":{\"@type\":\"PropertyValueSpecification\",\"valueRequired\":true,\"valueName\":\"search_term_string\"}}],\"inLanguage\":\"en-US\"},{\"@type\":\"Organization\",\"@id\":\"https:\/\/sacatec.fr\/#organization\",\"name\":\"Sacatec\",\"url\":\"https:\/\/sacatec.fr\/\",\"logo\":{\"@type\":\"ImageObject\",\"inLanguage\":\"en-US\",\"@id\":\"https:\/\/sacatec.fr\/#\/schema\/logo\/image\/\",\"url\":\"https:\/\/www.sacatec.fr\/wp-content\/uploads\/2017\/07\/logo-sacatec.jpg\",\"contentUrl\":\"https:\/\/www.sacatec.fr\/wp-content\/uploads\/2017\/07\/logo-sacatec.jpg\",\"width\":506,\"height\":162,\"caption\":\"Sacatec\"},\"image\":{\"@id\":\"https:\/\/sacatec.fr\/#\/schema\/logo\/image\/\"}}]}<\/script>\n<!-- \/ Yoast SEO plugin. -->","yoast_head_json":{"title":"SACATEC - Pi\u00e8ces en caoutchouc moul\u00e9 de haute technologie","description":"Sacatec con\u00e7oit et fabrique des pi\u00e8ces en caoutchouc moul\u00e9 telles que : soufflets, membranes, vessies, plots antivibratoires, jpoints, et autres demandes sur \u00e9tude. Sacatec r\u00e9alise ses m\u00e9langes caoutchouc sur ses propres formulations.","robots":{"index":"index","follow":"follow","max-snippet":"max-snippet:-1","max-image-preview":"max-image-preview:large","max-video-preview":"max-video-preview:-1"},"canonical":"https:\/\/sacatec.fr\/en\/bladders-rubber-membranes-bellows\/","og_locale":"en_US","og_type":"article","og_title":"SACATEC - Pi\u00e8ces en caoutchouc moul\u00e9 de haute technologie","og_description":"Sacatec con\u00e7oit et fabrique des pi\u00e8ces en caoutchouc moul\u00e9 telles que : soufflets, membranes, vessies, plots antivibratoires, jpoints, et autres demandes sur \u00e9tude. Sacatec r\u00e9alise ses m\u00e9langes caoutchouc sur ses propres formulations.","og_url":"https:\/\/sacatec.fr\/en\/bladders-rubber-membranes-bellows\/","og_site_name":"sacatec.fr","article_modified_time":"2018-09-04T14:23:14+00:00","twitter_card":"summary_large_image","twitter_misc":{"Est. reading time":"4 minutes"},"schema":{"@context":"https:\/\/schema.org","@graph":[{"@type":"WebPage","@id":"https:\/\/sacatec.fr\/en\/bladders-rubber-membranes-bellows\/","url":"https:\/\/sacatec.fr\/en\/bladders-rubber-membranes-bellows\/","name":"SACATEC - Pi\u00e8ces en caoutchouc moul\u00e9 de haute technologie","isPartOf":{"@id":"https:\/\/sacatec.fr\/#website"},"datePublished":"2017-07-03T07:16:45+00:00","dateModified":"2018-09-04T14:23:14+00:00","description":"Sacatec con\u00e7oit et fabrique des pi\u00e8ces en caoutchouc moul\u00e9 telles que : soufflets, membranes, vessies, plots antivibratoires, jpoints, et autres demandes sur \u00e9tude. Sacatec r\u00e9alise ses m\u00e9langes caoutchouc sur ses propres formulations.","breadcrumb":{"@id":"https:\/\/sacatec.fr\/en\/bladders-rubber-membranes-bellows\/#breadcrumb"},"inLanguage":"en-US","potentialAction":[{"@type":"ReadAction","target":["https:\/\/sacatec.fr\/en\/bladders-rubber-membranes-bellows\/"]}]},{"@type":"BreadcrumbList","@id":"https:\/\/sacatec.fr\/en\/bladders-rubber-membranes-bellows\/#breadcrumb","itemListElement":[{"@type":"ListItem","position":1,"name":"Accueil","item":"https:\/\/sacatec.fr\/en\/"},{"@type":"ListItem","position":2,"name":"Products"}]},{"@type":"WebSite","@id":"https:\/\/sacatec.fr\/#website","url":"https:\/\/sacatec.fr\/","name":"sacatec.fr","description":"LE CAOUTCHOUC TECHNOLOGIQUE","publisher":{"@id":"https:\/\/sacatec.fr\/#organization"},"potentialAction":[{"@type":"SearchAction","target":{"@type":"EntryPoint","urlTemplate":"https:\/\/sacatec.fr\/?s={search_term_string}"},"query-input":{"@type":"PropertyValueSpecification","valueRequired":true,"valueName":"search_term_string"}}],"inLanguage":"en-US"},{"@type":"Organization","@id":"https:\/\/sacatec.fr\/#organization","name":"Sacatec","url":"https:\/\/sacatec.fr\/","logo":{"@type":"ImageObject","inLanguage":"en-US","@id":"https:\/\/sacatec.fr\/#\/schema\/logo\/image\/","url":"https:\/\/www.sacatec.fr\/wp-content\/uploads\/2017\/07\/logo-sacatec.jpg","contentUrl":"https:\/\/www.sacatec.fr\/wp-content\/uploads\/2017\/07\/logo-sacatec.jpg","width":506,"height":162,"caption":"Sacatec"},"image":{"@id":"https:\/\/sacatec.fr\/#\/schema\/logo\/image\/"}}]}},"_links":{"self":[{"href":"https:\/\/sacatec.fr\/en\/wp-json\/wp\/v2\/pages\/942","targetHints":{"allow":["GET"]}}],"collection":[{"href":"https:\/\/sacatec.fr\/en\/wp-json\/wp\/v2\/pages"}],"about":[{"href":"https:\/\/sacatec.fr\/en\/wp-json\/wp\/v2\/types\/page"}],"author":[{"embeddable":true,"href":"https:\/\/sacatec.fr\/en\/wp-json\/wp\/v2\/users\/1"}],"replies":[{"embeddable":true,"href":"https:\/\/sacatec.fr\/en\/wp-json\/wp\/v2\/comments?post=942"}],"version-history":[{"count":1,"href":"https:\/\/sacatec.fr\/en\/wp-json\/wp\/v2\/pages\/942\/revisions"}],"predecessor-version":[{"id":1326,"href":"https:\/\/sacatec.fr\/en\/wp-json\/wp\/v2\/pages\/942\/revisions\/1326"}],"wp:attachment":[{"href":"https:\/\/sacatec.fr\/en\/wp-json\/wp\/v2\/media?parent=942"}],"curies":[{"name":"wp","href":"https:\/\/api.w.org\/{rel}","templated":true}]}}