{"id":912,"date":"2017-07-03T09:09:00","date_gmt":"2017-07-03T07:09:00","guid":{"rendered":"https:\/\/www.sacatec.fr\/caoutchouc-defense-ferroviaire-hydraulique-industrie\/"},"modified":"2025-03-14T09:20:22","modified_gmt":"2025-03-14T08:20:22","slug":"rubber-defence-rail-hydraulics-industry","status":"publish","type":"page","link":"https:\/\/sacatec.fr\/en\/rubber-defence-rail-hydraulics-industry\/","title":{"rendered":"Markets"},"content":{"rendered":"<div id=\"ferroviaire\">\n<div class=\"visuferroviaire\"><\/div>\n<div class=\"texteferroviaire\">\n<h2 class=\"h2ferroviaire\">RAIL<\/h2>\n<p class=\"pferroviaire\"><span>&gt;<\/span> The numerous rubber moulded parts manufactured by Sacatec for the rail industry have been recognised for years: anti-vibration parts and systems, water-resistant components, bonded membranes, etc.<br \/>\n\t     &nbsp;<br \/>\n             <span>&gt;<\/span> Supplier for almost 40 years and Member of the FIF (French Railway Industries Association). SACATEC meets customer needs in terms of: operating life, impermeability, resistance to abrasion, chemical products, vibrations and high and low temperatures, self-extinguishability, fire\/smoke classification.<\/p>\n<\/p><\/div>\n<\/div>\n<div class=\"stopfloat\"><\/div>\n<div id=\"hydrolique\">\n<div class=\"visuhydrolique\"><\/div>\n<div class=\"textehydrolique\">\n<h2 class=\"h2hydrolique\">HYDRAULICS<\/h2>\n<p class=\"phydrolique\"><span>&gt;<\/span> To meet the specific requirements of the specifications set out by companies in the hydraulics industry, Sacatec creates very thin hydraulic bladders and membranes that are resistant to chemical agents and effectively address problems related to the separation of gas\/fluid media, as well as anti-extrusion rings.<br \/>\n             &nbsp;<br \/>\n             <span>&gt;<\/span> Sacatec is the world leader in this market.<\/p>\n<\/p><\/div>\n<\/div>\n<div class=\"stopfloat\"><\/div>\n<div id=\"travaux\">\n<div class=\"visutravaux\"><\/div>\n<div class=\"textetravaux\">\n<h2 class=\"h2travaux\">CIVIL ENGINEERING<\/h2>\n<p class=\"ptravaux\"><span>&gt;<\/span> Designing and manufacturing <strong>moulded rubber parts<\/strong> (often of significant size) that are reliable and highly resistant to wear, stress, abrasion or hydrocarbons. These are the main features of the solutions that Sacatec develops for its customers in the civil engineering sector.<br \/>\n             &nbsp;<br \/>\n             <span>&gt;<\/span> The rubber parts manufactured for the civil engineering sector comply with all the standards of these environments:<strong> finisher pads, track pads, hydraulic membranes, engine mounting systems, shock absorbers, anti-vibration pads for compactors, etc.<\/strong><\/p>\n<\/p><\/div>\n<\/div>\n<div class=\"stopfloat\"><\/div>\n<div id=\"defense\">\n<div class=\"visudefense\"><\/div>\n<div class=\"textedefense\">\n<h2 class=\"h2defense\">DEFENCE<\/h2>\n<p class=\"pdefense\"><span>&gt;<\/span> For the Aeronautical, Land and Naval sector of the Defence industry, Sacatec designs and manufactures <strong>customised rubber parts<\/strong> that are highly reliable and, in particular, able to resistant high temperatures, abrasion, strong vibrations, etc.<br \/>\n<br \/>\n\u2022\u00a0Bladders for life vest launching equipment for helicopters<br \/>\n\u2022\u00a0Stops for missile harnesses<br \/>\n<strong>\u2022\u00a0Episcope seals<br \/>\n\u2022\u00a0Tank support wheels<br \/>\n\u2022\u00a0Infrared viewfinder seals<br \/>\n\u2022\u00a0Thermal protection for missiles<br \/>\n\u2022\u00a0Suspension membranes for tanks<br \/>\n\u2022\u00a0Water-resistant bellows for aircraft carriers<br \/>\n\u2022\u00a0Anti-vibration mounts for light-armoured vehicles.<\/strong><\/p>\n<\/p><\/div>\n<\/div>\n<div class=\"stopfloat\"><\/div>\n<div id=\"industriels\">\n<div class=\"visuindustriels\"><\/div>\n<div class=\"texteindustriels\">\n<h2 class=\"h2industriels\">INDUSTRIAL EQUIPMENT<\/h2>\n<p class=\"pindustriels\"><span>&gt;<\/span> Sacatec is active in various industrial equipment, naval and electrical sectors, among others.<br \/>\n&nbsp;<br \/>\n             <span>&gt;<\/span> The company is experienced in the specific features of moulded rubber parts for harbour equipment:<strong> marine defenders, exhaust gas dampers, plate stops, bellows with injectors, etc. with resistance to high stresses, ageing control and rubber-metal bonding offering excellent durability in the marine environment<\/strong><br \/>\nSacatec is also experienced <strong>in the specific requirements of the electrical industry for which it designs rubber parts composed of insulating compounds or conductors: stops, bellows, flexible bushes, pre-stressed bushes, etc.<\/strong><\/p>\n<\/p><\/div>\n<\/div>\n<div class=\"stopfloat\"><\/div>\n<div id=\"agricoles\">\n<div class=\"visuagricoles\"><\/div>\n<div class=\"texteagricoles\">\n<h2 class=\"h2agricoles\">AGRICULTURAL EQUIPMENT<\/h2>\n<p class=\"pagricoles\"><span>&gt;<\/span> Sacatec has extensive experience in the agricultural and food processing sector.<br \/>\n&nbsp;<br \/>\n             <span>&gt;<\/span> The numerous and varied rubber parts that it designs (often similar to those in civil engineering) and develops for its customers, meet all <strong>the stringent criteria for robustness and reliability: anti-vibration mounts, bushes, etc.<\/strong><\/p>\n<\/p><\/div>\n<\/div>\n<div class=\"stopfloat\"><\/div>\n<div id=\"petrolier\">\n<div class=\"visupetrolier\"><\/div>\n<div class=\"textepetrolier\">\n<h2 class=\"h2petrolier\">OIL<\/h2>\n<p class=\"ppetrolier\">Companies working in the oil drilling sector know they can rely on Sacatec <strong>to create customised rubber parts <\/strong>that meet the very specific requirements of their specifications: <strong>problems related to water resistance, harsh and aggressive chemical environments, resistance to high temperatures, extreme loads, etc.<\/strong><br \/>\n&nbsp;<br \/>\nThe quality of the formulations that the company develops are also recognised by its customers who buy Sacatec compounds directly.<br \/>\n&nbsp;<br \/>\n<strong>The cementing plug for the drilling shaft, a very high-tech part,<\/strong> is representative of the rubber parts that Sacatec manufactures for the oil sector.<\/p>\n<\/p><\/div>\n<\/div>\n","protected":false},"excerpt":{"rendered":"<p>RAIL &gt; The numerous rubber moulded parts manufactured by Sacatec for the rail industry have been recognised for years: anti-vibration parts and systems, water-resistant components, bonded membranes, etc. &nbsp; &gt; Supplier for almost 40 years and Member of the FIF (French Railway Industries Association). SACATEC meets customer needs in terms of: operating life, impermeability, resistance [&hellip;]<\/p>\n","protected":false},"author":1,"featured_media":0,"parent":0,"menu_order":0,"comment_status":"closed","ping_status":"closed","template":"","meta":{"footnotes":""},"class_list":["post-912","page","type-page","status-publish","hentry"],"yoast_head":"<!-- This site is optimized with the Yoast SEO plugin v25.9 - https:\/\/yoast.com\/wordpress\/plugins\/seo\/ -->\n<title>SACATEC - Pi\u00e8ces moul\u00e9es en caoutchouc de haute performance.<\/title>\n<meta name=\"description\" content=\"Sacatec con\u00e7oit des pi\u00e8ces en caoutchouc moul\u00e9es de haute technologie pour des domaines exigeants comme le ferroviaire, la d\u00e9fense, l&#039;hydraulique, etc. Cr\u00e9ation, formulation, production.\" \/>\n<meta name=\"robots\" content=\"index, follow, max-snippet:-1, max-image-preview:large, max-video-preview:-1\" \/>\n<link rel=\"canonical\" href=\"https:\/\/sacatec.fr\/en\/rubber-defence-rail-hydraulics-industry\/\" \/>\n<meta property=\"og:locale\" content=\"en_US\" \/>\n<meta property=\"og:type\" content=\"article\" \/>\n<meta property=\"og:title\" content=\"SACATEC - Pi\u00e8ces moul\u00e9es en caoutchouc de haute performance.\" \/>\n<meta property=\"og:description\" content=\"Sacatec con\u00e7oit des pi\u00e8ces en caoutchouc moul\u00e9es de haute technologie pour des domaines exigeants comme le ferroviaire, la d\u00e9fense, l&#039;hydraulique, etc. Cr\u00e9ation, formulation, production.\" \/>\n<meta property=\"og:url\" content=\"https:\/\/sacatec.fr\/en\/rubber-defence-rail-hydraulics-industry\/\" \/>\n<meta property=\"og:site_name\" content=\"sacatec.fr\" \/>\n<meta property=\"article:modified_time\" content=\"2025-03-14T08:20:22+00:00\" \/>\n<meta name=\"twitter:card\" content=\"summary_large_image\" \/>\n<meta name=\"twitter:label1\" content=\"Est. reading time\" \/>\n\t<meta name=\"twitter:data1\" content=\"3 minutes\" \/>\n<script type=\"application\/ld+json\" class=\"yoast-schema-graph\">{\"@context\":\"https:\/\/schema.org\",\"@graph\":[{\"@type\":\"WebPage\",\"@id\":\"https:\/\/sacatec.fr\/en\/rubber-defence-rail-hydraulics-industry\/\",\"url\":\"https:\/\/sacatec.fr\/en\/rubber-defence-rail-hydraulics-industry\/\",\"name\":\"SACATEC - Pi\u00e8ces moul\u00e9es en caoutchouc de haute performance.\",\"isPartOf\":{\"@id\":\"https:\/\/sacatec.fr\/#website\"},\"datePublished\":\"2017-07-03T07:09:00+00:00\",\"dateModified\":\"2025-03-14T08:20:22+00:00\",\"description\":\"Sacatec con\u00e7oit des pi\u00e8ces en caoutchouc moul\u00e9es de haute technologie pour des domaines exigeants comme le ferroviaire, la d\u00e9fense, l'hydraulique, etc. Cr\u00e9ation, formulation, production.\",\"breadcrumb\":{\"@id\":\"https:\/\/sacatec.fr\/en\/rubber-defence-rail-hydraulics-industry\/#breadcrumb\"},\"inLanguage\":\"en-US\",\"potentialAction\":[{\"@type\":\"ReadAction\",\"target\":[\"https:\/\/sacatec.fr\/en\/rubber-defence-rail-hydraulics-industry\/\"]}]},{\"@type\":\"BreadcrumbList\",\"@id\":\"https:\/\/sacatec.fr\/en\/rubber-defence-rail-hydraulics-industry\/#breadcrumb\",\"itemListElement\":[{\"@type\":\"ListItem\",\"position\":1,\"name\":\"Accueil\",\"item\":\"https:\/\/sacatec.fr\/en\/\"},{\"@type\":\"ListItem\",\"position\":2,\"name\":\"Markets\"}]},{\"@type\":\"WebSite\",\"@id\":\"https:\/\/sacatec.fr\/#website\",\"url\":\"https:\/\/sacatec.fr\/\",\"name\":\"sacatec.fr\",\"description\":\"LE CAOUTCHOUC TECHNOLOGIQUE\",\"publisher\":{\"@id\":\"https:\/\/sacatec.fr\/#organization\"},\"potentialAction\":[{\"@type\":\"SearchAction\",\"target\":{\"@type\":\"EntryPoint\",\"urlTemplate\":\"https:\/\/sacatec.fr\/?s={search_term_string}\"},\"query-input\":{\"@type\":\"PropertyValueSpecification\",\"valueRequired\":true,\"valueName\":\"search_term_string\"}}],\"inLanguage\":\"en-US\"},{\"@type\":\"Organization\",\"@id\":\"https:\/\/sacatec.fr\/#organization\",\"name\":\"Sacatec\",\"url\":\"https:\/\/sacatec.fr\/\",\"logo\":{\"@type\":\"ImageObject\",\"inLanguage\":\"en-US\",\"@id\":\"https:\/\/sacatec.fr\/#\/schema\/logo\/image\/\",\"url\":\"https:\/\/www.sacatec.fr\/wp-content\/uploads\/2017\/07\/logo-sacatec.jpg\",\"contentUrl\":\"https:\/\/www.sacatec.fr\/wp-content\/uploads\/2017\/07\/logo-sacatec.jpg\",\"width\":506,\"height\":162,\"caption\":\"Sacatec\"},\"image\":{\"@id\":\"https:\/\/sacatec.fr\/#\/schema\/logo\/image\/\"}}]}<\/script>\n<!-- \/ Yoast SEO plugin. -->","yoast_head_json":{"title":"SACATEC - Pi\u00e8ces moul\u00e9es en caoutchouc de haute performance.","description":"Sacatec con\u00e7oit des pi\u00e8ces en caoutchouc moul\u00e9es de haute technologie pour des domaines exigeants comme le ferroviaire, la d\u00e9fense, l'hydraulique, etc. Cr\u00e9ation, formulation, production.","robots":{"index":"index","follow":"follow","max-snippet":"max-snippet:-1","max-image-preview":"max-image-preview:large","max-video-preview":"max-video-preview:-1"},"canonical":"https:\/\/sacatec.fr\/en\/rubber-defence-rail-hydraulics-industry\/","og_locale":"en_US","og_type":"article","og_title":"SACATEC - Pi\u00e8ces moul\u00e9es en caoutchouc de haute performance.","og_description":"Sacatec con\u00e7oit des pi\u00e8ces en caoutchouc moul\u00e9es de haute technologie pour des domaines exigeants comme le ferroviaire, la d\u00e9fense, l'hydraulique, etc. Cr\u00e9ation, formulation, production.","og_url":"https:\/\/sacatec.fr\/en\/rubber-defence-rail-hydraulics-industry\/","og_site_name":"sacatec.fr","article_modified_time":"2025-03-14T08:20:22+00:00","twitter_card":"summary_large_image","twitter_misc":{"Est. reading time":"3 minutes"},"schema":{"@context":"https:\/\/schema.org","@graph":[{"@type":"WebPage","@id":"https:\/\/sacatec.fr\/en\/rubber-defence-rail-hydraulics-industry\/","url":"https:\/\/sacatec.fr\/en\/rubber-defence-rail-hydraulics-industry\/","name":"SACATEC - Pi\u00e8ces moul\u00e9es en caoutchouc de haute performance.","isPartOf":{"@id":"https:\/\/sacatec.fr\/#website"},"datePublished":"2017-07-03T07:09:00+00:00","dateModified":"2025-03-14T08:20:22+00:00","description":"Sacatec con\u00e7oit des pi\u00e8ces en caoutchouc moul\u00e9es de haute technologie pour des domaines exigeants comme le ferroviaire, la d\u00e9fense, l'hydraulique, etc. Cr\u00e9ation, formulation, production.","breadcrumb":{"@id":"https:\/\/sacatec.fr\/en\/rubber-defence-rail-hydraulics-industry\/#breadcrumb"},"inLanguage":"en-US","potentialAction":[{"@type":"ReadAction","target":["https:\/\/sacatec.fr\/en\/rubber-defence-rail-hydraulics-industry\/"]}]},{"@type":"BreadcrumbList","@id":"https:\/\/sacatec.fr\/en\/rubber-defence-rail-hydraulics-industry\/#breadcrumb","itemListElement":[{"@type":"ListItem","position":1,"name":"Accueil","item":"https:\/\/sacatec.fr\/en\/"},{"@type":"ListItem","position":2,"name":"Markets"}]},{"@type":"WebSite","@id":"https:\/\/sacatec.fr\/#website","url":"https:\/\/sacatec.fr\/","name":"sacatec.fr","description":"LE CAOUTCHOUC TECHNOLOGIQUE","publisher":{"@id":"https:\/\/sacatec.fr\/#organization"},"potentialAction":[{"@type":"SearchAction","target":{"@type":"EntryPoint","urlTemplate":"https:\/\/sacatec.fr\/?s={search_term_string}"},"query-input":{"@type":"PropertyValueSpecification","valueRequired":true,"valueName":"search_term_string"}}],"inLanguage":"en-US"},{"@type":"Organization","@id":"https:\/\/sacatec.fr\/#organization","name":"Sacatec","url":"https:\/\/sacatec.fr\/","logo":{"@type":"ImageObject","inLanguage":"en-US","@id":"https:\/\/sacatec.fr\/#\/schema\/logo\/image\/","url":"https:\/\/www.sacatec.fr\/wp-content\/uploads\/2017\/07\/logo-sacatec.jpg","contentUrl":"https:\/\/www.sacatec.fr\/wp-content\/uploads\/2017\/07\/logo-sacatec.jpg","width":506,"height":162,"caption":"Sacatec"},"image":{"@id":"https:\/\/sacatec.fr\/#\/schema\/logo\/image\/"}}]}},"_links":{"self":[{"href":"https:\/\/sacatec.fr\/en\/wp-json\/wp\/v2\/pages\/912","targetHints":{"allow":["GET"]}}],"collection":[{"href":"https:\/\/sacatec.fr\/en\/wp-json\/wp\/v2\/pages"}],"about":[{"href":"https:\/\/sacatec.fr\/en\/wp-json\/wp\/v2\/types\/page"}],"author":[{"embeddable":true,"href":"https:\/\/sacatec.fr\/en\/wp-json\/wp\/v2\/users\/1"}],"replies":[{"embeddable":true,"href":"https:\/\/sacatec.fr\/en\/wp-json\/wp\/v2\/comments?post=912"}],"version-history":[{"count":3,"href":"https:\/\/sacatec.fr\/en\/wp-json\/wp\/v2\/pages\/912\/revisions"}],"predecessor-version":[{"id":1969,"href":"https:\/\/sacatec.fr\/en\/wp-json\/wp\/v2\/pages\/912\/revisions\/1969"}],"wp:attachment":[{"href":"https:\/\/sacatec.fr\/en\/wp-json\/wp\/v2\/media?parent=912"}],"curies":[{"name":"wp","href":"https:\/\/api.w.org\/{rel}","templated":true}]}}