{"id":890,"date":"2017-07-03T09:03:58","date_gmt":"2017-07-03T07:03:58","guid":{"rendered":"https:\/\/www.sacatec.fr\/bureau-d-etude-presses-caoutchouc\/"},"modified":"2025-03-14T09:07:01","modified_gmt":"2025-03-14T08:07:01","slug":"technical-resources","status":"publish","type":"page","link":"https:\/\/sacatec.fr\/en\/technical-resources\/","title":{"rendered":"Technical resources"},"content":{"rendered":"<p><meta name=\"format-detection\" content=\"telephone=no\" \/><\/p>\n<div id=\"bureauetudes\">\n<div id=\"bureauetudes1\">\n<h2>Engineering Department<\/h2>\n<div class=\"textesmoyen\">\n<p><span>&gt; <\/span>Our Engineering Department is able to design and develop high-tech rubber parts,<strong>in particular rubber-metal parts<\/strong> or <strong>any other customised rubber product.<\/strong><\/p>\n<p><span>&gt; <\/span>The ED can work from existing plans or design a customised part from start to finish.<\/p>\n<p><span>&gt; <\/span>The ED is involved in all the design stages<br \/>\n\u2022 Tools and moulds CAD design<br \/>\n\u2022\u00a0Rubber and rubber-metal part CAD design<br \/>\nou caoutchouc-m\u00e9tal<br \/>\n\u2022\u00a0Prototyping<br \/>\n\u2022\u00a0Compound formulation and selection<br \/>\n\u2022\u00a0Manufacturing.<\/p>\n<\/div>\n<div class=\"visuelmoyen\">\n<p class=\"visuelmoyen1\">\n<\/div><\/div>\n<\/div>\n<div class=\"stopfloat\"> <\/div>\n<div id=\"laboratoire\">\n<div class=\"fondgrishaut\"><\/div>\n<div id=\"laboratoire1\">\n<h2>Laboratory<\/h2>\n<div class=\"textesmoyen\">\n<p><span>&gt; <\/span>Sacatec has a fully-equipped laboratory used to control all stages of production, from the testing of raw materials upstream, research and development tests (including tuning and \u201chalt and hass\u201d testing) through to mechanical testing after production (tension, tearing, hardness, resistance to ageing, abrasion).<\/p>\n<p class=\"laborouge\">Some of the equipment in our laboratory:<\/p>\n<p>\u2022 Rheometer: measures the vulcanization curve<br \/>\n\u2022 Dynamometer: measures tensile strength and elongation at break<br \/>\n\u2022 Labthink VAC-V2 &#038; Adixen leak detector \u2013 ASM 142: measures nitrogen and other gas permeability<br \/>\n\u2022 Fourier transform infrared (FTIR) spectrometer: Infrared spectrometer<br \/>\n\u2022 Flexometer: Measures fatigue<br \/>\n\u2022 Durometer: Measures Shore A hardness<br \/>\n\u2022 Kern density meter: Measures density<br \/>\n\u2022 Abrasion tester: Measures abrasion resistance<br \/>\n\u2022 Zwick ball rebound tester: Measures rebound resilience<br \/>\n\u2022 Rebondim\u00e8tre Zwick : Mesure de r\u00e9silience<br \/>\n\u2022 Temperature chamber: measurement of heat\/fluid resistance<br \/>\n\u2022 etc.<\/p>\n<\/p><\/div>\n<div class=\"visuelmoyen\">\n<p class=\"visuelmoyen1\">\n<p class=\"visuelmoyen2\">\n<\/div><\/div>\n<div class=\"fondgrisbas\"><\/div>\n<\/div>\n<div class=\"stopfloat\"><\/div>\n<div id=\"production\">\n<div id=\"production1\">\n<h2>Production machines<\/h2>\n<div class=\"textesmoyen\">\n<p>\n\u2022 Internal blenders<br \/>\n\u2022 Control station<br \/>\n\u2022 External blenders<br \/>\n\u2022 3-roll calandar machine (900 width)<br \/>\n\u2022 4 extruders<br \/>\n\u2022 Bonding station<br \/>\n\u2022 Decompression bench<br \/>\n\u2022 Cycling bench<br \/>\n\u2022 11 injection moulding presses (160 to 500 tonne)<br \/>\n\u2022 36 compression moulding presses (60 to 700 tonne)<br \/>\n\u2022 Bladder assembly workshop<\/p>\n<\/p><\/div>\n<div class=\"visuelmoyen\">\n<p class=\"visuelmoyen1\">\n<\/p><\/div>\n<\/div>\n<div class=\"stopfloat\"> <\/div>\n<div id=\"qualite\">\n<div class=\"fondgrishaut\"><\/div>\n<div id=\"qualite1\">\n<h2>Quality<\/h2>\n<div class=\"textesmoyen\">\n<p><span>&gt; <\/span>Quality is at the core of Sacatec&#8217;s approach and has been one of its priorities since its creation. The company has always focused on improving the different production and control phases of its products: <strong>customised compounds, bonding,<\/strong> gas impermeability, deflection under load, etc.<br \/>\nAccordingly, since 1980, the company has attained military, rail and aeronautics quality certification followed by ISO 9001 certification in 2003, then EN9100.<\/p>\n<p><span>&gt; <\/span>Beyond ensuring the quality of the products offered to its customers, for Sacatec quality also means unit traceability, practised in certain markets, one of which is the aeronautical industry, but also the quality of service. Customer satisfaction is also measured by the number of maximum quality ratings that Sacatec receives.<\/p>\n<p><span>&gt; <\/span>Finally, quality is also synonymous with continuous improvement practised within the company in all production stages, as well as design and support services.<\/p>\n<\/div>\n<div class=\"visuelmoyen\">\n<p class=\"visuelmoyen1\">\n<\/p><\/div>\n<div class=\"iso\">\n<p class=\"iso9001\">\n<\/div><\/div>\n<\/div>\n","protected":false},"excerpt":{"rendered":"<p>Engineering Department &gt; Our Engineering Department is able to design and develop high-tech rubber parts,in particular rubber-metal parts or any other customised rubber product. &gt; The ED can work from existing plans or design a customised part from start to finish. &gt; The ED is involved in all the design stages \u2022 Tools and moulds [&hellip;]<\/p>\n","protected":false},"author":1,"featured_media":0,"parent":0,"menu_order":0,"comment_status":"closed","ping_status":"closed","template":"","meta":{"footnotes":""},"class_list":["post-890","page","type-page","status-publish","hentry"],"yoast_head":"<!-- This site is optimized with the Yoast SEO plugin v25.9 - https:\/\/yoast.com\/wordpress\/plugins\/seo\/ -->\n<title>SACATEC - Conception fabrication de pi\u00e8ces en caoutchouc technologique<\/title>\n<meta name=\"description\" content=\"Sacatec poss\u00e8de un bureau d&#039;\u00e9tudes, un parc machines diversifi\u00e9 et une capacit\u00e9 de fabrication de m\u00e9langes de caoutchouc qui lui permet de r\u00e9pondre aux demandes industrielles les plus pointues.\" \/>\n<meta name=\"robots\" content=\"index, follow, max-snippet:-1, max-image-preview:large, max-video-preview:-1\" \/>\n<link rel=\"canonical\" href=\"https:\/\/sacatec.fr\/en\/technical-resources\/\" \/>\n<meta property=\"og:locale\" content=\"en_US\" \/>\n<meta property=\"og:type\" content=\"article\" \/>\n<meta property=\"og:title\" content=\"SACATEC - Conception fabrication de pi\u00e8ces en caoutchouc technologique\" \/>\n<meta property=\"og:description\" content=\"Sacatec poss\u00e8de un bureau d&#039;\u00e9tudes, un parc machines diversifi\u00e9 et une capacit\u00e9 de fabrication de m\u00e9langes de caoutchouc qui lui permet de r\u00e9pondre aux demandes industrielles les plus pointues.\" \/>\n<meta property=\"og:url\" content=\"https:\/\/sacatec.fr\/en\/technical-resources\/\" \/>\n<meta property=\"og:site_name\" content=\"sacatec.fr\" \/>\n<meta property=\"article:modified_time\" content=\"2025-03-14T08:07:01+00:00\" \/>\n<meta name=\"twitter:card\" content=\"summary_large_image\" \/>\n<meta name=\"twitter:label1\" content=\"Est. reading time\" \/>\n\t<meta name=\"twitter:data1\" content=\"2 minutes\" \/>\n<script type=\"application\/ld+json\" class=\"yoast-schema-graph\">{\"@context\":\"https:\/\/schema.org\",\"@graph\":[{\"@type\":\"WebPage\",\"@id\":\"https:\/\/sacatec.fr\/en\/technical-resources\/\",\"url\":\"https:\/\/sacatec.fr\/en\/technical-resources\/\",\"name\":\"SACATEC - Conception fabrication de pi\u00e8ces en caoutchouc technologique\",\"isPartOf\":{\"@id\":\"https:\/\/sacatec.fr\/#website\"},\"datePublished\":\"2017-07-03T07:03:58+00:00\",\"dateModified\":\"2025-03-14T08:07:01+00:00\",\"description\":\"Sacatec poss\u00e8de un bureau d'\u00e9tudes, un parc machines diversifi\u00e9 et une capacit\u00e9 de fabrication de m\u00e9langes de caoutchouc qui lui permet de r\u00e9pondre aux demandes industrielles les plus pointues.\",\"breadcrumb\":{\"@id\":\"https:\/\/sacatec.fr\/en\/technical-resources\/#breadcrumb\"},\"inLanguage\":\"en-US\",\"potentialAction\":[{\"@type\":\"ReadAction\",\"target\":[\"https:\/\/sacatec.fr\/en\/technical-resources\/\"]}]},{\"@type\":\"BreadcrumbList\",\"@id\":\"https:\/\/sacatec.fr\/en\/technical-resources\/#breadcrumb\",\"itemListElement\":[{\"@type\":\"ListItem\",\"position\":1,\"name\":\"Accueil\",\"item\":\"https:\/\/sacatec.fr\/en\/\"},{\"@type\":\"ListItem\",\"position\":2,\"name\":\"Technical resources\"}]},{\"@type\":\"WebSite\",\"@id\":\"https:\/\/sacatec.fr\/#website\",\"url\":\"https:\/\/sacatec.fr\/\",\"name\":\"sacatec.fr\",\"description\":\"LE CAOUTCHOUC TECHNOLOGIQUE\",\"publisher\":{\"@id\":\"https:\/\/sacatec.fr\/#organization\"},\"potentialAction\":[{\"@type\":\"SearchAction\",\"target\":{\"@type\":\"EntryPoint\",\"urlTemplate\":\"https:\/\/sacatec.fr\/?s={search_term_string}\"},\"query-input\":{\"@type\":\"PropertyValueSpecification\",\"valueRequired\":true,\"valueName\":\"search_term_string\"}}],\"inLanguage\":\"en-US\"},{\"@type\":\"Organization\",\"@id\":\"https:\/\/sacatec.fr\/#organization\",\"name\":\"Sacatec\",\"url\":\"https:\/\/sacatec.fr\/\",\"logo\":{\"@type\":\"ImageObject\",\"inLanguage\":\"en-US\",\"@id\":\"https:\/\/sacatec.fr\/#\/schema\/logo\/image\/\",\"url\":\"https:\/\/www.sacatec.fr\/wp-content\/uploads\/2017\/07\/logo-sacatec.jpg\",\"contentUrl\":\"https:\/\/www.sacatec.fr\/wp-content\/uploads\/2017\/07\/logo-sacatec.jpg\",\"width\":506,\"height\":162,\"caption\":\"Sacatec\"},\"image\":{\"@id\":\"https:\/\/sacatec.fr\/#\/schema\/logo\/image\/\"}}]}<\/script>\n<!-- \/ Yoast SEO plugin. -->","yoast_head_json":{"title":"SACATEC - Conception fabrication de pi\u00e8ces en caoutchouc technologique","description":"Sacatec poss\u00e8de un bureau d'\u00e9tudes, un parc machines diversifi\u00e9 et une capacit\u00e9 de fabrication de m\u00e9langes de caoutchouc qui lui permet de r\u00e9pondre aux demandes industrielles les plus pointues.","robots":{"index":"index","follow":"follow","max-snippet":"max-snippet:-1","max-image-preview":"max-image-preview:large","max-video-preview":"max-video-preview:-1"},"canonical":"https:\/\/sacatec.fr\/en\/technical-resources\/","og_locale":"en_US","og_type":"article","og_title":"SACATEC - Conception fabrication de pi\u00e8ces en caoutchouc technologique","og_description":"Sacatec poss\u00e8de un bureau d'\u00e9tudes, un parc machines diversifi\u00e9 et une capacit\u00e9 de fabrication de m\u00e9langes de caoutchouc qui lui permet de r\u00e9pondre aux demandes industrielles les plus pointues.","og_url":"https:\/\/sacatec.fr\/en\/technical-resources\/","og_site_name":"sacatec.fr","article_modified_time":"2025-03-14T08:07:01+00:00","twitter_card":"summary_large_image","twitter_misc":{"Est. reading time":"2 minutes"},"schema":{"@context":"https:\/\/schema.org","@graph":[{"@type":"WebPage","@id":"https:\/\/sacatec.fr\/en\/technical-resources\/","url":"https:\/\/sacatec.fr\/en\/technical-resources\/","name":"SACATEC - Conception fabrication de pi\u00e8ces en caoutchouc technologique","isPartOf":{"@id":"https:\/\/sacatec.fr\/#website"},"datePublished":"2017-07-03T07:03:58+00:00","dateModified":"2025-03-14T08:07:01+00:00","description":"Sacatec poss\u00e8de un bureau d'\u00e9tudes, un parc machines diversifi\u00e9 et une capacit\u00e9 de fabrication de m\u00e9langes de caoutchouc qui lui permet de r\u00e9pondre aux demandes industrielles les plus pointues.","breadcrumb":{"@id":"https:\/\/sacatec.fr\/en\/technical-resources\/#breadcrumb"},"inLanguage":"en-US","potentialAction":[{"@type":"ReadAction","target":["https:\/\/sacatec.fr\/en\/technical-resources\/"]}]},{"@type":"BreadcrumbList","@id":"https:\/\/sacatec.fr\/en\/technical-resources\/#breadcrumb","itemListElement":[{"@type":"ListItem","position":1,"name":"Accueil","item":"https:\/\/sacatec.fr\/en\/"},{"@type":"ListItem","position":2,"name":"Technical resources"}]},{"@type":"WebSite","@id":"https:\/\/sacatec.fr\/#website","url":"https:\/\/sacatec.fr\/","name":"sacatec.fr","description":"LE CAOUTCHOUC TECHNOLOGIQUE","publisher":{"@id":"https:\/\/sacatec.fr\/#organization"},"potentialAction":[{"@type":"SearchAction","target":{"@type":"EntryPoint","urlTemplate":"https:\/\/sacatec.fr\/?s={search_term_string}"},"query-input":{"@type":"PropertyValueSpecification","valueRequired":true,"valueName":"search_term_string"}}],"inLanguage":"en-US"},{"@type":"Organization","@id":"https:\/\/sacatec.fr\/#organization","name":"Sacatec","url":"https:\/\/sacatec.fr\/","logo":{"@type":"ImageObject","inLanguage":"en-US","@id":"https:\/\/sacatec.fr\/#\/schema\/logo\/image\/","url":"https:\/\/www.sacatec.fr\/wp-content\/uploads\/2017\/07\/logo-sacatec.jpg","contentUrl":"https:\/\/www.sacatec.fr\/wp-content\/uploads\/2017\/07\/logo-sacatec.jpg","width":506,"height":162,"caption":"Sacatec"},"image":{"@id":"https:\/\/sacatec.fr\/#\/schema\/logo\/image\/"}}]}},"_links":{"self":[{"href":"https:\/\/sacatec.fr\/en\/wp-json\/wp\/v2\/pages\/890","targetHints":{"allow":["GET"]}}],"collection":[{"href":"https:\/\/sacatec.fr\/en\/wp-json\/wp\/v2\/pages"}],"about":[{"href":"https:\/\/sacatec.fr\/en\/wp-json\/wp\/v2\/types\/page"}],"author":[{"embeddable":true,"href":"https:\/\/sacatec.fr\/en\/wp-json\/wp\/v2\/users\/1"}],"replies":[{"embeddable":true,"href":"https:\/\/sacatec.fr\/en\/wp-json\/wp\/v2\/comments?post=890"}],"version-history":[{"count":2,"href":"https:\/\/sacatec.fr\/en\/wp-json\/wp\/v2\/pages\/890\/revisions"}],"predecessor-version":[{"id":1956,"href":"https:\/\/sacatec.fr\/en\/wp-json\/wp\/v2\/pages\/890\/revisions\/1956"}],"wp:attachment":[{"href":"https:\/\/sacatec.fr\/en\/wp-json\/wp\/v2\/media?parent=890"}],"curies":[{"name":"wp","href":"https:\/\/api.w.org\/{rel}","templated":true}]}}