{"id":943,"date":"2017-07-03T09:16:45","date_gmt":"2017-07-03T07:16:45","guid":{"rendered":"https:\/\/www.sacatec.fr\/vessies-caoutchouc-membranes-plots-soufflets\/"},"modified":"2018-04-11T09:35:11","modified_gmt":"2018-04-11T07:35:11","slug":"blasenspeicher-kautschuk-gummimembranen-baelge","status":"publish","type":"page","link":"https:\/\/sacatec.fr\/de\/blasenspeicher-kautschuk-gummimembranen-baelge\/","title":{"rendered":"Produkte"},"content":{"rendered":"<div id=\"vessies\">\n<div class=\"vessies1\">\n<div class=\"vessiestextes\">\n<h2>HYDRAULIK-BLASENSPEICHER<\/h2>\n<\/div>\n<div class=\"vessiestextes2\">\n<p><strong>Sacatec ist Weltmarktf\u00fchrer im Bereich Hydraulik-Blasenspeicher.<\/strong><\/p>\n<p>Seine Hochqualit\u00e4tsproduktion ist bei den wichtigsten Herstellern von Hydraulikspeichern in solchem Ma\u00dfe anerkannt, dass es seine Produkte in \u00fcber 20 L\u00e4ndern vertreibt.<br \/>\nEs steht eine umfangreiche Auswahl an Blasenspeichern sowohl hinsichtlich ihrer Gr\u00f6\u00dfe (Kapazit\u00e4t von 0,1 Liter bis 575 Litern) als auch der Qualit\u00e4t der in ihnen verarbeiteten Elastomere zur Verf\u00fcgung, die sich nach den vorgesehenen Fluiden und Temperaturen bestimmt.<br \/>\nIhre Leistungseigenschaften umfassen vor allem: <strong>Gasundurchl\u00e4ssigkeit, Best\u00e4ndigkeit gegen\u00fcber hohen Temperaturbereichen\u2026<\/strong><\/p>\n<p>Diese Hydraulik-Blasenspeicher aus Gummi werden in verschiedenen Industriebereichen eingesetzt und verf\u00fcgen \u00fcber entsprechende Zulassungen: Luftfahrt, \u00d6lindustrie, R\u00fcstungssektor, Windkraft, \u2026<\/strong><\/p>\n<\/div>\n<div class=\"vessiesvisu\"><\/div>\n<\/p><\/div>\n<\/div>\n<div class=\"stopfloat\"><\/div>\n<div id=\"membranes\">\n<div class=\"membranes1\">\n<div class=\"membranestextes\">\n<h2>GUMMIMEMBRANEN<\/h2>\n<\/div>\n<div class=\"membranestextes2\">\n<p>SSacatec hat besondere Kompetenz im Bereich d\u00fcnnwandiger Gummiteile aufgebaut, welche hohe mechanische Festigkeit gegen wiederholtes Biegen und Permeationsbest\u00e4ndigkeit miteinander verbinden \u2013 Eigenschaften, auf die es im Hydrauliksektor ankommt.<br \/>\nEs wurden aber auch Gummimembranen von unterschiedlicher Funktion f\u00fcr andere Industriebereiche entwickelt<\/p>\n<p>Das Unternehmen fertigt <strong>Hydraulik-Gummimembranen f\u00fcr Felsbrecher.<\/strong> Diese werden hohen Ersch\u00fctterungsfrequenzen ausgesetzt, weshalb sie eine hervorragende Lebensdauer und optimale Dichtigkeitseigenschaften bieten. Hierf\u00fcr wurde eine an die Erm\u00fcdungsbeanspruchung angepasste und ersch\u00fctterungsbest\u00e4ndige Mischung entwickelt.<\/p>\n<\/div>\n<div class=\"membranesvisu\"><\/div>\n<\/div>\n<\/div>\n<div class=\"stopfloat\"><\/div>\n<div id=\"metal\">\n<div class=\"metal1\">\n<div class=\"metaltextes\">\n<h2>SCHWINGUNGSD\u00c4MPFENDE LAGER AUS METALLGUMMI<\/h2>\n<\/div>\n<div class=\"metaltextes2\">\n<p>Sacatec ist <strong>Spezialist f\u00fcr Metall-Gummi-Teile<\/strong> und stellt schwingungsd\u00e4mpfende Teile f\u00fcr Drehgestelle von Z\u00fcgen her. Das Unternehmen hat spezielle Mischungen entwickelt, um den hohen Leistungsvorgaben der Anforderungskataloge gerecht zu werden: Haltbarkeit, Best\u00e4ndigkeit gegen\u00fcber mechanischen Beanspruchungen und Sicherheit. <\/p>\n<p>Sacatec besitzt langj\u00e4hrige Erfahrung in der Entwicklung und Herstellung von <strong>von schwingungsd\u00e4mpfenden Lagern f\u00fcr Personenkraftfahrzeuge und Baumaschinen<\/strong>\u00a0wie z.B. schwingungsd\u00e4mpfende Puffer f\u00fcr Kompressoren\u2026 Diese Teile k\u00f6nnen in zahlreichen Fahrzeugen verbaut werden.<\/p>\n<p><strong>Was schwingungsd\u00e4mpfende Lager aus Metallgummi f\u00fcr Agrarmaschinen anbelangt,<\/strong> so hat Sacatec deren Geometrie optimiert und eine Haftverbindung mit Polyamideinlage entwickelt, um die Lebensdauer der Ger\u00e4te zu erh\u00f6hen.-<\/p>\n<\/div>\n<div class=\"metalvisu\"><\/div>\n<\/div>\n<\/div>\n<div class=\"stopfloat\"><\/div>\n<div id=\"soufflets\">\n<div class=\"soufflets1\">\n<div class=\"souffletstextes\">\n<h2>B\u00c4LGE<\/h2>\n<\/div>\n<div class=\"souffletstextes2\">\n<p>Dank seiner Kompetenz in der Entwicklung von Gummimischungen und im Spritzgie\u00dfen d\u00fcnnwandiger Teile in Verbindung mit seiner Erfahrung im Bereich Blasenspeicher ist SACATEC Spezialist f\u00fcr die Entwicklung und Herstellung von B\u00e4lgen mit komplexen Formen, die den strengen Anforderungen der Eisenbahn-, R\u00fcstungsindustrie, usw. gen\u00fcgen.<\/p>\n<p>Das Unternehmen hat spezielle Mischungen und eine sog. anpassbare Geometrie entwickelt, damit sich ein Balg in unterschiedlichen Konfigurationen entfalten kann.<\/p>\n<p>Nicht zuletzt zeichnet sich die Gummimischung durch hervorragende Eigenschaften in Bezug auf K\u00e4lteverhalten, Sto\u00df- und Abriebfestigkeit sowie sehr gute Verhaltenseigenschaften in Au\u00dfenumgebungen aus, wie z.B. gegen\u00fcber Ozon, UV, Regen\u2026<\/p>\n<\/div>\n<div class=\"souffletsvisu\"><\/div>\n<\/div>\n<\/div>\n<div class=\"stopfloat\"><\/div>\n<div id=\"articulations\">\n<div class=\"articulations1\">\n<div class=\"articulationstextes\">\n<h2>ELASTISCHE GUMMIGELENKE<\/h2>\n<\/div>\n<div class=\"articulationstextes2\">\n<p>Sacatec verf\u00fcgt \u00fcber echtes Know-how in der Entwicklung elastischer Gelenke.<br \/>\nDiese werden f\u00fcr ebenso vielf\u00e4ltige wie anspruchsvolle Einsatzgebiete entwickelt und hergestellt, darunter:<br \/>\n\u2013 Landwirtschaftliche Maschinen;<br \/>\n\u2013 Automobilindustrie;<br \/>\n\u2013 Eisenbahnsektor;<br \/>\n\u2013 Industrieausr\u00fcstungen;<br \/>\nf\u00fcr eine effektive und zuverl\u00e4ssige Schwingungsd\u00e4mpfung.<\/p>\n<\/div>\n<div class=\"articulationsvisu\"><\/div>\n<\/div>\n<\/div>\n<div class=\"stopfloat\"><\/div>\n<div id=\"amortisseurs\">\n<div class=\"amortisseurs1\">\n<div class=\"amortisseurstextes\">\n<h2>METALLGUMMI-D\u00c4MPFER<\/h2>\n<div class=\"amortisseurstextes2\">\n<p>Sacatec stellt <strong>D\u00e4mpfungsteile her,<\/strong> f\u00fcr die Gummi und Metall in Kombination verarbeitet werden; diese werden f\u00fcr Maschinen und Sattelauflieger verwendet.<br \/>\nDiese Teile bieten eine hohe Verformungsfestigkeit unter Grenzbeanspruchung.<\/p>\n<p>Das Unternehmen fertigt ebenso <strong>Sto\u00dfanschl\u00e4ge und progressive Anschl\u00e4ge.<\/strong><\/p>\n<\/div>\n<div class=\"amortisseursvisu\"><\/div>\n<\/div>\n<\/div>\n<\/div>\n<div class=\"stopfloat\"><\/div>\n<div id=\"patins\">\n<div class=\"patins1\">\n<div class=\"patinstextes\">\n<h2>GUMMIPUFFER F\u00dcR BAUMASCHINEN<\/h2>\n<\/div>\n<div class=\"patinstextes2\">\n<p>Sacatec stellt Gummipuffer f\u00fcr Raupenketten von Stra\u00dfenbaumaschinen her.  Die zur Fertigung dieser Puffer entwickelten Gummimischungen bieten ihnen eine bessere Abrieb- und Durchrei\u00dffestigkeit sowie Temperatur- (hei\u00dfe Bitumenspritzer) und Reinigungsmittelbest\u00e4ndigkeit. Die Geometrie wurde ebenfalls bei der Entwicklung ber\u00fccksichtigt, um eine bestm\u00f6gliche Stabilit\u00e4t und maximale Lebensdauer zu gew\u00e4hrleisten.<\/p>\n<p>Diese Gummipuffer sch\u00fctzen nicht nur die Fahrbahn,<br \/>\nsondern reduzieren auch die L\u00e4rmbelastungen.<\/p>\n<\/div>\n<div class=\"patinsvisu\"><\/div>\n<\/div>\n<\/div>\n<div class=\"stopfloat\"><\/div>\n<div id=\"joints\">\n<div class=\"joints1\">\n<div class=\"jointstextes\">\n<h2>FORMDICHTUNGEN AUS GUMMI<\/h2>\n<\/div>\n<div class=\"jointstextes2\">\n<p><strong>Die von Sacatec hergestellten Episkop (Sehschlitz)-Gummidichtungen f\u00fcr Panzerfahrzeuge<\/strong> bieten eine optimale Dichtigkeit, eine lange Haltbarkeit in allen aggressiven Umgebungen und in einem breiten Temperaturspektrum- F\u00fcr deren Entwicklung musste ihr Profil optimiert und eine spezielle Elastomermischung zubereitet werden.<\/p>\n<p>Sacatec fertigt linear geformte Gummidichtungen, die eine L\u00e4nge von 4 m erreichen k\u00f6nnen.<br \/>\nDeren Besonderheiten: ihre pr\u00e4zise Geometrie, ihre Dichtheitsqualit\u00e4t und ihre hohe Lebensdauer.<\/p>\n<\/div>\n<div class=\"jointsvisu\"><\/div>\n<\/div>\n<\/div>\n<div class=\"stopfloat\"><\/div>\n<div id=\"bouchons\">\n<div class=\"bouchons1\">\n<div class=\"bouchonstextes\">\n<h2>ZEMENTIERSTOPFEN AUS GUMMI<\/h2>\n<\/div>\n<div class=\"bouchonstextes2\">\n<p>Die von Sacatec hergestellten Zementierstopfen f\u00fcr Erd\u00f6l-Bohrl\u00f6cher bieten eine best\u00e4ndige Dichtheit und zeichnen sich durch ihre Widerstandsf\u00e4higkeit gegen\u00fcber starken Beanspruchungen, aggressiven Schl\u00e4mmen, gro\u00dfen Druckbelastungen und hohen Temperaturen aus.<\/p>\n<p>Die Entwicklung dieser Gummistopfen hat nahezu ein Jahr in Anspruch genommen und entsprechende finanzielle Investitionen erfordert, um einen Komplexentwurf eines Teils mit optimierter Geometrie hervorzubringen.<\/p>\n<\/div>\n<div class=\"bouchonsvisu\"><\/div>\n<\/div>\n<\/div>\n<\/div>\n<div class=\"stopfloat\"><\/div>\n<div id=\"tuyaux\">\n<div class=\"tuyaux1\">\n<div class=\"tuyauxtextes\">\n<h2>TUBANO GUMMISCHL\u00c4UCHE<\/h2>\n<\/div>\n<div class=\"tuyauxtextes2\">\n<p>Die Tubano Gummischl\u00e4uche werden zur Abf\u00fchrung von Abgasen in Garagen und in industriellen Entstaubungsanlagen eingesetzt. Diese Gummischl\u00e4uche werden unter Einsatz eines speziellen Verfahrens hergestellt, wodurch sie eine leistungsf\u00e4hige Struktur und au\u00dfergew\u00f6hnliche Biege- und R\u00fcckverformungseigenschaften nach Quetschung aufweisen.<br \/>\nDiese werden von <a class=\"sacatecequipement\" href=\"http:\/\/www.sacatecequipement.com\/\" target=\"_blank\">SACATEC EQUIPEMENT<\/a> integriert und verteilt.<\/p>\n<\/div>\n<div class=\"tuyauxvisu\"><\/div>\n<\/div>\n<\/div>\n<div class=\"stopfloat\"><\/div>\n<div id=\"melanges\">\n<div class=\"melanges1\">\n<div class=\"melangestextes\">\n<h2>AUFTRAGSMISCHUNGEN<\/h2>\n<\/div>\n<div class=\"melangestextes2\">\n<p>Gest\u00fctzt auf seine Kompetenzen und seine \u00fcber 50-j\u00e4hrige Erfahrung in der Herstellung von Spezialgummimischungen entwickelt und fertigt SACATEC Rohgummimischungen entsprechend den besonderen Anforderungen seiner Kunden.<br \/>\nSo haben unser Labor und unsere Chemiker beispielsweise Mischungen f\u00fcr vielf\u00e4ltige Anwendungen und Einsatzgebiete entwickelt.<br \/>\n\u2022 Hervorragende Best\u00e4ndigkeit gegen\u00fcber hohen Temperaturen<br \/>\n\u2022 Ausgezeichnete Widerstandsf\u00e4higkeit gegen\u00fcber chemischen Einwirkungen<br \/>\n\u2022 Gro\u00dfe H\u00e4rte f\u00fcr Schuhsohlen<br \/>\n\u2022 Hohe Abriebfestigkeit f\u00fcr Siebgewebe<br \/>\n\u2022 Isolierende Mischung f\u00fcr Umspritzungen elektrischer Steckvorrichtungen<br \/>\n\u2022 Gef\u00fcllte Mischung f\u00fcr Strahlenschutz<br \/>\n\u2022 Farbmischung hoher Dichte beladen mit Metallpartikeln f\u00fcr Handschuhfach.<br \/>\nDiese Mischungen werden in Formaten geliefert, welche die bestm\u00f6gliche Integration in den Produktionsablauf des Endprodukts unserer Kunden bieten.<\/p>\n<\/div>\n<div class=\"melangesvisu\"><\/div>\n<\/div>\n<\/div>\n","protected":false},"excerpt":{"rendered":"<p>HYDRAULIK-BLASENSPEICHER Sacatec ist Weltmarktf\u00fchrer im Bereich Hydraulik-Blasenspeicher. Seine Hochqualit\u00e4tsproduktion ist bei den wichtigsten Herstellern von Hydraulikspeichern in solchem Ma\u00dfe anerkannt, dass es seine Produkte in \u00fcber 20 L\u00e4ndern vertreibt. Es steht eine umfangreiche Auswahl an Blasenspeichern sowohl hinsichtlich ihrer Gr\u00f6\u00dfe (Kapazit\u00e4t von 0,1 Liter bis 575 Litern) als auch der Qualit\u00e4t der in ihnen verarbeiteten [&hellip;]<\/p>\n","protected":false},"author":1,"featured_media":0,"parent":0,"menu_order":0,"comment_status":"closed","ping_status":"closed","template":"","meta":{"footnotes":""},"class_list":["post-943","page","type-page","status-publish","hentry"],"yoast_head":"<!-- This site is optimized with the Yoast SEO plugin v25.9 - https:\/\/yoast.com\/wordpress\/plugins\/seo\/ -->\n<title>SACATEC - Pi\u00e8ces en caoutchouc moul\u00e9 de haute technologie<\/title>\n<meta name=\"description\" content=\"Sacatec con\u00e7oit et fabrique des pi\u00e8ces en caoutchouc moul\u00e9 telles que : soufflets, membranes, vessies, plots antivibratoires, jpoints, et autres demandes sur \u00e9tude. Sacatec r\u00e9alise ses m\u00e9langes caoutchouc sur ses propres formulations.\" \/>\n<meta name=\"robots\" content=\"index, follow, max-snippet:-1, max-image-preview:large, max-video-preview:-1\" \/>\n<link rel=\"canonical\" href=\"https:\/\/sacatec.fr\/de\/blasenspeicher-kautschuk-gummimembranen-baelge\/\" \/>\n<meta property=\"og:locale\" content=\"de_DE\" \/>\n<meta property=\"og:type\" content=\"article\" \/>\n<meta property=\"og:title\" content=\"SACATEC - Pi\u00e8ces en caoutchouc moul\u00e9 de haute technologie\" \/>\n<meta property=\"og:description\" content=\"Sacatec con\u00e7oit et fabrique des pi\u00e8ces en caoutchouc moul\u00e9 telles que : soufflets, membranes, vessies, plots antivibratoires, jpoints, et autres demandes sur \u00e9tude. Sacatec r\u00e9alise ses m\u00e9langes caoutchouc sur ses propres formulations.\" \/>\n<meta property=\"og:url\" content=\"https:\/\/sacatec.fr\/de\/blasenspeicher-kautschuk-gummimembranen-baelge\/\" \/>\n<meta property=\"og:site_name\" content=\"sacatec.fr\" \/>\n<meta property=\"article:modified_time\" content=\"2018-04-11T07:35:11+00:00\" \/>\n<meta name=\"twitter:card\" content=\"summary_large_image\" \/>\n<meta name=\"twitter:label1\" content=\"Gesch\u00e4tzte Lesezeit\" \/>\n\t<meta name=\"twitter:data1\" content=\"4\u00a0Minuten\" \/>\n<script type=\"application\/ld+json\" class=\"yoast-schema-graph\">{\"@context\":\"https:\/\/schema.org\",\"@graph\":[{\"@type\":\"WebPage\",\"@id\":\"https:\/\/sacatec.fr\/de\/blasenspeicher-kautschuk-gummimembranen-baelge\/\",\"url\":\"https:\/\/sacatec.fr\/de\/blasenspeicher-kautschuk-gummimembranen-baelge\/\",\"name\":\"SACATEC - Pi\u00e8ces en caoutchouc moul\u00e9 de haute technologie\",\"isPartOf\":{\"@id\":\"https:\/\/sacatec.fr\/#website\"},\"datePublished\":\"2017-07-03T07:16:45+00:00\",\"dateModified\":\"2018-04-11T07:35:11+00:00\",\"description\":\"Sacatec con\u00e7oit et fabrique des pi\u00e8ces en caoutchouc moul\u00e9 telles que : soufflets, membranes, vessies, plots antivibratoires, jpoints, et autres demandes sur \u00e9tude. Sacatec r\u00e9alise ses m\u00e9langes caoutchouc sur ses propres formulations.\",\"breadcrumb\":{\"@id\":\"https:\/\/sacatec.fr\/de\/blasenspeicher-kautschuk-gummimembranen-baelge\/#breadcrumb\"},\"inLanguage\":\"de\",\"potentialAction\":[{\"@type\":\"ReadAction\",\"target\":[\"https:\/\/sacatec.fr\/de\/blasenspeicher-kautschuk-gummimembranen-baelge\/\"]}]},{\"@type\":\"BreadcrumbList\",\"@id\":\"https:\/\/sacatec.fr\/de\/blasenspeicher-kautschuk-gummimembranen-baelge\/#breadcrumb\",\"itemListElement\":[{\"@type\":\"ListItem\",\"position\":1,\"name\":\"Accueil\",\"item\":\"https:\/\/sacatec.fr\/de\/\"},{\"@type\":\"ListItem\",\"position\":2,\"name\":\"Produkte\"}]},{\"@type\":\"WebSite\",\"@id\":\"https:\/\/sacatec.fr\/#website\",\"url\":\"https:\/\/sacatec.fr\/\",\"name\":\"sacatec.fr\",\"description\":\"LE CAOUTCHOUC TECHNOLOGIQUE\",\"publisher\":{\"@id\":\"https:\/\/sacatec.fr\/#organization\"},\"potentialAction\":[{\"@type\":\"SearchAction\",\"target\":{\"@type\":\"EntryPoint\",\"urlTemplate\":\"https:\/\/sacatec.fr\/?s={search_term_string}\"},\"query-input\":{\"@type\":\"PropertyValueSpecification\",\"valueRequired\":true,\"valueName\":\"search_term_string\"}}],\"inLanguage\":\"de\"},{\"@type\":\"Organization\",\"@id\":\"https:\/\/sacatec.fr\/#organization\",\"name\":\"Sacatec\",\"url\":\"https:\/\/sacatec.fr\/\",\"logo\":{\"@type\":\"ImageObject\",\"inLanguage\":\"de\",\"@id\":\"https:\/\/sacatec.fr\/#\/schema\/logo\/image\/\",\"url\":\"https:\/\/www.sacatec.fr\/wp-content\/uploads\/2017\/07\/logo-sacatec.jpg\",\"contentUrl\":\"https:\/\/www.sacatec.fr\/wp-content\/uploads\/2017\/07\/logo-sacatec.jpg\",\"width\":506,\"height\":162,\"caption\":\"Sacatec\"},\"image\":{\"@id\":\"https:\/\/sacatec.fr\/#\/schema\/logo\/image\/\"}}]}<\/script>\n<!-- \/ Yoast SEO plugin. -->","yoast_head_json":{"title":"SACATEC - Pi\u00e8ces en caoutchouc moul\u00e9 de haute technologie","description":"Sacatec con\u00e7oit et fabrique des pi\u00e8ces en caoutchouc moul\u00e9 telles que : soufflets, membranes, vessies, plots antivibratoires, jpoints, et autres demandes sur \u00e9tude. Sacatec r\u00e9alise ses m\u00e9langes caoutchouc sur ses propres formulations.","robots":{"index":"index","follow":"follow","max-snippet":"max-snippet:-1","max-image-preview":"max-image-preview:large","max-video-preview":"max-video-preview:-1"},"canonical":"https:\/\/sacatec.fr\/de\/blasenspeicher-kautschuk-gummimembranen-baelge\/","og_locale":"de_DE","og_type":"article","og_title":"SACATEC - Pi\u00e8ces en caoutchouc moul\u00e9 de haute technologie","og_description":"Sacatec con\u00e7oit et fabrique des pi\u00e8ces en caoutchouc moul\u00e9 telles que : soufflets, membranes, vessies, plots antivibratoires, jpoints, et autres demandes sur \u00e9tude. Sacatec r\u00e9alise ses m\u00e9langes caoutchouc sur ses propres formulations.","og_url":"https:\/\/sacatec.fr\/de\/blasenspeicher-kautschuk-gummimembranen-baelge\/","og_site_name":"sacatec.fr","article_modified_time":"2018-04-11T07:35:11+00:00","twitter_card":"summary_large_image","twitter_misc":{"Gesch\u00e4tzte Lesezeit":"4\u00a0Minuten"},"schema":{"@context":"https:\/\/schema.org","@graph":[{"@type":"WebPage","@id":"https:\/\/sacatec.fr\/de\/blasenspeicher-kautschuk-gummimembranen-baelge\/","url":"https:\/\/sacatec.fr\/de\/blasenspeicher-kautschuk-gummimembranen-baelge\/","name":"SACATEC - Pi\u00e8ces en caoutchouc moul\u00e9 de haute technologie","isPartOf":{"@id":"https:\/\/sacatec.fr\/#website"},"datePublished":"2017-07-03T07:16:45+00:00","dateModified":"2018-04-11T07:35:11+00:00","description":"Sacatec con\u00e7oit et fabrique des pi\u00e8ces en caoutchouc moul\u00e9 telles que : soufflets, membranes, vessies, plots antivibratoires, jpoints, et autres demandes sur \u00e9tude. Sacatec r\u00e9alise ses m\u00e9langes caoutchouc sur ses propres formulations.","breadcrumb":{"@id":"https:\/\/sacatec.fr\/de\/blasenspeicher-kautschuk-gummimembranen-baelge\/#breadcrumb"},"inLanguage":"de","potentialAction":[{"@type":"ReadAction","target":["https:\/\/sacatec.fr\/de\/blasenspeicher-kautschuk-gummimembranen-baelge\/"]}]},{"@type":"BreadcrumbList","@id":"https:\/\/sacatec.fr\/de\/blasenspeicher-kautschuk-gummimembranen-baelge\/#breadcrumb","itemListElement":[{"@type":"ListItem","position":1,"name":"Accueil","item":"https:\/\/sacatec.fr\/de\/"},{"@type":"ListItem","position":2,"name":"Produkte"}]},{"@type":"WebSite","@id":"https:\/\/sacatec.fr\/#website","url":"https:\/\/sacatec.fr\/","name":"sacatec.fr","description":"LE CAOUTCHOUC TECHNOLOGIQUE","publisher":{"@id":"https:\/\/sacatec.fr\/#organization"},"potentialAction":[{"@type":"SearchAction","target":{"@type":"EntryPoint","urlTemplate":"https:\/\/sacatec.fr\/?s={search_term_string}"},"query-input":{"@type":"PropertyValueSpecification","valueRequired":true,"valueName":"search_term_string"}}],"inLanguage":"de"},{"@type":"Organization","@id":"https:\/\/sacatec.fr\/#organization","name":"Sacatec","url":"https:\/\/sacatec.fr\/","logo":{"@type":"ImageObject","inLanguage":"de","@id":"https:\/\/sacatec.fr\/#\/schema\/logo\/image\/","url":"https:\/\/www.sacatec.fr\/wp-content\/uploads\/2017\/07\/logo-sacatec.jpg","contentUrl":"https:\/\/www.sacatec.fr\/wp-content\/uploads\/2017\/07\/logo-sacatec.jpg","width":506,"height":162,"caption":"Sacatec"},"image":{"@id":"https:\/\/sacatec.fr\/#\/schema\/logo\/image\/"}}]}},"_links":{"self":[{"href":"https:\/\/sacatec.fr\/de\/wp-json\/wp\/v2\/pages\/943","targetHints":{"allow":["GET"]}}],"collection":[{"href":"https:\/\/sacatec.fr\/de\/wp-json\/wp\/v2\/pages"}],"about":[{"href":"https:\/\/sacatec.fr\/de\/wp-json\/wp\/v2\/types\/page"}],"author":[{"embeddable":true,"href":"https:\/\/sacatec.fr\/de\/wp-json\/wp\/v2\/users\/1"}],"replies":[{"embeddable":true,"href":"https:\/\/sacatec.fr\/de\/wp-json\/wp\/v2\/comments?post=943"}],"version-history":[{"count":0,"href":"https:\/\/sacatec.fr\/de\/wp-json\/wp\/v2\/pages\/943\/revisions"}],"wp:attachment":[{"href":"https:\/\/sacatec.fr\/de\/wp-json\/wp\/v2\/media?parent=943"}],"curies":[{"name":"wp","href":"https:\/\/api.w.org\/{rel}","templated":true}]}}