{"id":913,"date":"2017-07-03T09:09:00","date_gmt":"2017-07-03T07:09:00","guid":{"rendered":"https:\/\/www.sacatec.fr\/caoutchouc-defense-ferroviaire-hydraulique-industrie\/"},"modified":"2025-03-14T09:21:09","modified_gmt":"2025-03-14T08:21:09","slug":"kautschuk-verteidigung-eisenbahn-hydraulick","status":"publish","type":"page","link":"https:\/\/sacatec.fr\/de\/kautschuk-verteidigung-eisenbahn-hydraulick\/","title":{"rendered":"Anwendungsgebiete"},"content":{"rendered":"<div id=\"ferroviaire\">\n<div class=\"visuferroviaire\"><\/div>\n<div class=\"texteferroviaire\">\n<h2 class=\"h2ferroviaire\">EISENBAHN<\/h2>\n<p class=\"pferroviaire\"><span>&gt;<\/span> Die zahlreichen von Sacatec f\u00fcr den Eisenbahnsektor hergestellten Gummiformteile sind seit Jahren bew\u00e4hrt: schwingungsd\u00e4mpfende Teile und Systeme, Dichtungselemente, haftverbindungsaufbereitete Membranen,\u2026<br \/>\n\t     &nbsp;<br \/>\n             <span>&gt;<\/span> Industrielieferant seit fast 40 Jahren Mitglied der FIF (frz. Eisenbahnindustrieverband). Die SACATEC-Produkte erf\u00fcllen die Kundenanforderungen in Bezug auf: Lebensdauer, Undurchl\u00e4ssigkeit, Abriebfestigkeit, Best\u00e4ndigkeit gegen\u00fcber Chemikalien, Vibrationen sowie hohen und niedrigen Temperaturen, selbstverl\u00f6schende Eigenschaften und Qualifizierung Brand-\/Rauchverhalten.<\/p>\n<\/p><\/div>\n<\/div>\n<div class=\"stopfloat\"><\/div>\n<div id=\"hydrolique\">\n<div class=\"visuhydrolique\"><\/div>\n<div class=\"textehydrolique\">\n<h2 class=\"h2hydrolique\">HYDRAULIK<\/h2>\n<p class=\"phydrolique\"><span>&gt;<\/span> Um den von den im Hydrauliksektor t\u00e4tigen Unternehmen gestellten spezifischen Anforderungen gerecht zu werden, stellt Sacatec Hydraulik-Blasenspeicher und Membranen mit sehr geringer Wandst\u00e4rke her, die chemikalienbest\u00e4ndig sind und Problemanforderungen in Bezug auf die Trennung fl\u00fcssiger\/Gasmedien vollkommen gerecht werden, sowie St\u00fctzringe.<br \/>\n             &nbsp;<br \/>\n             <span>&gt;<\/span> Sacatec ist weltweit f\u00fchrend in diesem Marktsektor.<\/p>\n<\/p><\/div>\n<\/div>\n<div class=\"stopfloat\"><\/div>\n<div id=\"travaux\">\n<div class=\"visutravaux\"><\/div>\n<div class=\"textetravaux\">\n<h2 class=\"h2travaux\">BAUGEWERBE<\/h2>\n<p class=\"ptravaux\"><span>&gt;<\/span> Die Entwicklung und Fertigung <strong>von zuverl\u00e4ssigen und hochverschlei\u00dffesten,<\/strong> belastungs- und abriebbest\u00e4ndigen oder kohlenwasserstoffbest\u00e4ndigen Gummiformteilen (h\u00e4ufig von erheblicher Masse) \u2013 dies sind die wesentlichen Merkmale der L\u00f6sungen, die Sacatec f\u00fcr seine Kunden im Hoch- und Tiefbausektor realisiert.<br \/>\n             &nbsp;<br \/>\n             <span>&gt;<\/span> Die f\u00fcr den Hoch- und Tiefbausektor gefertigten Gummiteile erf\u00fcllen alle Normanforderungen dieser sektorspezifischen Einsatzumgebungen: <strong>Endpuffer, Raupenketten-Puffer, Hydraulikmembranen, Motorlager, D\u00e4mpfer, Schwingungsd\u00e4mpfer f\u00fcr Kompressoren, \u2026<\/strong><\/p>\n<\/p><\/div>\n<\/div>\n<div class=\"stopfloat\"><\/div>\n<div id=\"defense\">\n<div class=\"visudefense\"><\/div>\n<div class=\"textedefense\">\n<h2 class=\"h2defense\">R\u00dcSTUNGSSEKTOR<\/h2>\n<p class=\"pdefense\"><span>&gt;<\/span> F\u00fcr den R\u00fcstungsbereich, im Luftfahrtsektor sowie f\u00fcr den Bereich Land- und Seeverkehr entwickelt und fertigt Sacatec <strong>Gummiteile nach Ma\u00df<\/strong> von hoher Zuverl\u00e4ssigkeit, die eine Best\u00e4ndigkeit insbesondere gegen\u00fcber hohen Temperaturen, Abrieb, starken Vibrationen, usw. aufweisen.<br \/>\n<br \/>\n\u2022 Blasenspeicher f\u00fcr Rettungswurfger\u00e4te f\u00fcr Helikopter<br \/>\n\u2022 Anschl\u00e4ge f\u00fcr Raketengurt<br \/>\n<strong>\u2022 Episkop-\/Sehschlitzdichtungen<br \/>\n\u2022 St\u00fctzrollen f\u00fcr Panzer<br \/>\n\u2022 Dichtungen f\u00fcr Infrarotvisier<br \/>\n\u2022 Hitzeschutzsysteme f\u00fcr Raketen<br \/>\n\u2022 Federungsmembranen f\u00fcr Panzer<br \/>\n\u2022 Dichtungsbalg f\u00fcr Flugzeugtr\u00e4ger<br \/>\n\u2022 Schwingungsd\u00e4mpfende Lager f\u00fcr leicht gepanzerte Fahrzeuge.<\/strong><\/p>\n<\/p><\/div>\n<\/div>\n<div class=\"stopfloat\"><\/div>\n<div id=\"industriels\">\n<div class=\"visuindustriels\"><\/div>\n<div class=\"texteindustriels\">\n<h2 class=\"h2industriels\">INDUSTRIELLE AUSR\u00dcSTUNG<\/h2>\n<p class=\"pindustriels\"><span>&gt;<\/span> Sacatec ist in verschiedenen Industrieausr\u00fcstungssektoren wie Schiffbau, Elektro\u2026 vertreten.<br \/>\n&nbsp;<br \/>\n             <span>&gt;<\/span> Das Unternehmen verf\u00fcgt \u00fcber das n\u00f6tige Know-how bez\u00fcglich der besonderen Anforderungen an Gummiformteile f\u00fcr Hafenanlagen: <strong>Anlegeschutzpuffer, Abgasklappen, B\u00e4lge mit Injektoren, \u2026 mit einer Widerstandsf\u00e4higkeit gegen\u00fcber hohen Beanspruchungen, Alterungsbest\u00e4ndigkeit und Gummi-Metall-Verbindungen, welche die sicherste Haltbarkeit in mariner Umgebung bieten.<\/strong><br \/>\nSacatec ist ebenfalls <strong>mit den besonderen Anforderungen der Elektroindustrie vertraut, f\u00fcr die es Gummiteile bestehend aus isolierenden oder leitf\u00e4higen Mischungen herstellt: Anschl\u00e4ge, B\u00e4lge, Taschen, elastische Gelenke, Silentbl\u00f6cke,\u2026<\/strong><\/p>\n<\/p><\/div>\n<\/div>\n<div class=\"stopfloat\"><\/div>\n<div id=\"agricoles\">\n<div class=\"visuagricoles\"><\/div>\n<div class=\"texteagricoles\">\n<h2 class=\"h2agricoles\">LANDWIRTSCHAFTLICHE GER\u00c4TE<\/h2>\n<p class=\"pagricoles\"><span>&gt;<\/span> Sacatec verf\u00fcgt \u00fcber langj\u00e4hrige Erfahrung im Agrar- und Lebensmittelindustriesektor.<br \/>\n&nbsp;<br \/>\n             <span>&gt;<\/span> Die zahlreichen und vielf\u00e4ltigen Gummiteile, die es entwickelt, welche zuweilen \u00c4hnlichkeit mit jenen aus dem Bausektor aufweisen, und die es im Auftrag seiner Kunden realisiert,  <strong>werden s\u00e4mtlich strengen Robustheits- und Zuverl\u00e4ssigkeitskriterien gerecht: schwingungsd\u00e4mpfende Lager, Gelenke, \u2026<\/strong><\/p>\n<\/p><\/div>\n<\/div>\n<div class=\"stopfloat\"><\/div>\n<div id=\"petrolier\">\n<div class=\"visupetrolier\"><\/div>\n<div class=\"textepetrolier\">\n<h2 class=\"h2petrolier\">\u00d6LINDUSTRIE<\/h2>\n<p class=\"ppetrolier\">Die im Bereich \u00d6lbohrungen t\u00e4tigen Unternehmen wissen, dass sie sich auf Sacatec verlassen k\u00f6nnen, <strong>wenn es um die Herstellung von ma\u00dfgefertigten Gummiteilen geht, <\/strong> r\u00e9pondant aux sp\u00e9cificit\u00e9s si particuli\u00e8res de leurs cahiers des charges\u00a0: <strong>die den spezifischen Vorgaben ihrer Anforderungskataloge gerecht werden: Problemstellungen in Bezug auf Dichtigkeit, schwierige und aggressive chemische Umgebungsbedingungen, Hochtemperaturbest\u00e4ndigkeit, extreme Beanspruchungen, \u2026<\/strong><br \/>\n&nbsp;<br \/>\nDie Qualit\u00e4t der vom Unternehmen entwickelten Zubereitungen ist auch bei seinen Kunden anerkannt, die Mischungen direkt von Sacatec kaufen.<br \/>\n&nbsp;<br \/>\n<strong>Der Zementierstopfen f\u00fcr Bohrl\u00f6cher, ein technisch sehr anspruchsvolles Teil,<\/strong> ist voll und ganz repr\u00e4sentativ f\u00fcr die Gummiteile, die Sacatec insbesondere f\u00fcr den \u00d6lsektor fertigt.<\/strong><\/p>\n<\/p><\/div>\n<\/div>\n","protected":false},"excerpt":{"rendered":"<p>EISENBAHN &gt; Die zahlreichen von Sacatec f\u00fcr den Eisenbahnsektor hergestellten Gummiformteile sind seit Jahren bew\u00e4hrt: schwingungsd\u00e4mpfende Teile und Systeme, Dichtungselemente, haftverbindungsaufbereitete Membranen,\u2026 &nbsp; &gt; Industrielieferant seit fast 40 Jahren Mitglied der FIF (frz. Eisenbahnindustrieverband). Die SACATEC-Produkte erf\u00fcllen die Kundenanforderungen in Bezug auf: Lebensdauer, Undurchl\u00e4ssigkeit, Abriebfestigkeit, Best\u00e4ndigkeit gegen\u00fcber Chemikalien, Vibrationen sowie hohen und niedrigen Temperaturen, selbstverl\u00f6schende [&hellip;]<\/p>\n","protected":false},"author":1,"featured_media":0,"parent":0,"menu_order":0,"comment_status":"closed","ping_status":"closed","template":"","meta":{"footnotes":""},"class_list":["post-913","page","type-page","status-publish","hentry"],"yoast_head":"<!-- This site is optimized with the Yoast SEO plugin v25.9 - https:\/\/yoast.com\/wordpress\/plugins\/seo\/ -->\n<title>SACATEC - Pi\u00e8ces moul\u00e9es en caoutchouc de haute performance.<\/title>\n<meta name=\"description\" content=\"Sacatec con\u00e7oit des pi\u00e8ces en caoutchouc moul\u00e9es de haute technologie pour des domaines exigeants comme le ferroviaire, la d\u00e9fense, l&#039;hydraulique, etc. Cr\u00e9ation, formulation, production.\" \/>\n<meta name=\"robots\" content=\"index, follow, max-snippet:-1, max-image-preview:large, max-video-preview:-1\" \/>\n<link rel=\"canonical\" href=\"https:\/\/sacatec.fr\/de\/kautschuk-verteidigung-eisenbahn-hydraulick\/\" \/>\n<meta property=\"og:locale\" content=\"de_DE\" \/>\n<meta property=\"og:type\" content=\"article\" \/>\n<meta property=\"og:title\" content=\"SACATEC - Pi\u00e8ces moul\u00e9es en caoutchouc de haute performance.\" \/>\n<meta property=\"og:description\" content=\"Sacatec con\u00e7oit des pi\u00e8ces en caoutchouc moul\u00e9es de haute technologie pour des domaines exigeants comme le ferroviaire, la d\u00e9fense, l&#039;hydraulique, etc. Cr\u00e9ation, formulation, production.\" \/>\n<meta property=\"og:url\" content=\"https:\/\/sacatec.fr\/de\/kautschuk-verteidigung-eisenbahn-hydraulick\/\" \/>\n<meta property=\"og:site_name\" content=\"sacatec.fr\" \/>\n<meta property=\"article:modified_time\" content=\"2025-03-14T08:21:09+00:00\" \/>\n<meta name=\"twitter:card\" content=\"summary_large_image\" \/>\n<meta name=\"twitter:label1\" content=\"Gesch\u00e4tzte Lesezeit\" \/>\n\t<meta name=\"twitter:data1\" content=\"3\u00a0Minuten\" \/>\n<script type=\"application\/ld+json\" class=\"yoast-schema-graph\">{\"@context\":\"https:\/\/schema.org\",\"@graph\":[{\"@type\":\"WebPage\",\"@id\":\"https:\/\/sacatec.fr\/de\/kautschuk-verteidigung-eisenbahn-hydraulick\/\",\"url\":\"https:\/\/sacatec.fr\/de\/kautschuk-verteidigung-eisenbahn-hydraulick\/\",\"name\":\"SACATEC - Pi\u00e8ces moul\u00e9es en caoutchouc de haute performance.\",\"isPartOf\":{\"@id\":\"https:\/\/sacatec.fr\/#website\"},\"datePublished\":\"2017-07-03T07:09:00+00:00\",\"dateModified\":\"2025-03-14T08:21:09+00:00\",\"description\":\"Sacatec con\u00e7oit des pi\u00e8ces en caoutchouc moul\u00e9es de haute technologie pour des domaines exigeants comme le ferroviaire, la d\u00e9fense, l'hydraulique, etc. Cr\u00e9ation, formulation, production.\",\"breadcrumb\":{\"@id\":\"https:\/\/sacatec.fr\/de\/kautschuk-verteidigung-eisenbahn-hydraulick\/#breadcrumb\"},\"inLanguage\":\"de\",\"potentialAction\":[{\"@type\":\"ReadAction\",\"target\":[\"https:\/\/sacatec.fr\/de\/kautschuk-verteidigung-eisenbahn-hydraulick\/\"]}]},{\"@type\":\"BreadcrumbList\",\"@id\":\"https:\/\/sacatec.fr\/de\/kautschuk-verteidigung-eisenbahn-hydraulick\/#breadcrumb\",\"itemListElement\":[{\"@type\":\"ListItem\",\"position\":1,\"name\":\"Accueil\",\"item\":\"https:\/\/sacatec.fr\/de\/\"},{\"@type\":\"ListItem\",\"position\":2,\"name\":\"Anwendungsgebiete\"}]},{\"@type\":\"WebSite\",\"@id\":\"https:\/\/sacatec.fr\/#website\",\"url\":\"https:\/\/sacatec.fr\/\",\"name\":\"sacatec.fr\",\"description\":\"LE CAOUTCHOUC TECHNOLOGIQUE\",\"publisher\":{\"@id\":\"https:\/\/sacatec.fr\/#organization\"},\"potentialAction\":[{\"@type\":\"SearchAction\",\"target\":{\"@type\":\"EntryPoint\",\"urlTemplate\":\"https:\/\/sacatec.fr\/?s={search_term_string}\"},\"query-input\":{\"@type\":\"PropertyValueSpecification\",\"valueRequired\":true,\"valueName\":\"search_term_string\"}}],\"inLanguage\":\"de\"},{\"@type\":\"Organization\",\"@id\":\"https:\/\/sacatec.fr\/#organization\",\"name\":\"Sacatec\",\"url\":\"https:\/\/sacatec.fr\/\",\"logo\":{\"@type\":\"ImageObject\",\"inLanguage\":\"de\",\"@id\":\"https:\/\/sacatec.fr\/#\/schema\/logo\/image\/\",\"url\":\"https:\/\/www.sacatec.fr\/wp-content\/uploads\/2017\/07\/logo-sacatec.jpg\",\"contentUrl\":\"https:\/\/www.sacatec.fr\/wp-content\/uploads\/2017\/07\/logo-sacatec.jpg\",\"width\":506,\"height\":162,\"caption\":\"Sacatec\"},\"image\":{\"@id\":\"https:\/\/sacatec.fr\/#\/schema\/logo\/image\/\"}}]}<\/script>\n<!-- \/ Yoast SEO plugin. -->","yoast_head_json":{"title":"SACATEC - Pi\u00e8ces moul\u00e9es en caoutchouc de haute performance.","description":"Sacatec con\u00e7oit des pi\u00e8ces en caoutchouc moul\u00e9es de haute technologie pour des domaines exigeants comme le ferroviaire, la d\u00e9fense, l'hydraulique, etc. Cr\u00e9ation, formulation, production.","robots":{"index":"index","follow":"follow","max-snippet":"max-snippet:-1","max-image-preview":"max-image-preview:large","max-video-preview":"max-video-preview:-1"},"canonical":"https:\/\/sacatec.fr\/de\/kautschuk-verteidigung-eisenbahn-hydraulick\/","og_locale":"de_DE","og_type":"article","og_title":"SACATEC - Pi\u00e8ces moul\u00e9es en caoutchouc de haute performance.","og_description":"Sacatec con\u00e7oit des pi\u00e8ces en caoutchouc moul\u00e9es de haute technologie pour des domaines exigeants comme le ferroviaire, la d\u00e9fense, l'hydraulique, etc. Cr\u00e9ation, formulation, production.","og_url":"https:\/\/sacatec.fr\/de\/kautschuk-verteidigung-eisenbahn-hydraulick\/","og_site_name":"sacatec.fr","article_modified_time":"2025-03-14T08:21:09+00:00","twitter_card":"summary_large_image","twitter_misc":{"Gesch\u00e4tzte Lesezeit":"3\u00a0Minuten"},"schema":{"@context":"https:\/\/schema.org","@graph":[{"@type":"WebPage","@id":"https:\/\/sacatec.fr\/de\/kautschuk-verteidigung-eisenbahn-hydraulick\/","url":"https:\/\/sacatec.fr\/de\/kautschuk-verteidigung-eisenbahn-hydraulick\/","name":"SACATEC - Pi\u00e8ces moul\u00e9es en caoutchouc de haute performance.","isPartOf":{"@id":"https:\/\/sacatec.fr\/#website"},"datePublished":"2017-07-03T07:09:00+00:00","dateModified":"2025-03-14T08:21:09+00:00","description":"Sacatec con\u00e7oit des pi\u00e8ces en caoutchouc moul\u00e9es de haute technologie pour des domaines exigeants comme le ferroviaire, la d\u00e9fense, l'hydraulique, etc. Cr\u00e9ation, formulation, production.","breadcrumb":{"@id":"https:\/\/sacatec.fr\/de\/kautschuk-verteidigung-eisenbahn-hydraulick\/#breadcrumb"},"inLanguage":"de","potentialAction":[{"@type":"ReadAction","target":["https:\/\/sacatec.fr\/de\/kautschuk-verteidigung-eisenbahn-hydraulick\/"]}]},{"@type":"BreadcrumbList","@id":"https:\/\/sacatec.fr\/de\/kautschuk-verteidigung-eisenbahn-hydraulick\/#breadcrumb","itemListElement":[{"@type":"ListItem","position":1,"name":"Accueil","item":"https:\/\/sacatec.fr\/de\/"},{"@type":"ListItem","position":2,"name":"Anwendungsgebiete"}]},{"@type":"WebSite","@id":"https:\/\/sacatec.fr\/#website","url":"https:\/\/sacatec.fr\/","name":"sacatec.fr","description":"LE CAOUTCHOUC TECHNOLOGIQUE","publisher":{"@id":"https:\/\/sacatec.fr\/#organization"},"potentialAction":[{"@type":"SearchAction","target":{"@type":"EntryPoint","urlTemplate":"https:\/\/sacatec.fr\/?s={search_term_string}"},"query-input":{"@type":"PropertyValueSpecification","valueRequired":true,"valueName":"search_term_string"}}],"inLanguage":"de"},{"@type":"Organization","@id":"https:\/\/sacatec.fr\/#organization","name":"Sacatec","url":"https:\/\/sacatec.fr\/","logo":{"@type":"ImageObject","inLanguage":"de","@id":"https:\/\/sacatec.fr\/#\/schema\/logo\/image\/","url":"https:\/\/www.sacatec.fr\/wp-content\/uploads\/2017\/07\/logo-sacatec.jpg","contentUrl":"https:\/\/www.sacatec.fr\/wp-content\/uploads\/2017\/07\/logo-sacatec.jpg","width":506,"height":162,"caption":"Sacatec"},"image":{"@id":"https:\/\/sacatec.fr\/#\/schema\/logo\/image\/"}}]}},"_links":{"self":[{"href":"https:\/\/sacatec.fr\/de\/wp-json\/wp\/v2\/pages\/913","targetHints":{"allow":["GET"]}}],"collection":[{"href":"https:\/\/sacatec.fr\/de\/wp-json\/wp\/v2\/pages"}],"about":[{"href":"https:\/\/sacatec.fr\/de\/wp-json\/wp\/v2\/types\/page"}],"author":[{"embeddable":true,"href":"https:\/\/sacatec.fr\/de\/wp-json\/wp\/v2\/users\/1"}],"replies":[{"embeddable":true,"href":"https:\/\/sacatec.fr\/de\/wp-json\/wp\/v2\/comments?post=913"}],"version-history":[{"count":3,"href":"https:\/\/sacatec.fr\/de\/wp-json\/wp\/v2\/pages\/913\/revisions"}],"predecessor-version":[{"id":1971,"href":"https:\/\/sacatec.fr\/de\/wp-json\/wp\/v2\/pages\/913\/revisions\/1971"}],"wp:attachment":[{"href":"https:\/\/sacatec.fr\/de\/wp-json\/wp\/v2\/media?parent=913"}],"curies":[{"name":"wp","href":"https:\/\/api.w.org\/{rel}","templated":true}]}}