{"id":891,"date":"2017-07-03T09:03:58","date_gmt":"2017-07-03T07:03:58","guid":{"rendered":"https:\/\/www.sacatec.fr\/bureau-d-etude-presses-caoutchouc\/"},"modified":"2025-03-14T09:08:18","modified_gmt":"2025-03-14T08:08:18","slug":"technische-mittel","status":"publish","type":"page","link":"https:\/\/sacatec.fr\/de\/technische-mittel\/","title":{"rendered":"Technische Mittel"},"content":{"rendered":"<p><meta name=\"format-detection\" content=\"telephone=no\" \/><\/p>\n<div id=\"bureauetudes\">\n<div id=\"bureauetudes1\">\n<h2>Entwicklungsb\u00fcro<\/h2>\n<div class=\"textesmoyen\">\n<p><span>&gt; <\/span>Unser Entwicklungsb\u00fcro ist in der Lage, Gummiteile nach Ma\u00dfgabe hoher technischer Anforderungen zu entwerfen und zu entwickeln, insbesondere <strong>Gummi-Metall-Teile oder sonstige ma\u00dffertigte Teile aus Kautschuk.<\/strong><\/p>\n<p><span>&gt; <\/span>Das B\u00fcro kann hierf\u00fcr vorhandene Pl\u00e4ne heranziehen oder das Teil entsprechend den W\u00fcnschen des Kunden von Grund auf entwerfen.<\/p>\n<p><span>&gt; <\/span>Es ist in alle Phasen der Konstruktion involviert<br \/>\n\u2022 CAD-Entwurf der Formen und Werkzeuge<br \/>\n\u2022 CAD-Entwurf der Gummiteile oder Gummimetallteile<br \/>\n\u2022 Prototyping<br \/>\n\u2022 Entwicklung und Auswahl der Mischungen<br \/>\n\u2022 Fertigung.<\/p>\n<\/div>\n<div class=\"visuelmoyen\">\n<p class=\"visuelmoyen1\">\n<\/div><\/div>\n<\/div>\n<div class=\"stopfloat\"> <\/div>\n<div id=\"laboratoire\">\n<div class=\"fondgrishaut\"><\/div>\n<div id=\"laboratoire1\">\n<h2>Labor<\/h2>\n<div class=\"textesmoyen\">\n<p><span>&gt; <\/span>Sacatec verf\u00fcgt \u00fcber ein komplettes Labor, womit es alle Stadien der Produktion \u2013 beginnend mit den vorausgehenden Tests der Ausgangsstoffe, die Forschungs- und Entwicklungsversuche (darunter Feinbearbeitung, versch\u00e4rfte Tests) bis zu den mechanischen Pr\u00fcftests nach der Produktion (Zug, Rei\u00dffestigkeit, H\u00e4rte, Alterungsbest\u00e4ndigkeit, Abriebfestigkeit) kontrollieren kann.<\/p>\n<p class=\"laborouge\">Einige Ausr\u00fcstungen unseres Labors:<\/p>\n<p>\u2022 Rheometer: Messung der Vulkanisationskurve<br \/>\n\u2022 Dynamometer: Messung der Widerstandsf\u00e4higkeit und Bruchl\u00e4ngung<br \/>\n\u2022 Labthink VAC-V2 &#038; Leckdetektor Adixen \u2013 ASM 142: Messung der Durchl\u00e4ssigkeit gegen\u00fcber Stickstoff und anderen Gase<br \/>\n\u2022 Spektrometer IRTF: Infrarot-Spektrometer<br \/>\n\u2022 Flexometer: Messung der Erm\u00fcdungsbeanspruchung<br \/>\n\u2022 Durometer: Messung der Shore A-H\u00e4rte<br \/>\n\u2022 Densimeter Kern: Dichtemessung<br \/>\n\u2022 Abriebpr\u00fcfger\u00e4t: Messung der Abriebfestigkeit<br \/>\n\u2022 Ger\u00e4t zur Pr\u00fcfung der K\u00e4ltebest\u00e4ndigkeit MIE: Messung der (K\u00e4lte-) Grenztemperatur f\u00fcr Biegsamkeit<br \/>\n\u2022 R\u00fcckpralltester Zwick: Messung der R\u00fcckprall-Elastizit\u00e4t<br \/>\n\u2022 Thermokammer: Messung der W\u00e4rme-\/Fluidbest\u00e4ndigkeit<br \/>\n\u2022 usw.<\/p>\n<\/p><\/div>\n<div class=\"visuelmoyen\">\n<p class=\"visuelmoyen1\">\n<p class=\"visuelmoyen2\">\n<\/div><\/div>\n<div class=\"fondgrisbas\"><\/div>\n<\/div>\n<div class=\"stopfloat\"><\/div>\n<div id=\"production\">\n<div id=\"production1\">\n<h2>Produktionsmaschinen<\/h2>\n<div class=\"textesmoyen\">\n<p>\n\u2022 Innenmischer<br \/>\n\u2022 Pr\u00fcfanlage<br \/>\n\u2022 Au\u00dfenmischer<br \/>\n\u2022 3-Walzen-Kalander, Breite 900<br \/>\n\u2022 4 Extruder<br \/>\n\u2022 Haftverbindung-Aufbereitungsstation<br \/>\n\u2022 Dekompressionsanlage<br \/>\n\u2022 Zyklierungsanlage<br \/>\n\u2022 11 Spritzpressen von 160 bis 500T<br \/>\n\u2022 36 Kompressions-Formpressen von 60 bis 700T<br \/>\n\u2022 Montagewerk f\u00fcr Blasenspeicher<\/p>\n<\/p><\/div>\n<div class=\"visuelmoyen\">\n<p class=\"visuelmoyen1\">\n<\/p><\/div>\n<\/div>\n<div class=\"stopfloat\"> <\/div>\n<div id=\"qualite\">\n<div class=\"fondgrishaut\"><\/div>\n<div id=\"qualite1\">\n<h2>Qualit\u00e4t<\/h2>\n<div class=\"textesmoyen\">\n<p><span>&gt; <\/span>Die Qualit\u00e4t steht f\u00fcr Sacatec im Mittelpunkt und ist seit seiner Gr\u00fcndung einer der Aspekte, die f\u00fcr das Unternehmen von hohem Stellenwert sind. Das Unternehmen ist seit jeher besonders bestrebt gewesen, die verschieden Phasen der Herstellung und Pr\u00fcfung seiner Produkte zu verbessern: <strong>Auftragsmischungen, Aufbereitung der Haftverbindung, <\/strong> Undurchl\u00e4ssigkeit gegen\u00fcber Gas, Biegefestigkeit\u2026<br \/>\nAuf diesem Wege hat es ab 1980 Bem\u00fchungen unternommen, um Qualit\u00e4tszertifikate f\u00fcr den R\u00fcstungs-, Eisenbahn- und sp\u00e4ter Luftfahrtsektor zu erhalten; so ist es seit 2003 nach ISO 9001 und schlie\u00dflich nach EN9100 zertifiziert.<\/p>\n<p><span>&gt; <\/span>\u00dcber die Qualit\u00e4tsgarantie f\u00fcr die seine Kunden angebotenen Produkte hinaus bedeutet Qualit\u00e4t f\u00fcr Sacatec ebenso Einzelr\u00fcckverfolgbarkeit, wie sie in bestimmten Marktsektoren wie der Luftfahrtindustrie Anwendung findet, aber auch Servicequalit\u00e4t. Die Zufriedenheit seiner Kunden bemisst sich zudem an der Zahl der h\u00f6chsten Qualit\u00e4tsbewertungen, die Sacatec von diesen erh\u00e4lt.<\/p>\n<p><span>&gt; <\/span>Nicht zuletzt steht Qualit\u00e4t auch gleichbedeutend f\u00fcr fortlaufende Verbesserung, die innerhalb des Unternehmens in allen Phasen der Produktion, aber auch der Entwicklung und Servicedienstleistungen umgesetzt wird.<\/p>\n<\/div>\n<div class=\"visuelmoyen\">\n<p class=\"visuelmoyen1\">\n<\/p><\/div>\n<div class=\"iso\">\n<p class=\"iso9001\">\n<\/div><\/div>\n<\/div>\n","protected":false},"excerpt":{"rendered":"<p>Entwicklungsb\u00fcro &gt; Unser Entwicklungsb\u00fcro ist in der Lage, Gummiteile nach Ma\u00dfgabe hoher technischer Anforderungen zu entwerfen und zu entwickeln, insbesondere Gummi-Metall-Teile oder sonstige ma\u00dffertigte Teile aus Kautschuk. &gt; Das B\u00fcro kann hierf\u00fcr vorhandene Pl\u00e4ne heranziehen oder das Teil entsprechend den W\u00fcnschen des Kunden von Grund auf entwerfen. &gt; Es ist in alle Phasen der Konstruktion [&hellip;]<\/p>\n","protected":false},"author":1,"featured_media":0,"parent":0,"menu_order":0,"comment_status":"closed","ping_status":"closed","template":"","meta":{"footnotes":""},"class_list":["post-891","page","type-page","status-publish","hentry"],"yoast_head":"<!-- This site is optimized with the Yoast SEO plugin v25.9 - https:\/\/yoast.com\/wordpress\/plugins\/seo\/ -->\n<title>SACATEC - Conception fabrication de pi\u00e8ces en caoutchouc technologique<\/title>\n<meta name=\"description\" content=\"Sacatec poss\u00e8de un bureau d&#039;\u00e9tudes, un parc machines diversifi\u00e9 et une capacit\u00e9 de fabrication de m\u00e9langes de caoutchouc qui lui permet de r\u00e9pondre aux demandes industrielles les plus pointues.\" \/>\n<meta name=\"robots\" content=\"index, follow, max-snippet:-1, max-image-preview:large, max-video-preview:-1\" \/>\n<link rel=\"canonical\" href=\"https:\/\/sacatec.fr\/de\/technische-mittel\/\" \/>\n<meta property=\"og:locale\" content=\"de_DE\" \/>\n<meta property=\"og:type\" content=\"article\" \/>\n<meta property=\"og:title\" content=\"SACATEC - Conception fabrication de pi\u00e8ces en caoutchouc technologique\" \/>\n<meta property=\"og:description\" content=\"Sacatec poss\u00e8de un bureau d&#039;\u00e9tudes, un parc machines diversifi\u00e9 et une capacit\u00e9 de fabrication de m\u00e9langes de caoutchouc qui lui permet de r\u00e9pondre aux demandes industrielles les plus pointues.\" \/>\n<meta property=\"og:url\" content=\"https:\/\/sacatec.fr\/de\/technische-mittel\/\" \/>\n<meta property=\"og:site_name\" content=\"sacatec.fr\" \/>\n<meta property=\"article:modified_time\" content=\"2025-03-14T08:08:18+00:00\" \/>\n<meta name=\"twitter:card\" content=\"summary_large_image\" \/>\n<meta name=\"twitter:label1\" content=\"Gesch\u00e4tzte Lesezeit\" \/>\n\t<meta name=\"twitter:data1\" content=\"2\u00a0Minuten\" \/>\n<script type=\"application\/ld+json\" class=\"yoast-schema-graph\">{\"@context\":\"https:\/\/schema.org\",\"@graph\":[{\"@type\":\"WebPage\",\"@id\":\"https:\/\/sacatec.fr\/de\/technische-mittel\/\",\"url\":\"https:\/\/sacatec.fr\/de\/technische-mittel\/\",\"name\":\"SACATEC - Conception fabrication de pi\u00e8ces en caoutchouc technologique\",\"isPartOf\":{\"@id\":\"https:\/\/sacatec.fr\/#website\"},\"datePublished\":\"2017-07-03T07:03:58+00:00\",\"dateModified\":\"2025-03-14T08:08:18+00:00\",\"description\":\"Sacatec poss\u00e8de un bureau d'\u00e9tudes, un parc machines diversifi\u00e9 et une capacit\u00e9 de fabrication de m\u00e9langes de caoutchouc qui lui permet de r\u00e9pondre aux demandes industrielles les plus pointues.\",\"breadcrumb\":{\"@id\":\"https:\/\/sacatec.fr\/de\/technische-mittel\/#breadcrumb\"},\"inLanguage\":\"de\",\"potentialAction\":[{\"@type\":\"ReadAction\",\"target\":[\"https:\/\/sacatec.fr\/de\/technische-mittel\/\"]}]},{\"@type\":\"BreadcrumbList\",\"@id\":\"https:\/\/sacatec.fr\/de\/technische-mittel\/#breadcrumb\",\"itemListElement\":[{\"@type\":\"ListItem\",\"position\":1,\"name\":\"Accueil\",\"item\":\"https:\/\/sacatec.fr\/de\/\"},{\"@type\":\"ListItem\",\"position\":2,\"name\":\"Technische Mittel\"}]},{\"@type\":\"WebSite\",\"@id\":\"https:\/\/sacatec.fr\/#website\",\"url\":\"https:\/\/sacatec.fr\/\",\"name\":\"sacatec.fr\",\"description\":\"LE CAOUTCHOUC TECHNOLOGIQUE\",\"publisher\":{\"@id\":\"https:\/\/sacatec.fr\/#organization\"},\"potentialAction\":[{\"@type\":\"SearchAction\",\"target\":{\"@type\":\"EntryPoint\",\"urlTemplate\":\"https:\/\/sacatec.fr\/?s={search_term_string}\"},\"query-input\":{\"@type\":\"PropertyValueSpecification\",\"valueRequired\":true,\"valueName\":\"search_term_string\"}}],\"inLanguage\":\"de\"},{\"@type\":\"Organization\",\"@id\":\"https:\/\/sacatec.fr\/#organization\",\"name\":\"Sacatec\",\"url\":\"https:\/\/sacatec.fr\/\",\"logo\":{\"@type\":\"ImageObject\",\"inLanguage\":\"de\",\"@id\":\"https:\/\/sacatec.fr\/#\/schema\/logo\/image\/\",\"url\":\"https:\/\/www.sacatec.fr\/wp-content\/uploads\/2017\/07\/logo-sacatec.jpg\",\"contentUrl\":\"https:\/\/www.sacatec.fr\/wp-content\/uploads\/2017\/07\/logo-sacatec.jpg\",\"width\":506,\"height\":162,\"caption\":\"Sacatec\"},\"image\":{\"@id\":\"https:\/\/sacatec.fr\/#\/schema\/logo\/image\/\"}}]}<\/script>\n<!-- \/ Yoast SEO plugin. -->","yoast_head_json":{"title":"SACATEC - Conception fabrication de pi\u00e8ces en caoutchouc technologique","description":"Sacatec poss\u00e8de un bureau d'\u00e9tudes, un parc machines diversifi\u00e9 et une capacit\u00e9 de fabrication de m\u00e9langes de caoutchouc qui lui permet de r\u00e9pondre aux demandes industrielles les plus pointues.","robots":{"index":"index","follow":"follow","max-snippet":"max-snippet:-1","max-image-preview":"max-image-preview:large","max-video-preview":"max-video-preview:-1"},"canonical":"https:\/\/sacatec.fr\/de\/technische-mittel\/","og_locale":"de_DE","og_type":"article","og_title":"SACATEC - Conception fabrication de pi\u00e8ces en caoutchouc technologique","og_description":"Sacatec poss\u00e8de un bureau d'\u00e9tudes, un parc machines diversifi\u00e9 et une capacit\u00e9 de fabrication de m\u00e9langes de caoutchouc qui lui permet de r\u00e9pondre aux demandes industrielles les plus pointues.","og_url":"https:\/\/sacatec.fr\/de\/technische-mittel\/","og_site_name":"sacatec.fr","article_modified_time":"2025-03-14T08:08:18+00:00","twitter_card":"summary_large_image","twitter_misc":{"Gesch\u00e4tzte Lesezeit":"2\u00a0Minuten"},"schema":{"@context":"https:\/\/schema.org","@graph":[{"@type":"WebPage","@id":"https:\/\/sacatec.fr\/de\/technische-mittel\/","url":"https:\/\/sacatec.fr\/de\/technische-mittel\/","name":"SACATEC - Conception fabrication de pi\u00e8ces en caoutchouc technologique","isPartOf":{"@id":"https:\/\/sacatec.fr\/#website"},"datePublished":"2017-07-03T07:03:58+00:00","dateModified":"2025-03-14T08:08:18+00:00","description":"Sacatec poss\u00e8de un bureau d'\u00e9tudes, un parc machines diversifi\u00e9 et une capacit\u00e9 de fabrication de m\u00e9langes de caoutchouc qui lui permet de r\u00e9pondre aux demandes industrielles les plus pointues.","breadcrumb":{"@id":"https:\/\/sacatec.fr\/de\/technische-mittel\/#breadcrumb"},"inLanguage":"de","potentialAction":[{"@type":"ReadAction","target":["https:\/\/sacatec.fr\/de\/technische-mittel\/"]}]},{"@type":"BreadcrumbList","@id":"https:\/\/sacatec.fr\/de\/technische-mittel\/#breadcrumb","itemListElement":[{"@type":"ListItem","position":1,"name":"Accueil","item":"https:\/\/sacatec.fr\/de\/"},{"@type":"ListItem","position":2,"name":"Technische Mittel"}]},{"@type":"WebSite","@id":"https:\/\/sacatec.fr\/#website","url":"https:\/\/sacatec.fr\/","name":"sacatec.fr","description":"LE CAOUTCHOUC TECHNOLOGIQUE","publisher":{"@id":"https:\/\/sacatec.fr\/#organization"},"potentialAction":[{"@type":"SearchAction","target":{"@type":"EntryPoint","urlTemplate":"https:\/\/sacatec.fr\/?s={search_term_string}"},"query-input":{"@type":"PropertyValueSpecification","valueRequired":true,"valueName":"search_term_string"}}],"inLanguage":"de"},{"@type":"Organization","@id":"https:\/\/sacatec.fr\/#organization","name":"Sacatec","url":"https:\/\/sacatec.fr\/","logo":{"@type":"ImageObject","inLanguage":"de","@id":"https:\/\/sacatec.fr\/#\/schema\/logo\/image\/","url":"https:\/\/www.sacatec.fr\/wp-content\/uploads\/2017\/07\/logo-sacatec.jpg","contentUrl":"https:\/\/www.sacatec.fr\/wp-content\/uploads\/2017\/07\/logo-sacatec.jpg","width":506,"height":162,"caption":"Sacatec"},"image":{"@id":"https:\/\/sacatec.fr\/#\/schema\/logo\/image\/"}}]}},"_links":{"self":[{"href":"https:\/\/sacatec.fr\/de\/wp-json\/wp\/v2\/pages\/891","targetHints":{"allow":["GET"]}}],"collection":[{"href":"https:\/\/sacatec.fr\/de\/wp-json\/wp\/v2\/pages"}],"about":[{"href":"https:\/\/sacatec.fr\/de\/wp-json\/wp\/v2\/types\/page"}],"author":[{"embeddable":true,"href":"https:\/\/sacatec.fr\/de\/wp-json\/wp\/v2\/users\/1"}],"replies":[{"embeddable":true,"href":"https:\/\/sacatec.fr\/de\/wp-json\/wp\/v2\/comments?post=891"}],"version-history":[{"count":2,"href":"https:\/\/sacatec.fr\/de\/wp-json\/wp\/v2\/pages\/891\/revisions"}],"predecessor-version":[{"id":1959,"href":"https:\/\/sacatec.fr\/de\/wp-json\/wp\/v2\/pages\/891\/revisions\/1959"}],"wp:attachment":[{"href":"https:\/\/sacatec.fr\/de\/wp-json\/wp\/v2\/media?parent=891"}],"curies":[{"name":"wp","href":"https:\/\/api.w.org\/{rel}","templated":true}]}}