{"id":1191,"date":"2018-04-11T07:17:17","date_gmt":"2018-04-11T05:17:17","guid":{"rendered":"https:\/\/www.sacatec.fr\/technischer-kautschuk\/"},"modified":"2025-08-19T14:31:00","modified_gmt":"2025-08-19T12:31:00","slug":"technischer-kautschuk","status":"publish","type":"page","link":"https:\/\/sacatec.fr\/de\/","title":{"rendered":"TECHNISCHER KAUTSCHUK"},"content":{"rendered":"<p>&nbsp;<\/p>\n<div id=\"slideraccueil\"><div id=\"layerslider_6_1aek5oloerx31\" class=\"ls-wp-container fitvidsignore\" style=\"width:1440px;height:840px;max-width:1440px;margin:0 auto;margin-bottom: 0px;\"><div class=\"ls-slide\" data-ls=\"bgsize:auto;bgposition:50% 50%;duration:4000;transition2d:5;transitionduration:800;\"><img loading=\"lazy\" decoding=\"async\" width=\"1440\" height=\"834\" src=\"https:\/\/sacatec.fr\/wp-content\/uploads\/2018\/04\/sacatec-ferroviaire-caoutchouc.jpg\" class=\"ls-l ls-img-layer\" alt=\"Sacatec ferroviaire\" srcset=\"https:\/\/sacatec.fr\/wp-content\/uploads\/2018\/04\/sacatec-ferroviaire-caoutchouc.jpg 1440w, https:\/\/sacatec.fr\/wp-content\/uploads\/2018\/04\/sacatec-ferroviaire-caoutchouc-300x174.jpg 300w, https:\/\/sacatec.fr\/wp-content\/uploads\/2018\/04\/sacatec-ferroviaire-caoutchouc-768x445.jpg 768w, https:\/\/sacatec.fr\/wp-content\/uploads\/2018\/04\/sacatec-ferroviaire-caoutchouc-1030x597.jpg 1030w, https:\/\/sacatec.fr\/wp-content\/uploads\/2018\/04\/sacatec-ferroviaire-caoutchouc-705x408.jpg 705w, https:\/\/sacatec.fr\/wp-content\/uploads\/2018\/04\/sacatec-ferroviaire-caoutchouc-450x261.jpg 450w\" sizes=\"auto, (max-width: 1440px) 100vw, 1440px\" style=\"top:0x;left:0px;width:1440px;height:840px;\" data-ls=\"position:relative;\"><img loading=\"lazy\" decoding=\"async\" width=\"530\" height=\"239\" src=\"https:\/\/sacatec.fr\/wp-content\/uploads\/2017\/12\/rectangle-blanc-1.jpg\" class=\"ls-l ls-img-layer\" alt=\"\" srcset=\"https:\/\/sacatec.fr\/wp-content\/uploads\/2017\/12\/rectangle-blanc-1.jpg 530w, https:\/\/sacatec.fr\/wp-content\/uploads\/2017\/12\/rectangle-blanc-1-300x135.jpg 300w, https:\/\/sacatec.fr\/wp-content\/uploads\/2017\/12\/rectangle-blanc-1-450x203.jpg 450w\" sizes=\"auto, (max-width: 530px) 100vw, 530px\" style=\"opacity: 0.5;top:50px;left:151px;width:590px;height:239px;\" data-ls=\"hover:true;position:relative;\"><h2 style=\"top:625px;left:150px;font-weight:600;font-size:40px;color:#ffffff;font-family:Helvetica;\" class=\"ls-l ls-text-layer\" data-ls=\"position:relative;\">EISENBAHN<\/h2><h2 style=\"top:148px;left:200px;font-weight:500;font-size:48px;color:#64696e;font-family:Helvetica;\" class=\"ls-l ls-text-layer\" data-ls=\"position:relative;\">IM TECHNISCHEN<\/h2><h2 style=\"top:88px;left:200px;font-weight:500;font-size:48px;color:#ed1248;font-family:Helvetica;\" class=\"ls-l ls-text-layer\" data-ls=\"position:relative;\">SPEZIAL-KNOW-HOW<\/h2><h2 style=\"top:209px;left:200px;font-weight:500;font-size:48px;color:#64696e;font-family:Helvetica;\" class=\"ls-l ls-text-layer\" data-ls=\"position:relative;\">KAUTSCHUK<\/h2><\/div><div class=\"ls-slide\" data-ls=\"duration:4000;transition2d:5;transitionduration:800;\"><img loading=\"lazy\" decoding=\"async\" width=\"1440\" height=\"834\" src=\"https:\/\/sacatec.fr\/wp-content\/uploads\/2018\/04\/sacatec-hydrolique-caoutchouc.jpg\" class=\"ls-l ls-img-layer\" alt=\"Sacatec hydrolique\" srcset=\"https:\/\/sacatec.fr\/wp-content\/uploads\/2018\/04\/sacatec-hydrolique-caoutchouc.jpg 1440w, https:\/\/sacatec.fr\/wp-content\/uploads\/2018\/04\/sacatec-hydrolique-caoutchouc-300x174.jpg 300w, https:\/\/sacatec.fr\/wp-content\/uploads\/2018\/04\/sacatec-hydrolique-caoutchouc-768x445.jpg 768w, https:\/\/sacatec.fr\/wp-content\/uploads\/2018\/04\/sacatec-hydrolique-caoutchouc-1030x597.jpg 1030w, https:\/\/sacatec.fr\/wp-content\/uploads\/2018\/04\/sacatec-hydrolique-caoutchouc-705x408.jpg 705w, https:\/\/sacatec.fr\/wp-content\/uploads\/2018\/04\/sacatec-hydrolique-caoutchouc-450x261.jpg 450w\" sizes=\"auto, (max-width: 1440px) 100vw, 1440px\" style=\"top:0px;left:0px;width:1440px;height:840px;\" data-ls=\"position:relative;\"><img loading=\"lazy\" decoding=\"async\" width=\"530\" height=\"239\" src=\"https:\/\/sacatec.fr\/wp-content\/uploads\/2017\/12\/rectangle-blanc-1.jpg\" class=\"ls-l ls-img-layer\" alt=\"\" srcset=\"https:\/\/sacatec.fr\/wp-content\/uploads\/2017\/12\/rectangle-blanc-1.jpg 530w, https:\/\/sacatec.fr\/wp-content\/uploads\/2017\/12\/rectangle-blanc-1-300x135.jpg 300w, https:\/\/sacatec.fr\/wp-content\/uploads\/2017\/12\/rectangle-blanc-1-450x203.jpg 450w\" sizes=\"auto, (max-width: 530px) 100vw, 530px\" style=\"opacity: 0.7;top:50px;left:149px;width:460px;height:239px;\" data-ls=\"position:relative;\"><h3 style=\"top:625px;left:150px;font-weight:600;font-size:40px;color:#ffffff;font-family:Helvetica;\" class=\"ls-l homeslide2h1 ls-text-layer\" data-ls=\"position:relative;\">HYDRAULIK<\/h3><h2 style=\"top:88px;left:200px;font-weight:500;font-size:48px;color:#ed1248;font-family:Helvetica;\" class=\"ls-l ls-text-layer\" data-ls=\"position:relative;\">KREATIVER<\/h2><h2 style=\"top:148px;left:200px;font-weight:500;font-size:48px;color:#64696e;font-family:Helvetica;\" class=\"ls-l ls-text-layer\" data-ls=\"position:relative;\">TECHNISCHER<\/h2><h2 style=\"top:209px;left:200px;font-weight:500;font-size:48px;color:#64696e;font-family:Helvetica;\" class=\"ls-l ls-text-layer\" data-ls=\"position:relative;\">KAUTSCHUK<\/h2><\/div><div class=\"ls-slide\" data-ls=\"duration:4000;transition2d:5;transitionduration:800;\"><img loading=\"lazy\" decoding=\"async\" width=\"1440\" height=\"834\" src=\"https:\/\/sacatec.fr\/wp-content\/uploads\/2018\/04\/sacatec-travaux-caoutchouc.jpg\" class=\"ls-l ls-img-layer\" alt=\"Sacatec, travaux publics\" srcset=\"https:\/\/sacatec.fr\/wp-content\/uploads\/2018\/04\/sacatec-travaux-caoutchouc.jpg 1440w, https:\/\/sacatec.fr\/wp-content\/uploads\/2018\/04\/sacatec-travaux-caoutchouc-300x174.jpg 300w, https:\/\/sacatec.fr\/wp-content\/uploads\/2018\/04\/sacatec-travaux-caoutchouc-768x445.jpg 768w, https:\/\/sacatec.fr\/wp-content\/uploads\/2018\/04\/sacatec-travaux-caoutchouc-1030x597.jpg 1030w, https:\/\/sacatec.fr\/wp-content\/uploads\/2018\/04\/sacatec-travaux-caoutchouc-705x408.jpg 705w, https:\/\/sacatec.fr\/wp-content\/uploads\/2018\/04\/sacatec-travaux-caoutchouc-450x261.jpg 450w\" sizes=\"auto, (max-width: 1440px) 100vw, 1440px\" style=\"top:0px;left:0px;width:1440px;height:840px;\" data-ls=\"position:relative;\"><img loading=\"lazy\" decoding=\"async\" width=\"530\" height=\"239\" src=\"https:\/\/sacatec.fr\/wp-content\/uploads\/2017\/12\/rectangle-blanc-1.jpg\" class=\"ls-l ls-img-layer\" alt=\"\" srcset=\"https:\/\/sacatec.fr\/wp-content\/uploads\/2017\/12\/rectangle-blanc-1.jpg 530w, https:\/\/sacatec.fr\/wp-content\/uploads\/2017\/12\/rectangle-blanc-1-300x135.jpg 300w, https:\/\/sacatec.fr\/wp-content\/uploads\/2017\/12\/rectangle-blanc-1-450x203.jpg 450w\" sizes=\"auto, (max-width: 530px) 100vw, 530px\" style=\"opacity: 0.5;top:50px;left:149px;width:482px;height:239px;\" data-ls=\"position:relative;\"><h3 style=\"top:625px;left:150px;font-weight:600;font-style:normal;font-size:40px;color:#ffffff;font-family:Helvetica;\" class=\"ls-l ls-text-layer\" data-ls=\"position:relative;\">BAUGEWERBE<\/h3><h2 style=\"top:88px;left:200px;font-weight:500;font-size:48px;color:#ed1248;font-family:Helvetica;\" class=\"ls-l ls-text-layer\" data-ls=\"position:relative;\">NACHHALTIGER<\/h2><h2 style=\"top:148px;left:200px;font-weight:500;font-size:48px;color:#64696e;font-family:Helvetica;\" class=\"ls-l ls-text-layer\" data-ls=\"position:relative;\">TECHNISCHER<\/h2><h3 style=\"top:209px;left:200px;font-weight:500;font-size:48px;color:#64696e;font-family:Helvetica;\" class=\"ls-l ls-text-layer\" data-ls=\"position:relative;\">KAUTSCHUK<\/h3><\/div><div class=\"ls-slide\" data-ls=\"duration:4000;transition2d:5;transitionduration:800;\"><img loading=\"lazy\" decoding=\"async\" width=\"1440\" height=\"834\" src=\"https:\/\/sacatec.fr\/wp-content\/uploads\/2018\/04\/sacatec-defense-caoutchouc.jpg\" class=\"ls-l ls-img-layer\" alt=\"Sacatec d\u00e9fense\" srcset=\"https:\/\/sacatec.fr\/wp-content\/uploads\/2018\/04\/sacatec-defense-caoutchouc.jpg 1440w, https:\/\/sacatec.fr\/wp-content\/uploads\/2018\/04\/sacatec-defense-caoutchouc-300x174.jpg 300w, https:\/\/sacatec.fr\/wp-content\/uploads\/2018\/04\/sacatec-defense-caoutchouc-768x445.jpg 768w, https:\/\/sacatec.fr\/wp-content\/uploads\/2018\/04\/sacatec-defense-caoutchouc-1030x597.jpg 1030w, https:\/\/sacatec.fr\/wp-content\/uploads\/2018\/04\/sacatec-defense-caoutchouc-705x408.jpg 705w, https:\/\/sacatec.fr\/wp-content\/uploads\/2018\/04\/sacatec-defense-caoutchouc-450x261.jpg 450w\" sizes=\"auto, (max-width: 1440px) 100vw, 1440px\" style=\"top:0px;left:0px;width:1440px;height:840px;\" data-ls=\"position:relative;\"><img loading=\"lazy\" decoding=\"async\" width=\"530\" height=\"239\" src=\"https:\/\/sacatec.fr\/wp-content\/uploads\/2017\/12\/rectangle-blanc-1.jpg\" class=\"ls-l ls-img-layer\" alt=\"\" srcset=\"https:\/\/sacatec.fr\/wp-content\/uploads\/2017\/12\/rectangle-blanc-1.jpg 530w, https:\/\/sacatec.fr\/wp-content\/uploads\/2017\/12\/rectangle-blanc-1-300x135.jpg 300w, https:\/\/sacatec.fr\/wp-content\/uploads\/2017\/12\/rectangle-blanc-1-450x203.jpg 450w\" sizes=\"auto, (max-width: 530px) 100vw, 530px\" style=\"opacity: 0.7;top:50px;left:149px;width:452px;height:239px;\" data-ls=\"position:relative;\"><h3 style=\"top:625px;left:150px;font-size:40px;color:#ffffff;font-family:Helvetica;\" class=\"ls-l ls-text-layer\" data-ls=\"position:relative;\">VERTEIDIGUNG<\/h3><h2 style=\"top:88px;left:200px;font-weight:500;font-size:48px;color:#ed1248;font-family:Helvetica;\" class=\"ls-l ls-text-layer\" data-ls=\"position:relative;\">OPTIMIERTER<\/h2><h2 style=\"top:148px;left:200px;font-weight:500;font-size:48px;color:#64696e;font-family:Helvetica;\" class=\"ls-l ls-text-layer\" data-ls=\"position:relative;\">TECHNISCHER<\/h2><h3 style=\"top:209px;left:200px;font-weight:500;font-size:48px;color:#64696e;font-family:Helvetica;\" class=\"ls-l ls-text-layer\" data-ls=\"position:relative;\">KAUTSCHUK<\/h3><\/div><\/div><\/div>\n<div class=\"stopfloat\"><\/div>\n<div id=\"intro\">\n<div id=\"lepositionnement\">\n<h2>SACATEC: DAS MASS DER DINGE IN SACHEN TECHNISCHE KAUTSCHUKTEILE<\/h2>\n<p>Seit \u00fcber 60 Jahren ist die SACATEC Gruppe als einer der wichtigsten Akteure auf dem Gebiet des technischen Kautschuks in Frankreich etabliert. Auch als Entwickler von individuellen Auftragsmischungen von hohem Mehrwert und Hersteller von Formteilen aus Kautschuk produziert die Unternehmensgruppe in hoher Qualit\u00e4t f\u00fcr ebenso anspruchsvolle Industrien wie die Luftfahrt-, R\u00fcstungs- oder Eisenbahnindustrie.<\/p>\n<\/div>\n<div id=\"actu-accueil\">\n<h3>\n<a href=\"https:\/\/sacatec.fr\/en\/news\/\">Hier finden Sie<br \/>\nalle Neuigkeiten<br \/>\nder Gruppe SACATEC<\/a><\/h3>\n<\/div>\n<\/div>\n<div class=\"stopfloat\"><\/div>\n<div id=\"video\">\n<h2>INNOVATION, NACHHALTIGKEIT &#038; EXZELLENZ: Entdecken Sie, wie wir seit 1960 au\u00dfergew\u00f6hnlichen Gummi herstellen<\/h2>\n<div class=\"yt-container\" data-id=\"5aYq82klwTs\">\n<img decoding=\"async\" class=\"yt-thumb img-responsive\" src=\"\/wp-content\/uploads\/2025\/07\/yt-thumb-sacatec.png\"><br \/>\n<span class=\"play-btn\">\u25b6<\/span>\n<\/div>\n<p><a href=\"https:\/\/sacatec.fr\/de\/technische-mittel\/\">\u2039 Mehr \u00fcber unser Know-How erfahren \u203a<\/a><\/p>\n<\/div>\n<div id=\"groupe\">\n<div class=\"h2groupe\">\n<h2>Die SACATEC Gruppe<br \/>\nTECHNOLOGIEZENTREN IN SYNERGIE<\/h2>\n<\/div>\n<div class=\"stopfloat\"><\/div>\n<div class=\"h3groupe\">\n<div class=\"h3sacatec\">\n<h3>SACATEC<\/h3>\n<h4>KONSTRUKTION<\/h4>\n<p>Herstellungsabteilung f\u00fcr Gummiformteile (Entwicklungsb\u00fcro)<\/p>\n<\/div>\n<div class=\"h3saf\">\n<h3>SAF<br \/>\nSACATEC<\/h3>\n<h4>TECHNISCHE<br \/>\nPRODUKTIONSCHEMIE<\/h4>\n<p>Entwicklungsabteilung f\u00fcr Kautschukgemische und individuelle Zubereitungen. Unser Fertigungswerk f\u00fcr Gummiformteile in Klein- und Mittelserien.<br \/>\n.<\/p>\n<\/div>\n<div class=\"h3equipement\">\n<h3>SACATEC<br \/>\n\u00c9QUIPEMENT<\/h3>\n<h4>UMWELTAUSR\u00dcSTUNG<\/h4>\n<p>Unser Konstruktionsplanungs- und Fertigungszentrum f\u00fcr die Installation von Entstaubungssystem f\u00fcr Garanten und Werkhallen (Rauchabf\u00fchrung).<\/p>\n<p><a href=\"http:\/\/www.sacatecequipement.com\" target=\"_blank\" rel=\"noopener\"> \u2039 Erfahren sie mehr \u203a<\/a><\/p>\n<\/div>\n<div class=\"h3spencer\">\n<h3>SPENCER<br \/>\nMOULTON<\/h3>\n<h4>EISENBAHN<\/h4>\n<p>Spencer Moulton, wurde in 1848 gegr\u00fcndet und spezialisiert sich auf die Herstellung von hochtechnologischen Gummiprodukten f\u00fcr den Eisenbahn- sowie Milit\u00e4rbereich.<\/p>\n<p><a href=\"https:\/\/spencermoulton.com\/\" target=\"_blank\" rel=\"noopener\"> \u2039 Erfahren sie mehr \u203a<\/a><\/p>\n<\/div>\n<\/div>\n<\/div>\n<div class=\"stopfloat\"><\/div>\n<div id=\"chiffres\">\n<div class=\"h2chiffres\">\n<h2 class=\"leschiffres\">Die Zahlen<\/h2>\n<\/div>\n<div class=\"stopfloat\"><\/div>\n<div class=\"tsleschiffres\">\n<div class=\"chiffres1\">\n<p>19,6 Mio.\u20ac<br \/>\nJahresumsatz<\/p>\n<p>158<br \/>\nMitarbeiter<\/p>\n<p>800.000<br \/>\nhergestellte Teile<br \/>\npro Jahr<\/p>\n<\/div>\n<div class=\"chiffres2\">\n<p>Export in<br \/>\n45 L\u00e4nder<\/p>\n<p>\u00dcber<br \/>\n3.700 erh\u00e4ltliche<br \/>\nTeile<\/p>\n<\/div>\n<div class=\"chiffres3\">\n<p>36 Formpressen<\/p>\n<\/div>\n<div class=\"chiffres4\">\n<p>11 Spritzpressen<\/p>\n<\/div>\n<div class=\"chiffres5\">\n<p>400 Tonnen<br \/>\nProduktmischungen j\u00e4hrlich,<br \/>\nbei 300 Mischungstypen:<br \/>\n<span class=\"chiffrenorme\">HNBR, EPDM, NR, SBR, NBR, CR, IIR, ECO, PUR, FKM &#038; AEM<\/span><br \/>\n<span class=\"chiffrenorme2\">einige davon kompatibel<br \/>\nmit kerntechnischen Produkten<br \/>\nund Ausr\u00fcstungen (PMUC).<\/span><\/p>\n<\/div>\n<\/div>\n<\/div>\n<div class=\"stopfloat\"><\/div>\n<div id=\"dates\">\n<div class=\"h2dates\">\n<h2>Die Kenndaten<\/h2>\n<p>1960 Gr\u00fcndung von SACATEC<\/p>\n<p class=\"h2datesp2\">1970 Er\u00f6ffnung des Unternehmenssitzes in Claye-Souilly<\/p>\n<p>1977 Erstes Qualit\u00e4tszertifizierung (Verteidigung, SIAR\/RAQ3)<\/p>\n<p class=\"h2datesp2\">1984 Kauf\u00fcbernahme von Jadet \u2013 Gr\u00fcndung von Sacatec Equipement<\/p>\n<p>2003 ISO 9001-Zertifizierung<\/p>\n<p class=\"h2datesp2\">2010 EN9100-Zertifizierung<\/p>\n<p>2015 3-Walzen-Kalander und neue vertikale Spritzgie\u00dfmaschine, Maplan \u2013 320T<\/p>\n<p class=\"h2datesp2\">2017 Erwerb der Blasenspeicher-Sparte von Rotadyne (USA)<\/p>\n<p>2018 Erwerbung der Firma Spencer Moulton<\/p>\n<\/div>\n<\/div>\n<div class=\"stopfloat\"><\/div>\n<div id=\"filetpartenaires\"><\/div>\n<div id=\"partenaires\">\n<div class=\"h2partenaires\">\n<h2 class=\"lespartenaires\">Unsere Partner<\/h2>\n<p class=\"logospartenaires1\">F\u00e9d\u00e9ration des Industries Ferroviaires<\/p>\n<p class=\"logospartenaires2\">Eden<\/p>\n<p class=\"logospartenaires3\">Elastopole<\/p>\n<\/div>\n<\/div>\n","protected":false},"excerpt":{"rendered":"<p>&nbsp; SACATEC: DAS MASS DER DINGE IN SACHEN TECHNISCHE KAUTSCHUKTEILE Seit \u00fcber 60 Jahren ist die SACATEC Gruppe als einer der wichtigsten Akteure auf dem Gebiet des technischen Kautschuks in Frankreich etabliert. Auch als Entwickler von individuellen Auftragsmischungen von hohem Mehrwert und Hersteller von Formteilen aus Kautschuk produziert die Unternehmensgruppe in hoher Qualit\u00e4t f\u00fcr ebenso [&hellip;]<\/p>\n","protected":false},"author":1,"featured_media":0,"parent":0,"menu_order":0,"comment_status":"closed","ping_status":"closed","template":"","meta":{"footnotes":""},"class_list":["post-1191","page","type-page","status-publish","hentry"],"yoast_head":"<!-- This site is optimized with the Yoast SEO plugin v25.9 - https:\/\/yoast.com\/wordpress\/plugins\/seo\/ -->\n<title>Sacatec - technischer kautschuk hohe Leistung<\/title>\n<meta name=\"description\" content=\"Sacatec ist als einer der Hauptakteure in technischem Gummi in Frankreich positioniert. Als Mischkonstrukteur und Designer von Gummiformteilen liefert die Gruppe High-End-Produktion f\u00fcr so anspruchsvolle Branchen wie Luft- und Raumfahrt, R\u00fcstung und Eisenbahn.\" \/>\n<meta name=\"robots\" content=\"index, follow, max-snippet:-1, max-image-preview:large, max-video-preview:-1\" \/>\n<link rel=\"canonical\" href=\"https:\/\/sacatec.fr\/de\/\" \/>\n<meta property=\"og:locale\" content=\"de_DE\" \/>\n<meta property=\"og:type\" content=\"article\" \/>\n<meta property=\"og:title\" content=\"Sacatec - technischer kautschuk hohe Leistung\" \/>\n<meta property=\"og:description\" content=\"Sacatec ist als einer der Hauptakteure in technischem Gummi in Frankreich positioniert. Als Mischkonstrukteur und Designer von Gummiformteilen liefert die Gruppe High-End-Produktion f\u00fcr so anspruchsvolle Branchen wie Luft- und Raumfahrt, R\u00fcstung und Eisenbahn.\" \/>\n<meta property=\"og:url\" content=\"https:\/\/sacatec.fr\/de\/\" \/>\n<meta property=\"og:site_name\" content=\"sacatec.fr\" \/>\n<meta property=\"article:modified_time\" content=\"2025-08-19T12:31:00+00:00\" \/>\n<meta name=\"twitter:card\" content=\"summary_large_image\" \/>\n<meta name=\"twitter:label1\" content=\"Gesch\u00e4tzte Lesezeit\" \/>\n\t<meta name=\"twitter:data1\" content=\"1\u00a0Minute\" \/>\n<script type=\"application\/ld+json\" class=\"yoast-schema-graph\">{\"@context\":\"https:\/\/schema.org\",\"@graph\":[{\"@type\":\"WebPage\",\"@id\":\"https:\/\/sacatec.fr\/de\/\",\"url\":\"https:\/\/sacatec.fr\/de\/\",\"name\":\"Sacatec - technischer kautschuk hohe Leistung\",\"isPartOf\":{\"@id\":\"https:\/\/sacatec.fr\/#website\"},\"datePublished\":\"2018-04-11T05:17:17+00:00\",\"dateModified\":\"2025-08-19T12:31:00+00:00\",\"description\":\"Sacatec ist als einer der Hauptakteure in technischem Gummi in Frankreich positioniert. Als Mischkonstrukteur und Designer von Gummiformteilen liefert die Gruppe High-End-Produktion f\u00fcr so anspruchsvolle Branchen wie Luft- und Raumfahrt, R\u00fcstung und Eisenbahn.\",\"breadcrumb\":{\"@id\":\"https:\/\/sacatec.fr\/de\/#breadcrumb\"},\"inLanguage\":\"de\",\"potentialAction\":[{\"@type\":\"ReadAction\",\"target\":[\"https:\/\/sacatec.fr\/de\/\"]}]},{\"@type\":\"BreadcrumbList\",\"@id\":\"https:\/\/sacatec.fr\/de\/#breadcrumb\",\"itemListElement\":[{\"@type\":\"ListItem\",\"position\":1,\"name\":\"Accueil\",\"item\":\"https:\/\/sacatec.fr\/de\/\"},{\"@type\":\"ListItem\",\"position\":2,\"name\":\"TECHNISCHER KAUTSCHUK\"}]},{\"@type\":\"WebSite\",\"@id\":\"https:\/\/sacatec.fr\/#website\",\"url\":\"https:\/\/sacatec.fr\/\",\"name\":\"sacatec.fr\",\"description\":\"LE CAOUTCHOUC TECHNOLOGIQUE\",\"publisher\":{\"@id\":\"https:\/\/sacatec.fr\/#organization\"},\"potentialAction\":[{\"@type\":\"SearchAction\",\"target\":{\"@type\":\"EntryPoint\",\"urlTemplate\":\"https:\/\/sacatec.fr\/?s={search_term_string}\"},\"query-input\":{\"@type\":\"PropertyValueSpecification\",\"valueRequired\":true,\"valueName\":\"search_term_string\"}}],\"inLanguage\":\"de\"},{\"@type\":\"Organization\",\"@id\":\"https:\/\/sacatec.fr\/#organization\",\"name\":\"Sacatec\",\"url\":\"https:\/\/sacatec.fr\/\",\"logo\":{\"@type\":\"ImageObject\",\"inLanguage\":\"de\",\"@id\":\"https:\/\/sacatec.fr\/#\/schema\/logo\/image\/\",\"url\":\"https:\/\/www.sacatec.fr\/wp-content\/uploads\/2017\/07\/logo-sacatec.jpg\",\"contentUrl\":\"https:\/\/www.sacatec.fr\/wp-content\/uploads\/2017\/07\/logo-sacatec.jpg\",\"width\":506,\"height\":162,\"caption\":\"Sacatec\"},\"image\":{\"@id\":\"https:\/\/sacatec.fr\/#\/schema\/logo\/image\/\"}}]}<\/script>\n<!-- \/ Yoast SEO plugin. -->","yoast_head_json":{"title":"Sacatec - technischer kautschuk hohe Leistung","description":"Sacatec ist als einer der Hauptakteure in technischem Gummi in Frankreich positioniert. Als Mischkonstrukteur und Designer von Gummiformteilen liefert die Gruppe High-End-Produktion f\u00fcr so anspruchsvolle Branchen wie Luft- und Raumfahrt, R\u00fcstung und Eisenbahn.","robots":{"index":"index","follow":"follow","max-snippet":"max-snippet:-1","max-image-preview":"max-image-preview:large","max-video-preview":"max-video-preview:-1"},"canonical":"https:\/\/sacatec.fr\/de\/","og_locale":"de_DE","og_type":"article","og_title":"Sacatec - technischer kautschuk hohe Leistung","og_description":"Sacatec ist als einer der Hauptakteure in technischem Gummi in Frankreich positioniert. Als Mischkonstrukteur und Designer von Gummiformteilen liefert die Gruppe High-End-Produktion f\u00fcr so anspruchsvolle Branchen wie Luft- und Raumfahrt, R\u00fcstung und Eisenbahn.","og_url":"https:\/\/sacatec.fr\/de\/","og_site_name":"sacatec.fr","article_modified_time":"2025-08-19T12:31:00+00:00","twitter_card":"summary_large_image","twitter_misc":{"Gesch\u00e4tzte Lesezeit":"1\u00a0Minute"},"schema":{"@context":"https:\/\/schema.org","@graph":[{"@type":"WebPage","@id":"https:\/\/sacatec.fr\/de\/","url":"https:\/\/sacatec.fr\/de\/","name":"Sacatec - technischer kautschuk hohe Leistung","isPartOf":{"@id":"https:\/\/sacatec.fr\/#website"},"datePublished":"2018-04-11T05:17:17+00:00","dateModified":"2025-08-19T12:31:00+00:00","description":"Sacatec ist als einer der Hauptakteure in technischem Gummi in Frankreich positioniert. Als Mischkonstrukteur und Designer von Gummiformteilen liefert die Gruppe High-End-Produktion f\u00fcr so anspruchsvolle Branchen wie Luft- und Raumfahrt, R\u00fcstung und Eisenbahn.","breadcrumb":{"@id":"https:\/\/sacatec.fr\/de\/#breadcrumb"},"inLanguage":"de","potentialAction":[{"@type":"ReadAction","target":["https:\/\/sacatec.fr\/de\/"]}]},{"@type":"BreadcrumbList","@id":"https:\/\/sacatec.fr\/de\/#breadcrumb","itemListElement":[{"@type":"ListItem","position":1,"name":"Accueil","item":"https:\/\/sacatec.fr\/de\/"},{"@type":"ListItem","position":2,"name":"TECHNISCHER KAUTSCHUK"}]},{"@type":"WebSite","@id":"https:\/\/sacatec.fr\/#website","url":"https:\/\/sacatec.fr\/","name":"sacatec.fr","description":"LE CAOUTCHOUC TECHNOLOGIQUE","publisher":{"@id":"https:\/\/sacatec.fr\/#organization"},"potentialAction":[{"@type":"SearchAction","target":{"@type":"EntryPoint","urlTemplate":"https:\/\/sacatec.fr\/?s={search_term_string}"},"query-input":{"@type":"PropertyValueSpecification","valueRequired":true,"valueName":"search_term_string"}}],"inLanguage":"de"},{"@type":"Organization","@id":"https:\/\/sacatec.fr\/#organization","name":"Sacatec","url":"https:\/\/sacatec.fr\/","logo":{"@type":"ImageObject","inLanguage":"de","@id":"https:\/\/sacatec.fr\/#\/schema\/logo\/image\/","url":"https:\/\/www.sacatec.fr\/wp-content\/uploads\/2017\/07\/logo-sacatec.jpg","contentUrl":"https:\/\/www.sacatec.fr\/wp-content\/uploads\/2017\/07\/logo-sacatec.jpg","width":506,"height":162,"caption":"Sacatec"},"image":{"@id":"https:\/\/sacatec.fr\/#\/schema\/logo\/image\/"}}]}},"_links":{"self":[{"href":"https:\/\/sacatec.fr\/de\/wp-json\/wp\/v2\/pages\/1191","targetHints":{"allow":["GET"]}}],"collection":[{"href":"https:\/\/sacatec.fr\/de\/wp-json\/wp\/v2\/pages"}],"about":[{"href":"https:\/\/sacatec.fr\/de\/wp-json\/wp\/v2\/types\/page"}],"author":[{"embeddable":true,"href":"https:\/\/sacatec.fr\/de\/wp-json\/wp\/v2\/users\/1"}],"replies":[{"embeddable":true,"href":"https:\/\/sacatec.fr\/de\/wp-json\/wp\/v2\/comments?post=1191"}],"version-history":[{"count":15,"href":"https:\/\/sacatec.fr\/de\/wp-json\/wp\/v2\/pages\/1191\/revisions"}],"predecessor-version":[{"id":2181,"href":"https:\/\/sacatec.fr\/de\/wp-json\/wp\/v2\/pages\/1191\/revisions\/2181"}],"wp:attachment":[{"href":"https:\/\/sacatec.fr\/de\/wp-json\/wp\/v2\/media?parent=1191"}],"curies":[{"name":"wp","href":"https:\/\/api.w.org\/{rel}","templated":true}]}}